{"id":878,"date":"2019-03-14T18:53:43","date_gmt":"2019-03-14T18:53:43","guid":{"rendered":"http:\/\/gws-offshore.rhome.lv\/?page_id=878"},"modified":"2025-06-30T09:04:37","modified_gmt":"2025-06-30T07:04:37","slug":"firmengruendung-in-der-schweiz","status":"publish","type":"page","link":"https:\/\/gws-offshore.com\/de\/firmengruendung-in-der-schweiz\/","title":{"rendered":"Firmengr\u00fcndung in der Schweiz"},"content":{"rendered":"\t\t<div data-elementor-type=\"wp-page\" data-elementor-id=\"878\" class=\"elementor elementor-878 elementor-874\" data-elementor-post-type=\"page\">\n\t\t\t\t<div class=\"elementor-element elementor-element-5e7317c e-flex e-con-boxed e-con e-parent\" data-id=\"5e7317c\" data-element_type=\"container\" data-e-type=\"container\" data-settings=\"{&quot;background_background&quot;:&quot;classic&quot;}\">\n\t\t\t\t\t<div class=\"e-con-inner\">\n\t\t<div class=\"elementor-element elementor-element-527b4af e-con-full e-flex e-con e-child\" data-id=\"527b4af\" data-element_type=\"container\" data-e-type=\"container\">\n\t\t\t\t<div class=\"elementor-element elementor-element-769810f elementor-invisible elementor-widget elementor-widget-heading\" data-id=\"769810f\" data-element_type=\"widget\" data-e-type=\"widget\" data-settings=\"{&quot;_animation&quot;:&quot;fadeIn&quot;}\" data-widget_type=\"heading.default\">\n\t\t\t\t<div class=\"elementor-widget-container\">\n\t\t\t\t\t<h1 class=\"elementor-heading-title elementor-size-default\">Firmengr\u00fcndung in der Schweiz<\/h1>\t\t\t\t<\/div>\n\t\t\t\t<\/div>\n\t\t\t\t<\/div>\n\t\t\t\t\t<\/div>\n\t\t\t\t<\/div>\n\t\t<div class=\"elementor-element elementor-element-7954cd1 e-flex e-con-boxed e-con e-parent\" data-id=\"7954cd1\" data-element_type=\"container\" data-e-type=\"container\">\n\t\t\t\t\t<div class=\"e-con-inner\">\n\t\t\t\t<div class=\"elementor-element elementor-element-454e4f2 elementor-widget elementor-widget-heading\" data-id=\"454e4f2\" data-element_type=\"widget\" data-e-type=\"widget\" data-widget_type=\"heading.default\">\n\t\t\t\t<div class=\"elementor-widget-container\">\n\t\t\t\t\t<h4 class=\"elementor-heading-title elementor-size-default\">Schweizer Offshore-Firmengr\u00fcndung<\/h4>\t\t\t\t<\/div>\n\t\t\t\t<\/div>\n\t\t\t\t<div class=\"elementor-element elementor-element-e01a5b9 animated-slow elementor-invisible elementor-widget elementor-widget-text-editor\" data-id=\"e01a5b9\" data-element_type=\"widget\" data-e-type=\"widget\" data-settings=\"{&quot;_animation&quot;:&quot;fadeIn&quot;}\" data-widget_type=\"text-editor.default\">\n\t\t\t\t<div class=\"elementor-widget-container\">\n\t\t\t\t\t\t\t\t\t<ul><li><a href=\"https:\/\/gws-offshore.com\/de\/gebuhrenubersicht-2\/\">Jurisdiktion in unserer Kosten\u00fcbersicht <\/a><\/li><li><a href=\"https:\/\/gws-offshore.com\/de\/lander\/\">List of Jurisdictions<\/a><\/li><\/ul>\t\t\t\t\t\t\t\t<\/div>\n\t\t\t\t<\/div>\n\t\t\t\t\t<\/div>\n\t\t\t\t<\/div>\n\t\t<div class=\"elementor-element elementor-element-f625a4e e-flex e-con-boxed e-con e-parent\" data-id=\"f625a4e\" data-element_type=\"container\" data-e-type=\"container\">\n\t\t\t\t\t<div class=\"e-con-inner\">\n\t\t<div class=\"elementor-element elementor-element-81b3ee2 e-con-full e-flex e-con e-child\" data-id=\"81b3ee2\" data-element_type=\"container\" data-e-type=\"container\" data-settings=\"{&quot;background_background&quot;:&quot;slideshow&quot;,&quot;background_slideshow_gallery&quot;:[{&quot;id&quot;:3006,&quot;url&quot;:&quot;https:\\\/\\\/gws-offshore.com\\\/wp-content\\\/uploads\\\/2025\\\/04\\\/switzerland-offshore-company-3.jpg&quot;},{&quot;id&quot;:3008,&quot;url&quot;:&quot;https:\\\/\\\/gws-offshore.com\\\/wp-content\\\/uploads\\\/2025\\\/04\\\/switzerland-offshore-company-4.jpg&quot;},{&quot;id&quot;:3004,&quot;url&quot;:&quot;https:\\\/\\\/gws-offshore.com\\\/wp-content\\\/uploads\\\/2025\\\/04\\\/switzerland-offshore-company-2.jpg&quot;},{&quot;id&quot;:3002,&quot;url&quot;:&quot;https:\\\/\\\/gws-offshore.com\\\/wp-content\\\/uploads\\\/2025\\\/04\\\/switzerland-offshore-company-1.jpg&quot;}],&quot;background_slideshow_loop&quot;:&quot;yes&quot;,&quot;background_slideshow_slide_duration&quot;:5000,&quot;background_slideshow_slide_transition&quot;:&quot;fade&quot;,&quot;background_slideshow_transition_duration&quot;:500}\">\n\t\t\t\t<div class=\"elementor-element elementor-element-43bbb86 elementor-widget elementor-widget-heading\" data-id=\"43bbb86\" data-element_type=\"widget\" data-e-type=\"widget\" data-widget_type=\"heading.default\">\n\t\t\t\t<div class=\"elementor-widget-container\">\n\t\t\t\t\t<h2 class=\"elementor-heading-title elementor-size-default\">Ihre Vorteile:<\/h2>\t\t\t\t<\/div>\n\t\t\t\t<\/div>\n\t\t\t\t<div class=\"elementor-element elementor-element-1a6867b elementor-widget elementor-widget-text-editor\" data-id=\"1a6867b\" data-element_type=\"widget\" data-e-type=\"widget\" data-widget_type=\"text-editor.default\">\n\t\t\t\t<div class=\"elementor-widget-container\">\n\t\t\t\t\t\t\t\t\t<p>Schnelle und einfache Firmengr\u00fcndung in der Schweiz<\/p><p>Ein pers\u00f6nlicher Kundenberater \u2013 365 Tage im Jahr<\/p><p>Ein garantiertes Bankkonto, Onlinebanking und Kreditkarte<\/p><p>Firmengr\u00fcndung bereits ab\u00a0<strong>5,490 USD<\/strong><\/p>\t\t\t\t\t\t\t\t<\/div>\n\t\t\t\t<\/div>\n\t\t<div class=\"elementor-element elementor-element-9739eb9 e-con-full e-flex e-con e-child\" data-id=\"9739eb9\" data-element_type=\"container\" data-e-type=\"container\">\n\t\t\t\t<div class=\"elementor-element elementor-element-4750579 elementor-align-left elementor-widget elementor-widget-button\" data-id=\"4750579\" data-element_type=\"widget\" data-e-type=\"widget\" data-widget_type=\"button.default\">\n\t\t\t\t<div class=\"elementor-widget-container\">\n\t\t\t\t\t\t\t\t\t<div class=\"elementor-button-wrapper\">\n\t\t\t\t\t<a class=\"elementor-button elementor-button-link elementor-size-sm\" href=\"https:\/\/gws-offshore.com\/\/de\/kontakt\/\">\n\t\t\t\t\t\t<span class=\"elementor-button-content-wrapper\">\n\t\t\t\t\t\t\t\t\t<span class=\"elementor-button-text\">Kontakt<\/span>\n\t\t\t\t\t<\/span>\n\t\t\t\t\t<\/a>\n\t\t\t\t<\/div>\n\t\t\t\t\t\t\t\t<\/div>\n\t\t\t\t<\/div>\n\t\t\t\t<\/div>\n\t\t\t\t<\/div>\n\t\t\t\t\t<\/div>\n\t\t\t\t<\/div>\n\t\t<div class=\"elementor-element elementor-element-e2d0791 animated-slow e-flex e-con-boxed elementor-invisible e-con e-parent\" data-id=\"e2d0791\" data-element_type=\"container\" data-e-type=\"container\" data-settings=\"{&quot;animation&quot;:&quot;fadeIn&quot;}\">\n\t\t\t\t\t<div class=\"e-con-inner\">\n\t\t\t\t<div class=\"elementor-element elementor-element-61926b9 elementor-widget elementor-widget-text-editor\" data-id=\"61926b9\" data-element_type=\"widget\" data-e-type=\"widget\" data-widget_type=\"text-editor.default\">\n\t\t\t\t<div class=\"elementor-widget-container\">\n\t\t\t\t\t\t\t\t\t<p><span id=\"result_box\" class=\"\" lang=\"de\"><span title=\"Switzerland lies in the heart of Europe.\">Die Schweiz liegt im Herzen Europas und\u00a0<\/span><span title=\"It has the highest nominal wealth per adult in the world, according to Credit Suisse and the eighth-highest per capita gross domestic product. \">hat, gem\u00e4\u00df\u00a0Credit Suisse, den weltweit h\u00f6chsten nominelle Wohlstand pro erwachsenen Einwohner\u00a0\u00a0und das achth\u00f6chste Pro-Kopf-Bruttoinlandsprodukt.<\/span><\/span><\/p><p><span id=\"result_box\" class=\"\" lang=\"de\"><span title=\"This wealthy and stable nation is globally known for its renowned banking sector and low taxation.\">Dieses wohlhabende und stabile Land ist weltweit f\u00fcr seinen renommierten Bankensektor und die niedrige Besteuerung bekannt. Schweizer Unternehmen werden\u00a0auf drei Ebenen besteuert:\u00a0<\/span><span title=\"Swiss companies are taxed on three levels: federal, cantonal, and communal (municipal).\">Bundes-, Kantons- und Gemeindeebene (kommunale Ebene), wobei die bundessteuer bei nur\u00a0<\/span><span title=\"The Swiss federal tax rate is only 8.5 percent.\">8,5 Prozent liegt.\u00a0<\/span><span title=\"In addition to that, low cantonal taxes apply. \">Dar\u00fcber hinaus gelten niedrigen Kantonssteuern.<\/span><\/span><\/p><p>Da die einzelnen Kantone mit niedrigen Steuers\u00e4tzen mieinander konkurrieren, um mehr Unternehmen anzuziehen, kann der Steuersatz zwischen 14% und 25% variiren.\u00a0<span id=\"result_box\" class=\"\" lang=\"de\"><span title=\"The canton of Zug in the German speaking part of Switzerland has one of the lowest cantonal tax rates.\">Der Kanton Zug im deutschsprachigen Teil der Schweiz hat eine der niedrigsten kantonalen Steuers\u00e4tze.\u00a0<\/span><span title=\"It is possible to reach an effective tax rate of far less than 10 percent. \">Es ist m\u00f6glich, einen effektiven Steuersatz von deutlich weniger als 10 Prozent zu erreichen.<\/span><\/span><\/p>\t\t\t\t\t\t\t\t<\/div>\n\t\t\t\t<\/div>\n\t\t\t\t<div class=\"elementor-element elementor-element-cb30e09 animated-slow elementor-invisible elementor-widget elementor-widget-heading\" data-id=\"cb30e09\" data-element_type=\"widget\" data-e-type=\"widget\" data-settings=\"{&quot;_animation&quot;:&quot;fadeIn&quot;}\" data-widget_type=\"heading.default\">\n\t\t\t\t<div class=\"elementor-widget-container\">\n\t\t\t\t\t<h4 class=\"elementor-heading-title elementor-size-default\">Gesellschaftstypen:<\/h4>\t\t\t\t<\/div>\n\t\t\t\t<\/div>\n\t\t\t\t<div class=\"elementor-element elementor-element-dc3064e animated-slow elementor-invisible elementor-widget elementor-widget-text-editor\" data-id=\"dc3064e\" data-element_type=\"widget\" data-e-type=\"widget\" data-settings=\"{&quot;_animation&quot;:&quot;fadeIn&quot;}\" data-widget_type=\"text-editor.default\">\n\t\t\t\t<div class=\"elementor-widget-container\">\n\t\t\t\t\t\t\t\t\t<ul><li>AG \u2013 Aktiengesellschaft (public limited company):\u00a0<span id=\"result_box\" class=\"\" lang=\"de\"><span title=\"AG - Aktiengesellschaft - public limited company: This is the most trusted and prestigious legal form in Switzerland.\">Dies ist die bekannteste\u00a0und renommierteste Rechtsform in der Schweiz.\u00a0<\/span><span title=\"The share capital must be at least 100,000 CHF, of which 50,000 CHF must be paid up during formation.\">Das Aktienkapital muss mindestens CHF 100,000 betragen, wovon CHF 50,000 w\u00e4hrend der Gr\u00fcndung eingezahlt werden m\u00fcssen. Die Gesellschaften sind verpflichtet, ihre Jahresberichte einzureichen.<\/span><\/span><\/li><li>GmbH \u2013 Gesellschaft mit beschr\u00e4nkter Haftung: Diese Gesellschaft ist von Aktien beschr\u00e4nkt, mit einem Mindestkapital von CHF 20,000, das vollst\u00e4ndig eingezahlt werden muss. \u00a0ie Gesellschaften sind verpflichtet, ihre Jahresberichte einzureichen.<\/li><\/ul>\t\t\t\t\t\t\t\t<\/div>\n\t\t\t\t<\/div>\n\t\t\t\t<div class=\"elementor-element elementor-element-2fefa80 elementor-widget elementor-widget-heading\" data-id=\"2fefa80\" data-element_type=\"widget\" data-e-type=\"widget\" data-widget_type=\"heading.default\">\n\t\t\t\t<div class=\"elementor-widget-container\">\n\t\t\t\t\t<h4 class=\"elementor-heading-title elementor-size-default\">Kosten einer Schweizer Offshore-Gesellschaft:<\/h4>\t\t\t\t<\/div>\n\t\t\t\t<\/div>\n\t\t\t\t<div class=\"elementor-element elementor-element-4a941fb elementor-widget elementor-widget-text-editor\" data-id=\"4a941fb\" data-element_type=\"widget\" data-e-type=\"widget\" data-widget_type=\"text-editor.default\">\n\t\t\t\t<div class=\"elementor-widget-container\">\n\t\t\t\t\t\t\t\t\t<p>Gr\u00fcnden Sie Ihre Offshore-Gesellschaft in der Schweiz ab <strong>5,490\u202fUSD<\/strong> \u2013 mit voller Unterst\u00fctzung und pers\u00f6nlichem Ansprechpartner durch GWS.<\/p>\t\t\t\t\t\t\t\t<\/div>\n\t\t\t\t<\/div>\n\t\t\t\t<div class=\"elementor-element elementor-element-b87aaf3 elementor-icon-list--layout-traditional elementor-list-item-link-full_width elementor-widget elementor-widget-icon-list\" data-id=\"b87aaf3\" data-element_type=\"widget\" data-e-type=\"widget\" data-widget_type=\"icon-list.default\">\n\t\t\t\t<div class=\"elementor-widget-container\">\n\t\t\t\t\t\t\t<ul class=\"elementor-icon-list-items\">\n\t\t\t\t\t\t\t<li class=\"elementor-icon-list-item\">\n\t\t\t\t\t\t\t\t\t\t\t<a href=\"https:\/\/gws-offshore.com\/de\/kontakt\/\">\n\n\t\t\t\t\t\t\t\t\t\t\t\t<span class=\"elementor-icon-list-icon\">\n\t\t\t\t\t\t\t<svg aria-hidden=\"true\" class=\"e-font-icon-svg e-fas-arrow-alt-circle-right\" viewBox=\"0 0 512 512\" xmlns=\"http:\/\/www.w3.org\/2000\/svg\"><path d=\"M256 8c137 0 248 111 248 248S393 504 256 504 8 393 8 256 119 8 256 8zM140 300h116v70.9c0 10.7 13 16.1 20.5 8.5l114.3-114.9c4.7-4.7 4.7-12.2 0-16.9l-114.3-115c-7.6-7.6-20.5-2.2-20.5 8.5V212H140c-6.6 0-12 5.4-12 12v64c0 6.6 5.4 12 12 12z\"><\/path><\/svg>\t\t\t\t\t\t<\/span>\n\t\t\t\t\t\t\t\t\t\t<span class=\"elementor-icon-list-text\">Ihr pers\u00f6nlicher Kundenberater ber\u00e4t Sie gerne zum Thema Firmengr\u00fcndungen<\/span>\n\t\t\t\t\t\t\t\t\t\t\t<\/a>\n\t\t\t\t\t\t\t\t\t<\/li>\n\t\t\t\t\t\t<\/ul>\n\t\t\t\t\t\t<\/div>\n\t\t\t\t<\/div>\n\t\t\t\t\t<\/div>\n\t\t\t\t<\/div>\n\t\t\t\t<\/div>\n\t\t","protected":false},"excerpt":{"rendered":"<p>Firmengr\u00fcndung in der Schweiz Schweizer Offshore-Firmengr\u00fcndung Jurisdiktion in unserer Kosten\u00fcbersicht List of Jurisdictions Ihre Vorteile: Schnelle und einfache Firmengr\u00fcndung in der Schweiz Ein pers\u00f6nlicher Kundenberater \u2013 365 Tage im Jahr Ein garantiertes Bankkonto, Onlinebanking und Kreditkarte Firmengr\u00fcndung bereits ab\u00a05,490 USD Kontakt Die Schweiz liegt im Herzen Europas und\u00a0hat, gem\u00e4\u00df\u00a0Credit Suisse, den weltweit h\u00f6chsten nominelle Wohlstand [&hellip;]<\/p>\n","protected":false},"author":3,"featured_media":0,"parent":0,"menu_order":0,"comment_status":"closed","ping_status":"closed","template":"","meta":{"_acf_changed":false,"site-sidebar-layout":"no-sidebar","site-content-layout":"","ast-site-content-layout":"full-width-container","site-content-style":"unboxed","site-sidebar-style":"unboxed","ast-global-header-display":"","ast-banner-title-visibility":"","ast-main-header-display":"","ast-hfb-above-header-display":"","ast-hfb-below-header-display":"","ast-hfb-mobile-header-display":"","site-post-title":"disabled","ast-breadcrumbs-content":"","ast-featured-img":"disabled","footer-sml-layout":"","theme-transparent-header-meta":"default","adv-header-id-meta":"","stick-header-meta":"","header-above-stick-meta":"","header-main-stick-meta":"","header-below-stick-meta":"","astra-migrate-meta-layouts":"set","ast-page-background-enabled":"default","ast-page-background-meta":{"desktop":{"background-color":"","background-image":"","background-repeat":"repeat","background-position":"center center","background-size":"auto","background-attachment":"scroll","background-type":"","background-media":"","overlay-type":"","overlay-color":"","overlay-opacity":"","overlay-gradient":""},"tablet":{"background-color":"","background-image":"","background-repeat":"repeat","background-position":"center center","background-size":"auto","background-attachment":"scroll","background-type":"","background-media":"","overlay-type":"","overlay-color":"","overlay-opacity":"","overlay-gradient":""},"mobile":{"background-color":"","background-image":"","background-repeat":"repeat","background-position":"center center","background-size":"auto","background-attachment":"scroll","background-type":"","background-media":"","overlay-type":"","overlay-color":"","overlay-opacity":"","overlay-gradient":""}},"ast-content-background-meta":{"desktop":{"background-color":"var(--ast-global-color-5)","background-image":"","background-repeat":"repeat","background-position":"center center","background-size":"auto","background-attachment":"scroll","background-type":"","background-media":"","overlay-type":"","overlay-color":"","overlay-opacity":"","overlay-gradient":""},"tablet":{"background-color":"var(--ast-global-color-5)","background-image":"","background-repeat":"repeat","background-position":"center center","background-size":"auto","background-attachment":"scroll","background-type":"","background-media":"","overlay-type":"","overlay-color":"","overlay-opacity":"","overlay-gradient":""},"mobile":{"background-color":"var(--ast-global-color-5)","background-image":"","background-repeat":"repeat","background-position":"center center","background-size":"auto","background-attachment":"scroll","background-type":"","background-media":"","overlay-type":"","overlay-color":"","overlay-opacity":"","overlay-gradient":""}},"footnotes":""},"class_list":["post-878","page","type-page","status-publish","hentry"],"acf":[],"_links":{"self":[{"href":"https:\/\/gws-offshore.com\/de\/wp-json\/wp\/v2\/pages\/878","targetHints":{"allow":["GET"]}}],"collection":[{"href":"https:\/\/gws-offshore.com\/de\/wp-json\/wp\/v2\/pages"}],"about":[{"href":"https:\/\/gws-offshore.com\/de\/wp-json\/wp\/v2\/types\/page"}],"author":[{"embeddable":true,"href":"https:\/\/gws-offshore.com\/de\/wp-json\/wp\/v2\/users\/3"}],"replies":[{"embeddable":true,"href":"https:\/\/gws-offshore.com\/de\/wp-json\/wp\/v2\/comments?post=878"}],"version-history":[{"count":10,"href":"https:\/\/gws-offshore.com\/de\/wp-json\/wp\/v2\/pages\/878\/revisions"}],"predecessor-version":[{"id":4720,"href":"https:\/\/gws-offshore.com\/de\/wp-json\/wp\/v2\/pages\/878\/revisions\/4720"}],"wp:attachment":[{"href":"https:\/\/gws-offshore.com\/de\/wp-json\/wp\/v2\/media?parent=878"}],"curies":[{"name":"wp","href":"https:\/\/api.w.org\/{rel}","templated":true}]}}