{"id":868,"date":"2019-03-14T18:46:27","date_gmt":"2019-03-14T18:46:27","guid":{"rendered":"http:\/\/gws-offshore.rhome.lv\/?page_id=868"},"modified":"2025-07-14T14:18:49","modified_gmt":"2025-07-14T12:18:49","slug":"daten-und-fakten-zu-offshore-firmen-auf-den-seychellen","status":"publish","type":"page","link":"https:\/\/gws-offshore.com\/de\/daten-und-fakten-zu-offshore-firmen-auf-den-seychellen\/","title":{"rendered":"Daten und Fakten zu Offshore-Firmen auf den Seychellen"},"content":{"rendered":"\t\t<div data-elementor-type=\"wp-page\" data-elementor-id=\"868\" class=\"elementor elementor-868 elementor-866\" data-elementor-post-type=\"page\">\n\t\t\t\t<div class=\"elementor-element elementor-element-7016f15 e-flex e-con-boxed e-con e-parent\" data-id=\"7016f15\" data-element_type=\"container\" data-e-type=\"container\" data-settings=\"{&quot;background_background&quot;:&quot;classic&quot;}\">\n\t\t\t\t\t<div class=\"e-con-inner\">\n\t\t<div class=\"elementor-element elementor-element-d2b86c1 e-con-full e-flex e-con e-child\" data-id=\"d2b86c1\" data-element_type=\"container\" data-e-type=\"container\">\n\t\t\t\t<div class=\"elementor-element elementor-element-62d5fd8 elementor-invisible elementor-widget elementor-widget-heading\" data-id=\"62d5fd8\" data-element_type=\"widget\" data-e-type=\"widget\" data-settings=\"{&quot;_animation&quot;:&quot;fadeIn&quot;}\" data-widget_type=\"heading.default\">\n\t\t\t\t<div class=\"elementor-widget-container\">\n\t\t\t\t\t<h1 class=\"elementor-heading-title elementor-size-default\">Daten und Fakten zu Offshore-Firmen auf den Seychellen<\/h1>\t\t\t\t<\/div>\n\t\t\t\t<\/div>\n\t\t\t\t<\/div>\n\t\t\t\t\t<\/div>\n\t\t\t\t<\/div>\n\t\t<div class=\"elementor-element elementor-element-64d415d e-flex e-con-boxed e-con e-parent\" data-id=\"64d415d\" data-element_type=\"container\" data-e-type=\"container\">\n\t\t\t\t\t<div class=\"e-con-inner\">\n\t\t\t\t<div class=\"elementor-element elementor-element-047f391 elementor-widget elementor-widget-heading\" data-id=\"047f391\" data-element_type=\"widget\" data-e-type=\"widget\" data-widget_type=\"heading.default\">\n\t\t\t\t<div class=\"elementor-widget-container\">\n\t\t\t\t\t<h4 class=\"elementor-heading-title elementor-size-default\">Highlights Einer offshore-Firma Auf Den Seychellen<\/h4>\t\t\t\t<\/div>\n\t\t\t\t<\/div>\n\t\t\t\t<div class=\"elementor-element elementor-element-85af6dc animated-slow elementor-invisible elementor-widget elementor-widget-text-editor\" data-id=\"85af6dc\" data-element_type=\"widget\" data-e-type=\"widget\" data-settings=\"{&quot;_animation&quot;:&quot;fadeIn&quot;}\" data-widget_type=\"text-editor.default\">\n\t\t\t\t<div class=\"elementor-widget-container\">\n\t\t\t\t\t\t\t\t\t<ul><li>Ausgezeichnetes Gesellschafts- und Aktienrecht<\/li><li>Flexible Gesetzgebung f\u00fcr Unternehmen<\/li><li>Keine Besteuerung f\u00fcr internationale Transaktionen und Banktransaktionen<\/li><li>Keine Verordnungen bez\u00fcglich Devisenkontrolle<\/li><li>Politische und wirtschaftliche Stabilit\u00e4t<\/li><li>Reisem\u00f6glichkeiten mit den weltweit gr\u00f6\u00dften Fluggesellschaften<\/li><li>Hervorragendes Angebot an Hotelunterk\u00fcnften<\/li><li>Ausgezeichnete weltweit vernetzte Kommunikationsm\u00f6glichkeiten<\/li><li>Qualifiziertes Personal<\/li><li>Keine Kapitalertrags- bzw. Einkommenssteuer oder sonstige Besteuerung<\/li><\/ul>\t\t\t\t\t\t\t\t<\/div>\n\t\t\t\t<\/div>\n\t\t\t\t\t<\/div>\n\t\t\t\t<\/div>\n\t\t<div class=\"elementor-element elementor-element-fcd23e4 e-flex e-con-boxed e-con e-parent\" data-id=\"fcd23e4\" data-element_type=\"container\" data-e-type=\"container\">\n\t\t\t\t\t<div class=\"e-con-inner\">\n\t\t\t\t<div class=\"elementor-element elementor-element-37283f2 elementor-widget elementor-widget-heading\" data-id=\"37283f2\" data-element_type=\"widget\" data-e-type=\"widget\" data-widget_type=\"heading.default\">\n\t\t\t\t<div class=\"elementor-widget-container\">\n\t\t\t\t\t<h4 class=\"elementor-heading-title elementor-size-default\">Eckdaten<\/h4>\t\t\t\t<\/div>\n\t\t\t\t<\/div>\n\t\t\t\t\t<\/div>\n\t\t\t\t<\/div>\n\t\t<div class=\"elementor-element elementor-element-237021d2 e-flex e-con-boxed e-con e-parent\" data-id=\"237021d2\" data-element_type=\"container\" data-e-type=\"container\">\n\t\t\t\t\t<div class=\"e-con-inner\">\n\t\t\t\t<div class=\"elementor-element elementor-element-1e4474ad elementor-widget elementor-widget-text-editor\" data-id=\"1e4474ad\" data-element_type=\"widget\" data-e-type=\"widget\" data-widget_type=\"text-editor.default\">\n\t\t\t\t<div class=\"elementor-widget-container\">\n\t\t\t\t\t\t\t\t\t<table>\n<tbody>\n<tr>\n<td colspan=\"2\"><b><\/b><strong><b>Allgemein<\/b><\/strong><\/td>\n<\/tr>\n<tr>\n<td>Gesellschaftstyp<\/td>\n<td>IBC<\/td>\n<\/tr>\n<tr>\n<td>Gesetzgebung<\/td>\n<td>Hybrid<\/td>\n<\/tr>\n<tr>\n<td>Vorratsgesellschaften verf\u00fcgbar<\/td>\n<td>Ja<\/td>\n<\/tr>\n<tr>\n<td>Registrierungszeit<\/td>\n<td>2 Tage<\/td>\n<\/tr>\n<tr>\n<td>Unternehmensbesteuerung<\/td>\n<td>Keine<\/td>\n<\/tr>\n<tr>\n<td>Doppelbesteuerungsabkommen<\/td>\n<td>Nein<\/td>\n<\/tr>\n<tr>\n<td colspan=\"2\"><strong>S<b>tammkapital oder Gegenwert<\/b><\/strong><\/td>\n<\/tr>\n<tr>\n<td>Standardw\u00e4hrung<\/td>\n<td>US$<\/td>\n<\/tr>\n<tr>\n<td>Erlaubte W\u00e4hrungen<\/td>\n<td>Beliebig<\/td>\n<\/tr>\n<tr>\n<td>Voll eingezahltes Kapital (Minimum)<\/td>\n<td>US$1<\/td>\n<\/tr>\n<tr>\n<td>\u00dcblicherweise genehmigtes Kapital<\/td>\n<td>US$100,000<\/td>\n<\/tr>\n<tr>\n<td colspan=\"2\"><strong><b>Gesch\u00e4ftsf\u00fchrer<\/b><\/strong><\/td>\n<\/tr>\n<tr>\n<td>Mindestanzahl<\/td>\n<td>1<\/td>\n<\/tr>\n<tr>\n<td>Lokaler Gesch\u00e4ftsf\u00fchrer n\u00f6tig<\/td>\n<td>Nein<\/td>\n<\/tr>\n<tr>\n<td>\u00d6ffentlich zug\u00e4ngliche Unterlagen<\/td>\n<td>Nein<\/td>\n<\/tr>\n<tr>\n<td>Versammlungsort<\/td>\n<td>Beliebig<\/td>\n<\/tr>\n<tr>\n<td colspan=\"2\"><strong><b>Gesellschafter<\/b><\/strong><\/td>\n<\/tr>\n<tr>\n<td>Mindestanzahl<\/td>\n<td>1<\/td>\n<\/tr>\n<tr>\n<td>\u00d6ffentlich zug\u00e4ngliche Unterlagen<\/td>\n<td>Nein<\/td>\n<\/tr>\n<tr>\n<td>Versammlungsort<\/td>\n<td>Beliebig<\/td>\n<\/tr>\n<tr>\n<td colspan=\"2\"><strong><b>Schriftf\u00fchrer<\/b><\/strong><\/td>\n<\/tr>\n<tr>\n<td>Erforderlich<\/td>\n<td>Nein<\/td>\n<\/tr>\n<tr>\n<td>Lokal oder Qualifizierung notwendig<\/td>\n<td>Nein<\/td>\n<\/tr>\n<tr>\n<td colspan=\"2\"><strong><b>Buchhaltung<\/b><\/strong><\/td>\n<\/tr>\n<tr>\n<td>Rechnungslegungspflicht<\/td>\n<td>Ja<\/td>\n<\/tr>\n<tr>\n<td>Rechnungspr\u00fcfung erforderlich<\/td>\n<td>Nein<\/td>\n<\/tr>\n<tr>\n<td>Einreichung der Buchhaltungsunterlagen erforderlich<\/td>\n<td>Nein<\/td>\n<\/tr>\n<tr>\n<td>\u00d6ffentlich zug\u00e4ngliche Buchhaltung<\/td>\n<td>No<\/td>\n<\/tr>\n<tr>\n<td colspan=\"2\"><b><\/b><strong><b>Wiederkehrende Kosten<\/b><\/strong><\/td>\n<\/tr>\n<tr>\n<td>Mindest-Jahresgeb\u00fchr \/ Lizenzgeb\u00fchr<\/td>\n<td>US$100<\/td>\n<\/tr>\n<tr>\n<td colspan=\"2\"><strong>Sonstiges<\/strong><\/td>\n<\/tr>\n<tr>\n<td>Einreichung der Jahresberichte erforderlich<\/td>\n<td>Nein<\/td>\n<\/tr>\n<tr>\n<td>Firmensitzwechsel erlaubt<\/td>\n<td>Ja<\/td>\n<\/tr>\n<\/tbody>\n<\/table>\t\t\t\t\t\t\t\t<\/div>\n\t\t\t\t<\/div>\n\t\t\t\t\t<\/div>\n\t\t\t\t<\/div>\n\t\t\t\t<\/div>\n\t\t","protected":false},"excerpt":{"rendered":"<p>Daten und Fakten zu Offshore-Firmen auf den Seychellen Highlights Einer offshore-Firma Auf Den Seychellen Ausgezeichnetes Gesellschafts- und Aktienrecht Flexible Gesetzgebung f\u00fcr Unternehmen Keine Besteuerung f\u00fcr internationale Transaktionen und Banktransaktionen Keine Verordnungen bez\u00fcglich Devisenkontrolle Politische und wirtschaftliche Stabilit\u00e4t Reisem\u00f6glichkeiten mit den weltweit gr\u00f6\u00dften Fluggesellschaften Hervorragendes Angebot an Hotelunterk\u00fcnften Ausgezeichnete weltweit vernetzte Kommunikationsm\u00f6glichkeiten Qualifiziertes Personal Keine Kapitalertrags- [&hellip;]<\/p>\n","protected":false},"author":3,"featured_media":0,"parent":0,"menu_order":0,"comment_status":"closed","ping_status":"closed","template":"","meta":{"_acf_changed":false,"site-sidebar-layout":"no-sidebar","site-content-layout":"","ast-site-content-layout":"full-width-container","site-content-style":"unboxed","site-sidebar-style":"unboxed","ast-global-header-display":"","ast-banner-title-visibility":"","ast-main-header-display":"","ast-hfb-above-header-display":"","ast-hfb-below-header-display":"","ast-hfb-mobile-header-display":"","site-post-title":"disabled","ast-breadcrumbs-content":"","ast-featured-img":"","footer-sml-layout":"","theme-transparent-header-meta":"default","adv-header-id-meta":"","stick-header-meta":"","header-above-stick-meta":"","header-main-stick-meta":"","header-below-stick-meta":"","astra-migrate-meta-layouts":"set","ast-page-background-enabled":"default","ast-page-background-meta":{"desktop":{"background-color":"","background-image":"","background-repeat":"repeat","background-position":"center center","background-size":"auto","background-attachment":"scroll","background-type":"","background-media":"","overlay-type":"","overlay-color":"","overlay-opacity":"","overlay-gradient":""},"tablet":{"background-color":"","background-image":"","background-repeat":"repeat","background-position":"center center","background-size":"auto","background-attachment":"scroll","background-type":"","background-media":"","overlay-type":"","overlay-color":"","overlay-opacity":"","overlay-gradient":""},"mobile":{"background-color":"","background-image":"","background-repeat":"repeat","background-position":"center center","background-size":"auto","background-attachment":"scroll","background-type":"","background-media":"","overlay-type":"","overlay-color":"","overlay-opacity":"","overlay-gradient":""}},"ast-content-background-meta":{"desktop":{"background-color":"var(--ast-global-color-5)","background-image":"","background-repeat":"repeat","background-position":"center center","background-size":"auto","background-attachment":"scroll","background-type":"","background-media":"","overlay-type":"","overlay-color":"","overlay-opacity":"","overlay-gradient":""},"tablet":{"background-color":"var(--ast-global-color-5)","background-image":"","background-repeat":"repeat","background-position":"center center","background-size":"auto","background-attachment":"scroll","background-type":"","background-media":"","overlay-type":"","overlay-color":"","overlay-opacity":"","overlay-gradient":""},"mobile":{"background-color":"var(--ast-global-color-5)","background-image":"","background-repeat":"repeat","background-position":"center center","background-size":"auto","background-attachment":"scroll","background-type":"","background-media":"","overlay-type":"","overlay-color":"","overlay-opacity":"","overlay-gradient":""}},"footnotes":""},"class_list":["post-868","page","type-page","status-publish","hentry"],"acf":[],"_links":{"self":[{"href":"https:\/\/gws-offshore.com\/de\/wp-json\/wp\/v2\/pages\/868","targetHints":{"allow":["GET"]}}],"collection":[{"href":"https:\/\/gws-offshore.com\/de\/wp-json\/wp\/v2\/pages"}],"about":[{"href":"https:\/\/gws-offshore.com\/de\/wp-json\/wp\/v2\/types\/page"}],"author":[{"embeddable":true,"href":"https:\/\/gws-offshore.com\/de\/wp-json\/wp\/v2\/users\/3"}],"replies":[{"embeddable":true,"href":"https:\/\/gws-offshore.com\/de\/wp-json\/wp\/v2\/comments?post=868"}],"version-history":[{"count":7,"href":"https:\/\/gws-offshore.com\/de\/wp-json\/wp\/v2\/pages\/868\/revisions"}],"predecessor-version":[{"id":4989,"href":"https:\/\/gws-offshore.com\/de\/wp-json\/wp\/v2\/pages\/868\/revisions\/4989"}],"wp:attachment":[{"href":"https:\/\/gws-offshore.com\/de\/wp-json\/wp\/v2\/media?parent=868"}],"curies":[{"name":"wp","href":"https:\/\/api.w.org\/{rel}","templated":true}]}}