{"id":861,"date":"2019-03-14T18:37:09","date_gmt":"2019-03-14T18:37:09","guid":{"rendered":"http:\/\/gws-offshore.rhome.lv\/?page_id=861"},"modified":"2025-06-26T11:56:43","modified_gmt":"2025-06-26T09:56:43","slug":"seychellen-offshore-firmengrundung","status":"publish","type":"page","link":"https:\/\/gws-offshore.com\/de\/seychellen-offshore-firmengrundung\/","title":{"rendered":"Seychellen Offshore Firmengr\u00fcndung"},"content":{"rendered":"\t\t<div data-elementor-type=\"wp-page\" data-elementor-id=\"861\" class=\"elementor elementor-861 elementor-853\" data-elementor-post-type=\"page\">\n\t\t\t\t<div class=\"elementor-element elementor-element-31ee9de e-flex e-con-boxed e-con e-parent\" data-id=\"31ee9de\" data-element_type=\"container\" data-e-type=\"container\" data-settings=\"{&quot;background_background&quot;:&quot;classic&quot;}\">\n\t\t\t\t\t<div class=\"e-con-inner\">\n\t\t<div class=\"elementor-element elementor-element-0b8b15d e-con-full e-flex e-con e-child\" data-id=\"0b8b15d\" data-element_type=\"container\" data-e-type=\"container\">\n\t\t\t\t<div class=\"elementor-element elementor-element-90e7895 elementor-invisible elementor-widget elementor-widget-heading\" data-id=\"90e7895\" data-element_type=\"widget\" data-e-type=\"widget\" data-settings=\"{&quot;_animation&quot;:&quot;fadeIn&quot;}\" data-widget_type=\"heading.default\">\n\t\t\t\t<div class=\"elementor-widget-container\">\n\t\t\t\t\t<h1 class=\"elementor-heading-title elementor-size-default\">Seychelles Offshore Company<\/h1>\t\t\t\t<\/div>\n\t\t\t\t<\/div>\n\t\t\t\t<\/div>\n\t\t\t\t\t<\/div>\n\t\t\t\t<\/div>\n\t\t<div class=\"elementor-element elementor-element-6137851 e-flex e-con-boxed e-con e-parent\" data-id=\"6137851\" data-element_type=\"container\" data-e-type=\"container\">\n\t\t\t\t\t<div class=\"e-con-inner\">\n\t\t\t\t<div class=\"elementor-element elementor-element-0fe94f0 elementor-widget elementor-widget-heading\" data-id=\"0fe94f0\" data-element_type=\"widget\" data-e-type=\"widget\" data-widget_type=\"heading.default\">\n\t\t\t\t<div class=\"elementor-widget-container\">\n\t\t\t\t\t<h4 class=\"elementor-heading-title elementor-size-default\">Seychellen Offshore Firmengr\u00fcndung<\/h4>\t\t\t\t<\/div>\n\t\t\t\t<\/div>\n\t\t\t\t<div class=\"elementor-element elementor-element-3fa6545 animated-slow elementor-invisible elementor-widget elementor-widget-text-editor\" data-id=\"3fa6545\" data-element_type=\"widget\" data-e-type=\"widget\" data-settings=\"{&quot;_animation&quot;:&quot;fadeIn&quot;}\" data-widget_type=\"text-editor.default\">\n\t\t\t\t<div class=\"elementor-widget-container\">\n\t\t\t\t\t\t\t\t\t<ul><li><a href=\"\/de\/daten-und-fakten-zu-offshore-firmen-auf-den-seychellen\/\">Eckdaten zu Offshore-Gesellschaften auf den Seychellen<\/a><\/li><li><a href=\"\/wp-content\/uploads\/2019\/03\/IBC-Act-1994.pdf\">International Business Companies Act<\/a> (PDF)<\/li><li><a href=\"\/de\/gebuhrenubersicht-2\/\">Kosten\u00fcbersicht<\/a><\/li><\/ul>\t\t\t\t\t\t\t\t<\/div>\n\t\t\t\t<\/div>\n\t\t\t\t\t<\/div>\n\t\t\t\t<\/div>\n\t\t<div class=\"elementor-element elementor-element-1bfa03f e-flex e-con-boxed e-con e-parent\" data-id=\"1bfa03f\" data-element_type=\"container\" data-e-type=\"container\">\n\t\t\t\t\t<div class=\"e-con-inner\">\n\t\t<div class=\"elementor-element elementor-element-574b252 e-con-full e-flex e-con e-child\" data-id=\"574b252\" data-element_type=\"container\" data-e-type=\"container\" data-settings=\"{&quot;background_background&quot;:&quot;slideshow&quot;,&quot;background_slideshow_gallery&quot;:[{&quot;id&quot;:2937,&quot;url&quot;:&quot;https:\\\/\\\/gws-offshore.com\\\/wp-content\\\/uploads\\\/2025\\\/04\\\/seychelles-offshore-company-2.jpg&quot;},{&quot;id&quot;:2939,&quot;url&quot;:&quot;https:\\\/\\\/gws-offshore.com\\\/wp-content\\\/uploads\\\/2025\\\/04\\\/seychelles-offshore-company-3.jpg&quot;},{&quot;id&quot;:2941,&quot;url&quot;:&quot;https:\\\/\\\/gws-offshore.com\\\/wp-content\\\/uploads\\\/2025\\\/04\\\/seychelles-offshore-company-4.jpg&quot;},{&quot;id&quot;:2935,&quot;url&quot;:&quot;https:\\\/\\\/gws-offshore.com\\\/wp-content\\\/uploads\\\/2025\\\/04\\\/seychelles-offshore-company-1.jpg&quot;}],&quot;background_slideshow_loop&quot;:&quot;yes&quot;,&quot;background_slideshow_slide_duration&quot;:5000,&quot;background_slideshow_slide_transition&quot;:&quot;fade&quot;,&quot;background_slideshow_transition_duration&quot;:500}\">\n\t\t\t\t<div class=\"elementor-element elementor-element-749ee07 elementor-widget elementor-widget-heading\" data-id=\"749ee07\" data-element_type=\"widget\" data-e-type=\"widget\" data-widget_type=\"heading.default\">\n\t\t\t\t<div class=\"elementor-widget-container\">\n\t\t\t\t\t<h2 class=\"elementor-heading-title elementor-size-default\">Ihre Vorteile:<\/h2>\t\t\t\t<\/div>\n\t\t\t\t<\/div>\n\t\t\t\t<div class=\"elementor-element elementor-element-dad803f elementor-widget elementor-widget-text-editor\" data-id=\"dad803f\" data-element_type=\"widget\" data-e-type=\"widget\" data-widget_type=\"text-editor.default\">\n\t\t\t\t<div class=\"elementor-widget-container\">\n\t\t\t\t\t\t\t\t\t<p>Wir gr\u00fcnden Ihre Offshore-Firma auf den Seychellen in 1-3 Tagen<\/p><p>H\u00f6chstma\u00df an Vertraulichkeit und Datenschutz<\/p><p>100 USD j\u00e4hrliche Pauschalsteuer<\/p><p>Ein pers\u00f6nlicher Kundenberater \u2013 365 Tage im Jahr<\/p><p>Ein garantiertes Bankkonto, Onlinebanking und Kreditkarte<\/p><p>Aktienkapital muss nicht eingezahlt werden<\/p><p>Anonyme Gr\u00fcndung mit Treuhandgesch\u00e4ftsf\u00fchrer und -gesellschafter (optional)<\/p><p>Firmengr\u00fcndung ab\u00a0<strong>950 USD<\/strong><\/p>\t\t\t\t\t\t\t\t<\/div>\n\t\t\t\t<\/div>\n\t\t<div class=\"elementor-element elementor-element-f4b1a6b e-con-full e-flex e-con e-child\" data-id=\"f4b1a6b\" data-element_type=\"container\" data-e-type=\"container\">\n\t\t\t\t<div class=\"elementor-element elementor-element-1e61506 elementor-align-left elementor-widget elementor-widget-button\" data-id=\"1e61506\" data-element_type=\"widget\" data-e-type=\"widget\" data-widget_type=\"button.default\">\n\t\t\t\t<div class=\"elementor-widget-container\">\n\t\t\t\t\t\t\t\t\t<div class=\"elementor-button-wrapper\">\n\t\t\t\t\t<a class=\"elementor-button elementor-button-link elementor-size-sm\" href=\"https:\/\/gws-offshore.com\/de\/kontakt\/\">\n\t\t\t\t\t\t<span class=\"elementor-button-content-wrapper\">\n\t\t\t\t\t\t\t\t\t<span class=\"elementor-button-text\">Kontakt<\/span>\n\t\t\t\t\t<\/span>\n\t\t\t\t\t<\/a>\n\t\t\t\t<\/div>\n\t\t\t\t\t\t\t\t<\/div>\n\t\t\t\t<\/div>\n\t\t\t\t<\/div>\n\t\t\t\t<\/div>\n\t\t\t\t\t<\/div>\n\t\t\t\t<\/div>\n\t\t<div class=\"elementor-element elementor-element-eba505c animated-slow e-flex e-con-boxed elementor-invisible e-con e-parent\" data-id=\"eba505c\" data-element_type=\"container\" data-e-type=\"container\" data-settings=\"{&quot;animation&quot;:&quot;fadeIn&quot;}\">\n\t\t\t\t\t<div class=\"e-con-inner\">\n\t\t\t\t<div class=\"elementor-element elementor-element-1260ed9 elementor-widget elementor-widget-text-editor\" data-id=\"1260ed9\" data-element_type=\"widget\" data-e-type=\"widget\" data-widget_type=\"text-editor.default\">\n\t\t\t\t<div class=\"elementor-widget-container\">\n\t\t\t\t\t\t\t\t\t<p>Die Republik Seychellen ist ein Inselstaat im Indischen Ozean mit rund 80.000 Einwohnern. Zur Gruppe geh\u00f6ren \u00fcber 100 Inseln; die Gr\u00f6\u00dfte davon ist Mah\u00e9.<\/p><p>Der Finanzsektor ist nach dem Aufbau der International Business Authority und dank der progressiven Gesetzgebung, die Offshore-Strukturen und Investments erm\u00f6glicht, in den vergangenen Jahren stark gewachsen. Die Seychellen haben sich erfolgreich zu einer kosteng\u00fcnstigen Alternative f\u00fcr andere Standorte wie den British Virgin Islands entwickelt.<\/p><p>Seit 1994 erm\u00f6glicht die Gesetzgebung der Seychellen die Gr\u00fcndung von internationalen Gesellschaften, internationalen Stiftungen und Lizenzen f\u00fcr sogennante \u201eInternational Free Trade Zone Companies\u201c sowie Offshorebanken, Anlagefonds und Versicherungen. Das Land ist f\u00fcr eine sehr schnelle Gesellschaftsgr\u00fcndung bekannt.<\/p><h4>\u00a0<\/h4>\t\t\t\t\t\t\t\t<\/div>\n\t\t\t\t<\/div>\n\t\t\t\t<div class=\"elementor-element elementor-element-aaa674a elementor-widget elementor-widget-text-editor\" data-id=\"aaa674a\" data-element_type=\"widget\" data-e-type=\"widget\" data-widget_type=\"text-editor.default\">\n\t\t\t\t<div class=\"elementor-widget-container\">\n\t\t\t\t\t\t\t\t\t<h4><strong>Der Offshore-Standort\u00a0Seychellen eignet sich in erster Linie f\u00fcr:<\/strong><\/h4>\t\t\t\t\t\t\t\t<\/div>\n\t\t\t\t<\/div>\n\t\t\t\t<div class=\"elementor-element elementor-element-a59a0a1 animated-slow elementor-invisible elementor-widget elementor-widget-text-editor\" data-id=\"a59a0a1\" data-element_type=\"widget\" data-e-type=\"widget\" data-settings=\"{&quot;_animation&quot;:&quot;fadeIn&quot;}\" data-widget_type=\"text-editor.default\">\n\t\t\t\t<div class=\"elementor-widget-container\">\n\t\t\t\t\t\t\t\t\t<ul><li>E-Commerce<\/li><li>Intellectual Property Management (IPM)<\/li><li>Halten und Verwalten von beweglichen und unbeweglichen Verm\u00f6genswerten<\/li><li>Beratungsdienstleistungen<\/li><li>Nachfolgeregelungen<\/li><li>Wertpapier- und Devisengesch\u00e4fte<\/li><li>Internationale Gesch\u00e4fte<\/li><\/ul>\t\t\t\t\t\t\t\t<\/div>\n\t\t\t\t<\/div>\n\t\t\t\t<div class=\"elementor-element elementor-element-472fb56 elementor-widget elementor-widget-heading\" data-id=\"472fb56\" data-element_type=\"widget\" data-e-type=\"widget\" data-widget_type=\"heading.default\">\n\t\t\t\t<div class=\"elementor-widget-container\">\n\t\t\t\t\t<h4 class=\"elementor-heading-title elementor-size-default\">Gr\u00fcndungskosten f\u00fcr eine Offshore-Gesellschaft\u00a0auf den Seychellen:<\/h4>\t\t\t\t<\/div>\n\t\t\t\t<\/div>\n\t\t\t\t<div class=\"elementor-element elementor-element-59f4551 elementor-widget elementor-widget-text-editor\" data-id=\"59f4551\" data-element_type=\"widget\" data-e-type=\"widget\" data-widget_type=\"text-editor.default\">\n\t\t\t\t<div class=\"elementor-widget-container\">\n\t\t\t\t\t\t\t\t\t<p>Wir gr\u00fcnden Ihre Offshore-Firma auf den Seychellen bereits ab\u00a0<strong>950 USD<\/strong>.<\/p>\t\t\t\t\t\t\t\t<\/div>\n\t\t\t\t<\/div>\n\t\t\t\t<div class=\"elementor-element elementor-element-2399a61 elementor-icon-list--layout-traditional elementor-list-item-link-full_width elementor-widget elementor-widget-icon-list\" data-id=\"2399a61\" data-element_type=\"widget\" data-e-type=\"widget\" data-widget_type=\"icon-list.default\">\n\t\t\t\t<div class=\"elementor-widget-container\">\n\t\t\t\t\t\t\t<ul class=\"elementor-icon-list-items\">\n\t\t\t\t\t\t\t<li class=\"elementor-icon-list-item\">\n\t\t\t\t\t\t\t\t\t\t\t<a href=\"https:\/\/gws-offshore.com\/de\/dubai-offshore-firmengrundung\/\">\n\n\t\t\t\t\t\t\t\t\t\t\t\t<span class=\"elementor-icon-list-icon\">\n\t\t\t\t\t\t\t<svg aria-hidden=\"true\" class=\"e-font-icon-svg e-fas-arrow-alt-circle-right\" viewBox=\"0 0 512 512\" xmlns=\"http:\/\/www.w3.org\/2000\/svg\"><path d=\"M256 8c137 0 248 111 248 248S393 504 256 504 8 393 8 256 119 8 256 8zM140 300h116v70.9c0 10.7 13 16.1 20.5 8.5l114.3-114.9c4.7-4.7 4.7-12.2 0-16.9l-114.3-115c-7.6-7.6-20.5-2.2-20.5 8.5V212H140c-6.6 0-12 5.4-12 12v64c0 6.6 5.4 12 12 12z\"><\/path><\/svg>\t\t\t\t\t\t<\/span>\n\t\t\t\t\t\t\t\t\t\t<span class=\"elementor-icon-list-text\">Aufgrund der juristischen und steuerlichen Gestaltungsm\u00f6glichkeiten sowie der ausgezeichneten Reputation empfehlen wir unseren Mandanten eine Firmengr\u00fcndung in den Vereinigten Arabischen Emiraten.<\/span>\n\t\t\t\t\t\t\t\t\t\t\t<\/a>\n\t\t\t\t\t\t\t\t\t<\/li>\n\t\t\t\t\t\t<\/ul>\n\t\t\t\t\t\t<\/div>\n\t\t\t\t<\/div>\n\t\t\t\t\t<\/div>\n\t\t\t\t<\/div>\n\t\t\t\t<\/div>\n\t\t","protected":false},"excerpt":{"rendered":"<p>Seychelles Offshore Company Seychellen Offshore Firmengr\u00fcndung Eckdaten zu Offshore-Gesellschaften auf den Seychellen International Business Companies Act (PDF) Kosten\u00fcbersicht Ihre Vorteile: Wir gr\u00fcnden Ihre Offshore-Firma auf den Seychellen in 1-3 Tagen H\u00f6chstma\u00df an Vertraulichkeit und Datenschutz 100 USD j\u00e4hrliche Pauschalsteuer Ein pers\u00f6nlicher Kundenberater \u2013 365 Tage im Jahr Ein garantiertes Bankkonto, Onlinebanking und Kreditkarte Aktienkapital muss [&hellip;]<\/p>\n","protected":false},"author":3,"featured_media":0,"parent":0,"menu_order":0,"comment_status":"closed","ping_status":"closed","template":"","meta":{"_acf_changed":false,"site-sidebar-layout":"no-sidebar","site-content-layout":"","ast-site-content-layout":"full-width-container","site-content-style":"unboxed","site-sidebar-style":"unboxed","ast-global-header-display":"","ast-banner-title-visibility":"","ast-main-header-display":"","ast-hfb-above-header-display":"","ast-hfb-below-header-display":"","ast-hfb-mobile-header-display":"","site-post-title":"disabled","ast-breadcrumbs-content":"","ast-featured-img":"disabled","footer-sml-layout":"","theme-transparent-header-meta":"default","adv-header-id-meta":"","stick-header-meta":"","header-above-stick-meta":"","header-main-stick-meta":"","header-below-stick-meta":"","astra-migrate-meta-layouts":"set","ast-page-background-enabled":"default","ast-page-background-meta":{"desktop":{"background-color":"","background-image":"","background-repeat":"repeat","background-position":"center center","background-size":"auto","background-attachment":"scroll","background-type":"","background-media":"","overlay-type":"","overlay-color":"","overlay-opacity":"","overlay-gradient":""},"tablet":{"background-color":"","background-image":"","background-repeat":"repeat","background-position":"center center","background-size":"auto","background-attachment":"scroll","background-type":"","background-media":"","overlay-type":"","overlay-color":"","overlay-opacity":"","overlay-gradient":""},"mobile":{"background-color":"","background-image":"","background-repeat":"repeat","background-position":"center center","background-size":"auto","background-attachment":"scroll","background-type":"","background-media":"","overlay-type":"","overlay-color":"","overlay-opacity":"","overlay-gradient":""}},"ast-content-background-meta":{"desktop":{"background-color":"var(--ast-global-color-5)","background-image":"","background-repeat":"repeat","background-position":"center center","background-size":"auto","background-attachment":"scroll","background-type":"","background-media":"","overlay-type":"","overlay-color":"","overlay-opacity":"","overlay-gradient":""},"tablet":{"background-color":"var(--ast-global-color-5)","background-image":"","background-repeat":"repeat","background-position":"center center","background-size":"auto","background-attachment":"scroll","background-type":"","background-media":"","overlay-type":"","overlay-color":"","overlay-opacity":"","overlay-gradient":""},"mobile":{"background-color":"var(--ast-global-color-5)","background-image":"","background-repeat":"repeat","background-position":"center center","background-size":"auto","background-attachment":"scroll","background-type":"","background-media":"","overlay-type":"","overlay-color":"","overlay-opacity":"","overlay-gradient":""}},"footnotes":""},"class_list":["post-861","page","type-page","status-publish","hentry"],"acf":[],"_links":{"self":[{"href":"https:\/\/gws-offshore.com\/de\/wp-json\/wp\/v2\/pages\/861","targetHints":{"allow":["GET"]}}],"collection":[{"href":"https:\/\/gws-offshore.com\/de\/wp-json\/wp\/v2\/pages"}],"about":[{"href":"https:\/\/gws-offshore.com\/de\/wp-json\/wp\/v2\/types\/page"}],"author":[{"embeddable":true,"href":"https:\/\/gws-offshore.com\/de\/wp-json\/wp\/v2\/users\/3"}],"replies":[{"embeddable":true,"href":"https:\/\/gws-offshore.com\/de\/wp-json\/wp\/v2\/comments?post=861"}],"version-history":[{"count":12,"href":"https:\/\/gws-offshore.com\/de\/wp-json\/wp\/v2\/pages\/861\/revisions"}],"predecessor-version":[{"id":4683,"href":"https:\/\/gws-offshore.com\/de\/wp-json\/wp\/v2\/pages\/861\/revisions\/4683"}],"wp:attachment":[{"href":"https:\/\/gws-offshore.com\/de\/wp-json\/wp\/v2\/media?parent=861"}],"curies":[{"name":"wp","href":"https:\/\/api.w.org\/{rel}","templated":true}]}}