{"id":797,"date":"2019-03-14T17:17:20","date_gmt":"2019-03-14T17:17:20","guid":{"rendered":"http:\/\/gws-offshore.rhome.lv\/?page_id=797"},"modified":"2025-07-15T14:42:44","modified_gmt":"2025-07-15T12:42:44","slug":"daten-und-fakten-zu-offshore-firmen-in-liechtenstein","status":"publish","type":"page","link":"https:\/\/gws-offshore.com\/de\/daten-und-fakten-zu-offshore-firmen-in-liechtenstein\/","title":{"rendered":"Daten und Fakten zu Offshore-Firmen in Liechtenstein"},"content":{"rendered":"\t\t<div data-elementor-type=\"wp-page\" data-elementor-id=\"797\" class=\"elementor elementor-797 elementor-792\" data-elementor-post-type=\"page\">\n\t\t\t\t<div class=\"elementor-element elementor-element-593a9c0 e-flex e-con-boxed e-con e-parent\" data-id=\"593a9c0\" data-element_type=\"container\" data-e-type=\"container\" data-settings=\"{&quot;background_background&quot;:&quot;classic&quot;}\">\n\t\t\t\t\t<div class=\"e-con-inner\">\n\t\t<div class=\"elementor-element elementor-element-8c83792 e-con-full e-flex e-con e-child\" data-id=\"8c83792\" data-element_type=\"container\" data-e-type=\"container\">\n\t\t\t\t<div class=\"elementor-element elementor-element-0549c9a elementor-invisible elementor-widget elementor-widget-heading\" data-id=\"0549c9a\" data-element_type=\"widget\" data-e-type=\"widget\" data-settings=\"{&quot;_animation&quot;:&quot;fadeIn&quot;}\" data-widget_type=\"heading.default\">\n\t\t\t\t<div class=\"elementor-widget-container\">\n\t\t\t\t\t<h1 class=\"elementor-heading-title elementor-size-default\">Daten und Fakten zu Offshore-Firmen in Liechtenstein<\/h1>\t\t\t\t<\/div>\n\t\t\t\t<\/div>\n\t\t\t\t<\/div>\n\t\t\t\t\t<\/div>\n\t\t\t\t<\/div>\n\t\t<div class=\"elementor-element elementor-element-b407ba3 e-flex e-con-boxed e-con e-parent\" data-id=\"b407ba3\" data-element_type=\"container\" data-e-type=\"container\">\n\t\t\t\t\t<div class=\"e-con-inner\">\n\t\t\t\t<div class=\"elementor-element elementor-element-85b6728 elementor-widget elementor-widget-heading\" data-id=\"85b6728\" data-element_type=\"widget\" data-e-type=\"widget\" data-widget_type=\"heading.default\">\n\t\t\t\t<div class=\"elementor-widget-container\">\n\t\t\t\t\t<h4 class=\"elementor-heading-title elementor-size-default\">Highlights Einer Offshore-Firma In Liechtenstein<\/h4>\t\t\t\t<\/div>\n\t\t\t\t<\/div>\n\t\t\t\t<div class=\"elementor-element elementor-element-87c87d6 animated-slow elementor-invisible elementor-widget elementor-widget-text-editor\" data-id=\"87c87d6\" data-element_type=\"widget\" data-e-type=\"widget\" data-settings=\"{&quot;_animation&quot;:&quot;fadeIn&quot;}\" data-widget_type=\"text-editor.default\">\n\t\t\t\t<div class=\"elementor-widget-container\">\n\t\t\t\t\t\t\t\t\t<ul><li>Ausgezeichnetes Gesellschafts- und Aktienrecht<\/li><li>Flexible Gesetzgebung f\u00fcr Unternehmen<\/li><li>liegt im Herzen Europas<\/li><li>Keine Besteuerung f\u00fcr internationale Transaktionen und Banktransaktionen<\/li><li>Keine Verordnungen bez\u00fcglich Devisenkontrolle<\/li><li>Politische und wirtschaftliche Stabilit\u00e4t<\/li><li>Hervorragendes Angebot an Hotelunterk\u00fcnften<\/li><li>Ausgezeichnete weltweit vernetzte Kommunikationsm\u00f6glichkeiten<\/li><li>Qualifiziertes Personal<\/li><li>Keine Kapitalertrags- bzw. Einkommenssteuer oder sonstige Besteuerung<\/li><\/ul>\t\t\t\t\t\t\t\t<\/div>\n\t\t\t\t<\/div>\n\t\t\t\t\t<\/div>\n\t\t\t\t<\/div>\n\t\t<div class=\"elementor-element elementor-element-486c2b6 e-flex e-con-boxed e-con e-parent\" data-id=\"486c2b6\" data-element_type=\"container\" data-e-type=\"container\">\n\t\t\t\t\t<div class=\"e-con-inner\">\n\t\t\t\t<div class=\"elementor-element elementor-element-5dc3b0d elementor-widget elementor-widget-heading\" data-id=\"5dc3b0d\" data-element_type=\"widget\" data-e-type=\"widget\" data-widget_type=\"heading.default\">\n\t\t\t\t<div class=\"elementor-widget-container\">\n\t\t\t\t\t<h4 class=\"elementor-heading-title elementor-size-default\">Liechtenstein Offshore Company Features<\/h4>\t\t\t\t<\/div>\n\t\t\t\t<\/div>\n\t\t\t\t\t<\/div>\n\t\t\t\t<\/div>\n\t\t<div class=\"elementor-element elementor-element-7af9d84f e-flex e-con-boxed e-con e-parent\" data-id=\"7af9d84f\" data-element_type=\"container\" data-e-type=\"container\">\n\t\t\t\t\t<div class=\"e-con-inner\">\n\t\t\t\t<div class=\"elementor-element elementor-element-50606252 elementor-widget elementor-widget-text-editor\" data-id=\"50606252\" data-element_type=\"widget\" data-e-type=\"widget\" data-widget_type=\"text-editor.default\">\n\t\t\t\t<div class=\"elementor-widget-container\">\n\t\t\t\t\t\t\t\t\t<table style=\"font-size: 16px; font-style: normal;\">\n<tbody>\n<tr>\n<td colspan=\"2\"><strong>Allgemein<\/strong><\/td>\n<\/tr>\n<tr>\n<td>Gesellschaftstyp<\/td>\n<td>AG<\/td>\n<\/tr>\n<tr>\n<td>Politische Stabilit\u00e4t<\/td>\n<td>Ausgezeichnet<\/td>\n<\/tr>\n<tr>\n<td>Gewohnheits- oder Zivilrecht<\/td>\n<td>Zivilrecht<\/td>\n<\/tr>\n<tr>\n<td>Offenlegung des wirtschaftlichen Eigent\u00fcmers<\/td>\n<td>Nein<\/td>\n<\/tr>\n<tr>\n<td>Firmensitzwechsel erlaubt<\/td>\n<td>Ja<\/td>\n<\/tr>\n<tr>\n<td>Unternehmensbesteuerung<\/td>\n<td>12.5%, Jahressteuer (Minimum) CHF 1,200<\/td>\n<\/tr>\n<tr>\n<td>Firmenname<\/td>\n<td>Lateinisches Alphabet<\/td>\n<\/tr>\n<tr>\n<td colspan=\"2\"><strong><b>Unternehmensanforderungen<\/b><\/strong><\/td>\n<\/tr>\n<tr>\n<td>Mindestanzahl Gesellschafter \/ Mitglieder<\/td>\n<td>1<\/td>\n<\/tr>\n<tr>\n<td>Mindestanzahl Gesch\u00e4ftsf\u00fchrer \/ Manager<\/td>\n<td>1<\/td>\n<\/tr>\n<tr>\n<td>Corporate Directors \/ Manager erlaubt<\/td>\n<td>Ja<\/td>\n<\/tr>\n<tr>\n<td>Schriftf\u00fchrer ben\u00f6tigt<\/td>\n<td>Nein<\/td>\n<\/tr>\n<tr>\n<td>\u00dcblicherweise genehmigtes Kapital<\/td>\n<td>CHF 50,000<\/td>\n<\/tr>\n<tr>\n<td>Voll eingezahltes Kapital (Minimum)<\/td>\n<td>Ja<\/td>\n<\/tr>\n<tr>\n<td colspan=\"2\"><strong><b>Lokale Anforderungen<\/b><\/strong><\/td>\n<\/tr>\n<tr>\n<td>Registrierter Firmensitz \/ Vertreter<\/td>\n<td>Ja<\/td>\n<\/tr>\n<tr>\n<td>Schriftf\u00fchrer<\/td>\n<td>Nein<\/td>\n<\/tr>\n<tr>\n<td>Versammlungen vor Ort<\/td>\n<td>Nein<\/td>\n<\/tr>\n<tr>\n<td>Staatliches Register der Gesch\u00e4ftsf\u00fchrer \/ Manager<\/td>\n<td>Ja<\/td>\n<\/tr>\n<tr>\n<td>Staatliches Register der Gesellschafter \/ Mitglieder<\/td>\n<td>Nein<\/td>\n<\/tr>\n<tr>\n<td colspan=\"2\"><strong>J\u00e4hrliche Anforderungen\n<\/strong><\/td>\n<\/tr>\n<tr>\n<td>Jahresrendite<\/td>\n<td>Ja<\/td>\n<\/tr>\n<tr>\n<td>Einreichung der Buchhaltungsunterlagen erforderlich<\/td>\n<td>Ja<\/td>\n<\/tr>\n<tr>\n<td colspan=\"2\"><strong>Wiederkehrende Kosten<\/strong><\/td>\n<\/tr>\n<tr>\n<td>Mindest-Jahresgeb\u00fchr \/ Lizenzgeb\u00fchr<\/td>\n<td>CHF 1,200<\/td>\n<\/tr>\n<tr>\n<td>J\u00e4hrliche Steuererkl\u00e4rungsgeb\u00fchr<\/td>\n<td>N\/A<\/td>\n<\/tr>\n<tr>\n<td colspan=\"2\"><strong>Other<\/strong><\/td>\n<\/tr>\n<tr>\n<td>Requirement to file annual return<\/td>\n<td>Yes<\/td>\n<\/tr>\n<tr>\n<td>Change in domicile permitted<\/td>\n<td>Yes<\/td>\n<\/tr>\n<\/tbody>\n<\/table>\t\t\t\t\t\t\t\t<\/div>\n\t\t\t\t<\/div>\n\t\t\t\t\t<\/div>\n\t\t\t\t<\/div>\n\t\t\t\t<\/div>\n\t\t","protected":false},"excerpt":{"rendered":"<p>Daten und Fakten zu Offshore-Firmen in Liechtenstein Highlights Einer Offshore-Firma In Liechtenstein Ausgezeichnetes Gesellschafts- und Aktienrecht Flexible Gesetzgebung f\u00fcr Unternehmen liegt im Herzen Europas Keine Besteuerung f\u00fcr internationale Transaktionen und Banktransaktionen Keine Verordnungen bez\u00fcglich Devisenkontrolle Politische und wirtschaftliche Stabilit\u00e4t Hervorragendes Angebot an Hotelunterk\u00fcnften Ausgezeichnete weltweit vernetzte Kommunikationsm\u00f6glichkeiten Qualifiziertes Personal Keine Kapitalertrags- bzw. Einkommenssteuer oder sonstige [&hellip;]<\/p>\n","protected":false},"author":3,"featured_media":0,"parent":0,"menu_order":0,"comment_status":"closed","ping_status":"closed","template":"","meta":{"_acf_changed":false,"site-sidebar-layout":"no-sidebar","site-content-layout":"","ast-site-content-layout":"full-width-container","site-content-style":"unboxed","site-sidebar-style":"unboxed","ast-global-header-display":"","ast-banner-title-visibility":"","ast-main-header-display":"","ast-hfb-above-header-display":"","ast-hfb-below-header-display":"","ast-hfb-mobile-header-display":"","site-post-title":"disabled","ast-breadcrumbs-content":"","ast-featured-img":"","footer-sml-layout":"","theme-transparent-header-meta":"default","adv-header-id-meta":"","stick-header-meta":"","header-above-stick-meta":"","header-main-stick-meta":"","header-below-stick-meta":"","astra-migrate-meta-layouts":"set","ast-page-background-enabled":"default","ast-page-background-meta":{"desktop":{"background-color":"","background-image":"","background-repeat":"repeat","background-position":"center center","background-size":"auto","background-attachment":"scroll","background-type":"","background-media":"","overlay-type":"","overlay-color":"","overlay-opacity":"","overlay-gradient":""},"tablet":{"background-color":"","background-image":"","background-repeat":"repeat","background-position":"center center","background-size":"auto","background-attachment":"scroll","background-type":"","background-media":"","overlay-type":"","overlay-color":"","overlay-opacity":"","overlay-gradient":""},"mobile":{"background-color":"","background-image":"","background-repeat":"repeat","background-position":"center center","background-size":"auto","background-attachment":"scroll","background-type":"","background-media":"","overlay-type":"","overlay-color":"","overlay-opacity":"","overlay-gradient":""}},"ast-content-background-meta":{"desktop":{"background-color":"var(--ast-global-color-5)","background-image":"","background-repeat":"repeat","background-position":"center center","background-size":"auto","background-attachment":"scroll","background-type":"","background-media":"","overlay-type":"","overlay-color":"","overlay-opacity":"","overlay-gradient":""},"tablet":{"background-color":"var(--ast-global-color-5)","background-image":"","background-repeat":"repeat","background-position":"center center","background-size":"auto","background-attachment":"scroll","background-type":"","background-media":"","overlay-type":"","overlay-color":"","overlay-opacity":"","overlay-gradient":""},"mobile":{"background-color":"var(--ast-global-color-5)","background-image":"","background-repeat":"repeat","background-position":"center center","background-size":"auto","background-attachment":"scroll","background-type":"","background-media":"","overlay-type":"","overlay-color":"","overlay-opacity":"","overlay-gradient":""}},"footnotes":""},"class_list":["post-797","page","type-page","status-publish","hentry"],"acf":[],"_links":{"self":[{"href":"https:\/\/gws-offshore.com\/de\/wp-json\/wp\/v2\/pages\/797","targetHints":{"allow":["GET"]}}],"collection":[{"href":"https:\/\/gws-offshore.com\/de\/wp-json\/wp\/v2\/pages"}],"about":[{"href":"https:\/\/gws-offshore.com\/de\/wp-json\/wp\/v2\/types\/page"}],"author":[{"embeddable":true,"href":"https:\/\/gws-offshore.com\/de\/wp-json\/wp\/v2\/users\/3"}],"replies":[{"embeddable":true,"href":"https:\/\/gws-offshore.com\/de\/wp-json\/wp\/v2\/comments?post=797"}],"version-history":[{"count":5,"href":"https:\/\/gws-offshore.com\/de\/wp-json\/wp\/v2\/pages\/797\/revisions"}],"predecessor-version":[{"id":5002,"href":"https:\/\/gws-offshore.com\/de\/wp-json\/wp\/v2\/pages\/797\/revisions\/5002"}],"wp:attachment":[{"href":"https:\/\/gws-offshore.com\/de\/wp-json\/wp\/v2\/media?parent=797"}],"curies":[{"name":"wp","href":"https:\/\/api.w.org\/{rel}","templated":true}]}}