{"id":760,"date":"2019-03-14T16:23:06","date_gmt":"2019-03-14T16:23:06","guid":{"rendered":"http:\/\/gws-offshore.rhome.lv\/?page_id=760"},"modified":"2025-07-16T12:45:43","modified_gmt":"2025-07-16T10:45:43","slug":"daten-und-fakten-zu-offshore-firmen-in-hong-kong","status":"publish","type":"page","link":"https:\/\/gws-offshore.com\/de\/daten-und-fakten-zu-offshore-firmen-in-hong-kong\/","title":{"rendered":"Daten und Fakten zu Offshore-Firmen in Hong Kong"},"content":{"rendered":"\t\t<div data-elementor-type=\"wp-page\" data-elementor-id=\"760\" class=\"elementor elementor-760 elementor-758\" data-elementor-post-type=\"page\">\n\t\t\t\t<div class=\"elementor-element elementor-element-267ecae e-flex e-con-boxed e-con e-parent\" data-id=\"267ecae\" data-element_type=\"container\" data-e-type=\"container\" data-settings=\"{&quot;background_background&quot;:&quot;classic&quot;}\">\n\t\t\t\t\t<div class=\"e-con-inner\">\n\t\t<div class=\"elementor-element elementor-element-ec662c2 e-con-full e-flex e-con e-child\" data-id=\"ec662c2\" data-element_type=\"container\" data-e-type=\"container\">\n\t\t\t\t<div class=\"elementor-element elementor-element-b995d0e elementor-invisible elementor-widget elementor-widget-heading\" data-id=\"b995d0e\" data-element_type=\"widget\" data-e-type=\"widget\" data-settings=\"{&quot;_animation&quot;:&quot;fadeIn&quot;}\" data-widget_type=\"heading.default\">\n\t\t\t\t<div class=\"elementor-widget-container\">\n\t\t\t\t\t<h1 class=\"elementor-heading-title elementor-size-default\">Daten und Fakten zu Offshore-Firmen in Hong Kong<\/h1>\t\t\t\t<\/div>\n\t\t\t\t<\/div>\n\t\t\t\t<\/div>\n\t\t\t\t\t<\/div>\n\t\t\t\t<\/div>\n\t\t<div class=\"elementor-element elementor-element-bfef8d5 e-flex e-con-boxed e-con e-parent\" data-id=\"bfef8d5\" data-element_type=\"container\" data-e-type=\"container\">\n\t\t\t\t\t<div class=\"e-con-inner\">\n\t\t\t\t<div class=\"elementor-element elementor-element-5313a68 elementor-widget elementor-widget-heading\" data-id=\"5313a68\" data-element_type=\"widget\" data-e-type=\"widget\" data-widget_type=\"heading.default\">\n\t\t\t\t<div class=\"elementor-widget-container\">\n\t\t\t\t\t<h4 class=\"elementor-heading-title elementor-size-default\">Highlights Einer Offshore-Firma In Hong Kong<\/h4>\t\t\t\t<\/div>\n\t\t\t\t<\/div>\n\t\t\t\t<div class=\"elementor-element elementor-element-0fd6f3c animated-slow elementor-invisible elementor-widget elementor-widget-text-editor\" data-id=\"0fd6f3c\" data-element_type=\"widget\" data-e-type=\"widget\" data-settings=\"{&quot;_animation&quot;:&quot;fadeIn&quot;}\" data-widget_type=\"text-editor.default\">\n\t\t\t\t<div class=\"elementor-widget-container\">\n\t\t\t\t\t\t\t\t\t<ul><li>Flexible Gesetzgebung f\u00fcr Unternehmen<\/li><li>Keine Verordnungen bez\u00fcglich Devisenkontrolle<\/li><li>Politische und wirtschaftliche Stabilit\u00e4t<\/li><li>Keine Kapitalertrags- bzw. Einkommenssteuer oder sonstige Besteuerung<\/li><li>Qualifiziertes Personal<\/li><\/ul>\t\t\t\t\t\t\t\t<\/div>\n\t\t\t\t<\/div>\n\t\t\t\t\t<\/div>\n\t\t\t\t<\/div>\n\t\t<div class=\"elementor-element elementor-element-48c74d4 e-flex e-con-boxed e-con e-parent\" data-id=\"48c74d4\" data-element_type=\"container\" data-e-type=\"container\">\n\t\t\t\t\t<div class=\"e-con-inner\">\n\t\t\t\t<div class=\"elementor-element elementor-element-4af1153 elementor-widget elementor-widget-heading\" data-id=\"4af1153\" data-element_type=\"widget\" data-e-type=\"widget\" data-widget_type=\"heading.default\">\n\t\t\t\t<div class=\"elementor-widget-container\">\n\t\t\t\t\t<h4 class=\"elementor-heading-title elementor-size-default\">Eckdaten<\/h4>\t\t\t\t<\/div>\n\t\t\t\t<\/div>\n\t\t\t\t\t<\/div>\n\t\t\t\t<\/div>\n\t\t<div class=\"elementor-element elementor-element-2363c653 e-flex e-con-boxed e-con e-parent\" data-id=\"2363c653\" data-element_type=\"container\" data-e-type=\"container\">\n\t\t\t\t\t<div class=\"e-con-inner\">\n\t\t\t\t<div class=\"elementor-element elementor-element-3bc4fbae elementor-widget elementor-widget-text-editor\" data-id=\"3bc4fbae\" data-element_type=\"widget\" data-e-type=\"widget\" data-widget_type=\"text-editor.default\">\n\t\t\t\t<div class=\"elementor-widget-container\">\n\t\t\t\t\t\t\t\t\t<table style=\"font-size: 16px; font-style: normal;\">\n<tbody>\n<tr>\n<td colspan=\"2\"><strong>Allgemein<\/strong><\/td>\n<\/tr>\n<tr>\n<td>Gesellschaftstyp<\/td>\n<td>Private Limited<\/td>\n<\/tr>\n<tr>\n<td>Gesetzgebung<\/td>\n<td>Common<\/td>\n<\/tr>\n<tr>\n<td>Vorratsgesellschaften verf\u00fcgbar<\/td>\n<td>Ja<\/td>\n<\/tr>\n<tr>\n<td>Registrierungszeit<\/td>\n<td>3-7 Tage<\/td>\n<\/tr>\n<tr>\n<td>Mindest-Regierungsgeb\u00fchr (ausschlie\u00dflich Steuer)<\/td>\n<td>US$295<\/td>\n<\/tr>\n<tr>\n<td>Unternehmensbesteuerung<\/td>\n<td>Keine auf im Ausland erzielte Gewinne<\/td>\n<\/tr>\n<tr>\n<td>Doppelbesteuerungsabkommen<\/td>\n<td>Ja<\/td>\n<\/tr>\n<tr>\n<td colspan=\"2\"><strong>S#<b>Stammkapital oder Gegenwert<\/b><\/strong><\/td>\n<\/tr>\n<tr>\n<td>Standardw\u00e4hrung<\/td>\n<td>HK$<\/td>\n<\/tr>\n<tr>\n<td>Erlaubte W\u00e4hrungen<\/td>\n<td>Beliebig<\/td>\n<\/tr>\n<tr>\n<td>Voll eingezahltes Kapital (Minimum)<\/td>\n<td>Kein Mindestbetrag<\/td>\n<\/tr>\n<tr>\n<td>\u00dcblicherweise genehmigtes Kapital<\/td>\n<td>HK$1,000<\/td>\n<\/tr>\n<tr>\n<td colspan=\"2\"><strong>Gesch\u00e4ftsf\u00fchrer<\/strong><\/td>\n<\/tr>\n<tr>\n<td>Mindestanzahl<\/td>\n<td>1<\/td>\n<\/tr>\n<tr>\n<td>Lokaler Gesch\u00e4ftsf\u00fchrer n\u00f6tig<\/td>\n<td>Nein<\/td>\n<\/tr>\n<tr>\n<td>Corporate Directors erlaubt<\/td>\n<td>Ja<\/td>\n<\/tr>\n<tr>\n<td>\u00d6ffentlich zug\u00e4ngliche Unterlagen<\/td>\n<td>Nein<\/td>\n<\/tr>\n<tr>\n<td>Versammlungsort<\/td>\n<td>Beliebig<\/td>\n<\/tr>\n<tr>\n<td colspan=\"2\"><strong><b>Gesellschafter<\/b><\/strong><\/td>\n<\/tr>\n<tr>\n<td>Mindestanzahl<\/td>\n<td>1<\/td>\n<\/tr>\n<tr>\n<td>\u00d6ffentlich zug\u00e4ngliche Unterlagen<\/td>\n<td>Nein<\/td>\n<\/tr>\n<tr>\n<td>Versammlungsort<\/td>\n<td>Beliebig<\/td>\n<\/tr>\n<tr>\n<td colspan=\"2\"><strong><b>Schriftf\u00fchrer<\/b><\/strong><\/td>\n<\/tr>\n<tr>\n<td>Erforderlich<\/td>\n<td>Ja<\/td>\n<\/tr>\n<tr>\n<td>Lokal oder Qualifizierung notwendig<\/td>\n<td>Nein<\/td>\n<\/tr>\n<tr>\n<td colspan=\"2\"><strong><b>Buchhaltung<\/b><\/strong><\/td>\n<\/tr>\n<tr>\n<td>Rechnungslegungspflicht<\/td>\n<td>Ja<\/td>\n<\/tr>\n<tr>\n<td>Rechnungspr\u00fcfung erforderlich<\/td>\n<td>Ja<\/td>\n<\/tr>\n<tr>\n<td>Einreichung der Buchhaltungsunterlagen erforderlich<\/td>\n<td>Ja<\/td>\n<\/tr>\n<tr>\n<td>\u00d6ffentlich zug\u00e4ngliche Buchhaltung<\/td>\n<td>Nein<\/td>\n<\/tr>\n<tr>\n<td colspan=\"2\"><b><\/b><strong><b>Sonstiges<\/b><\/strong><\/td>\n<\/tr>\n<tr>\n<td>Einreichung der Jahresberichte erforderlich<\/td>\n<td>Ja<\/td>\n<\/tr>\n<tr>\n<td>Firmensitzwechsel erlaubt<\/td>\n<td>Ja<\/td>\n<\/tr>\n<\/tbody>\n<\/table>\t\t\t\t\t\t\t\t<\/div>\n\t\t\t\t<\/div>\n\t\t\t\t\t<\/div>\n\t\t\t\t<\/div>\n\t\t\t\t<\/div>\n\t\t","protected":false},"excerpt":{"rendered":"<p>Daten und Fakten zu Offshore-Firmen in Hong Kong Highlights Einer Offshore-Firma In Hong Kong Flexible Gesetzgebung f\u00fcr Unternehmen Keine Verordnungen bez\u00fcglich Devisenkontrolle Politische und wirtschaftliche Stabilit\u00e4t Keine Kapitalertrags- bzw. Einkommenssteuer oder sonstige Besteuerung Qualifiziertes Personal Eckdaten Allgemein Gesellschaftstyp Private Limited Gesetzgebung Common Vorratsgesellschaften verf\u00fcgbar Ja Registrierungszeit 3-7 Tage Mindest-Regierungsgeb\u00fchr (ausschlie\u00dflich Steuer) US$295 Unternehmensbesteuerung Keine auf [&hellip;]<\/p>\n","protected":false},"author":3,"featured_media":0,"parent":0,"menu_order":0,"comment_status":"closed","ping_status":"closed","template":"","meta":{"_acf_changed":false,"site-sidebar-layout":"no-sidebar","site-content-layout":"","ast-site-content-layout":"full-width-container","site-content-style":"unboxed","site-sidebar-style":"unboxed","ast-global-header-display":"","ast-banner-title-visibility":"","ast-main-header-display":"","ast-hfb-above-header-display":"","ast-hfb-below-header-display":"","ast-hfb-mobile-header-display":"","site-post-title":"disabled","ast-breadcrumbs-content":"","ast-featured-img":"","footer-sml-layout":"","theme-transparent-header-meta":"default","adv-header-id-meta":"","stick-header-meta":"","header-above-stick-meta":"","header-main-stick-meta":"","header-below-stick-meta":"","astra-migrate-meta-layouts":"set","ast-page-background-enabled":"default","ast-page-background-meta":{"desktop":{"background-color":"","background-image":"","background-repeat":"repeat","background-position":"center center","background-size":"auto","background-attachment":"scroll","background-type":"","background-media":"","overlay-type":"","overlay-color":"","overlay-opacity":"","overlay-gradient":""},"tablet":{"background-color":"","background-image":"","background-repeat":"repeat","background-position":"center center","background-size":"auto","background-attachment":"scroll","background-type":"","background-media":"","overlay-type":"","overlay-color":"","overlay-opacity":"","overlay-gradient":""},"mobile":{"background-color":"","background-image":"","background-repeat":"repeat","background-position":"center center","background-size":"auto","background-attachment":"scroll","background-type":"","background-media":"","overlay-type":"","overlay-color":"","overlay-opacity":"","overlay-gradient":""}},"ast-content-background-meta":{"desktop":{"background-color":"var(--ast-global-color-5)","background-image":"","background-repeat":"repeat","background-position":"center center","background-size":"auto","background-attachment":"scroll","background-type":"","background-media":"","overlay-type":"","overlay-color":"","overlay-opacity":"","overlay-gradient":""},"tablet":{"background-color":"var(--ast-global-color-5)","background-image":"","background-repeat":"repeat","background-position":"center center","background-size":"auto","background-attachment":"scroll","background-type":"","background-media":"","overlay-type":"","overlay-color":"","overlay-opacity":"","overlay-gradient":""},"mobile":{"background-color":"var(--ast-global-color-5)","background-image":"","background-repeat":"repeat","background-position":"center center","background-size":"auto","background-attachment":"scroll","background-type":"","background-media":"","overlay-type":"","overlay-color":"","overlay-opacity":"","overlay-gradient":""}},"footnotes":""},"class_list":["post-760","page","type-page","status-publish","hentry"],"acf":[],"_links":{"self":[{"href":"https:\/\/gws-offshore.com\/de\/wp-json\/wp\/v2\/pages\/760","targetHints":{"allow":["GET"]}}],"collection":[{"href":"https:\/\/gws-offshore.com\/de\/wp-json\/wp\/v2\/pages"}],"about":[{"href":"https:\/\/gws-offshore.com\/de\/wp-json\/wp\/v2\/types\/page"}],"author":[{"embeddable":true,"href":"https:\/\/gws-offshore.com\/de\/wp-json\/wp\/v2\/users\/3"}],"replies":[{"embeddable":true,"href":"https:\/\/gws-offshore.com\/de\/wp-json\/wp\/v2\/comments?post=760"}],"version-history":[{"count":8,"href":"https:\/\/gws-offshore.com\/de\/wp-json\/wp\/v2\/pages\/760\/revisions"}],"predecessor-version":[{"id":5030,"href":"https:\/\/gws-offshore.com\/de\/wp-json\/wp\/v2\/pages\/760\/revisions\/5030"}],"wp:attachment":[{"href":"https:\/\/gws-offshore.com\/de\/wp-json\/wp\/v2\/media?parent=760"}],"curies":[{"name":"wp","href":"https:\/\/api.w.org\/{rel}","templated":true}]}}