{"id":742,"date":"2019-03-14T14:48:46","date_gmt":"2019-03-14T14:48:46","guid":{"rendered":"http:\/\/gws-offshore.rhome.lv\/?page_id=742"},"modified":"2025-07-11T12:00:06","modified_gmt":"2025-07-11T10:00:06","slug":"daten-und-fakten-zu-offshore-firmen-in-gibraltar","status":"publish","type":"page","link":"https:\/\/gws-offshore.com\/de\/daten-und-fakten-zu-offshore-firmen-in-gibraltar\/","title":{"rendered":"Daten und Fakten zu Offshore-Firmen in Gibraltar"},"content":{"rendered":"\t\t<div data-elementor-type=\"wp-page\" data-elementor-id=\"742\" class=\"elementor elementor-742 elementor-730\" data-elementor-post-type=\"page\">\n\t\t\t\t<div class=\"elementor-element elementor-element-62a9c3c e-flex e-con-boxed e-con e-parent\" data-id=\"62a9c3c\" data-element_type=\"container\" data-e-type=\"container\" data-settings=\"{&quot;background_background&quot;:&quot;classic&quot;}\">\n\t\t\t\t\t<div class=\"e-con-inner\">\n\t\t<div class=\"elementor-element elementor-element-88d4262 e-con-full e-flex e-con e-child\" data-id=\"88d4262\" data-element_type=\"container\" data-e-type=\"container\">\n\t\t\t\t<div class=\"elementor-element elementor-element-04a3a9d elementor-invisible elementor-widget elementor-widget-heading\" data-id=\"04a3a9d\" data-element_type=\"widget\" data-e-type=\"widget\" data-settings=\"{&quot;_animation&quot;:&quot;fadeIn&quot;}\" data-widget_type=\"heading.default\">\n\t\t\t\t<div class=\"elementor-widget-container\">\n\t\t\t\t\t<h1 class=\"elementor-heading-title elementor-size-default\">Daten und Fakten zu Offshore-Firmen in Gibraltar<\/h1>\t\t\t\t<\/div>\n\t\t\t\t<\/div>\n\t\t\t\t<\/div>\n\t\t\t\t\t<\/div>\n\t\t\t\t<\/div>\n\t\t<div class=\"elementor-element elementor-element-515843f e-flex e-con-boxed e-con e-parent\" data-id=\"515843f\" data-element_type=\"container\" data-e-type=\"container\">\n\t\t\t\t\t<div class=\"e-con-inner\">\n\t\t\t\t<div class=\"elementor-element elementor-element-97acc24 elementor-widget elementor-widget-heading\" data-id=\"97acc24\" data-element_type=\"widget\" data-e-type=\"widget\" data-widget_type=\"heading.default\">\n\t\t\t\t<div class=\"elementor-widget-container\">\n\t\t\t\t\t<h4 class=\"elementor-heading-title elementor-size-default\">Highlights Einer Offshore-Firma in Gibraltar<\/h4>\t\t\t\t<\/div>\n\t\t\t\t<\/div>\n\t\t\t\t<div class=\"elementor-element elementor-element-0ced899 animated-slow elementor-invisible elementor-widget elementor-widget-text-editor\" data-id=\"0ced899\" data-element_type=\"widget\" data-e-type=\"widget\" data-settings=\"{&quot;_animation&quot;:&quot;fadeIn&quot;}\" data-widget_type=\"text-editor.default\">\n\t\t\t\t<div class=\"elementor-widget-container\">\n\t\t\t\t\t\t\t\t\t<ul><li>Ausgezeichnetes Gesellschafts- und Aktienrecht<\/li><li>Flexible Gesetzgebung f\u00fcr Unternehmen<\/li><li>Politische und wirtschaftliche Stabilit\u00e4t<\/li><li>Ausgezeichnete weltweit vernetzte Kommunikationsm\u00f6glichkeiten<\/li><li>Qualifiziertes Personal<\/li><li>Keine Kapitalertrags- bzw. Einkommenssteuer oder sonstige Besteuerung<\/li><\/ul>\t\t\t\t\t\t\t\t<\/div>\n\t\t\t\t<\/div>\n\t\t\t\t\t<\/div>\n\t\t\t\t<\/div>\n\t\t<div class=\"elementor-element elementor-element-96b64a3 e-flex e-con-boxed e-con e-parent\" data-id=\"96b64a3\" data-element_type=\"container\" data-e-type=\"container\">\n\t\t\t\t\t<div class=\"e-con-inner\">\n\t\t\t\t<div class=\"elementor-element elementor-element-bb04b75 elementor-widget elementor-widget-heading\" data-id=\"bb04b75\" data-element_type=\"widget\" data-e-type=\"widget\" data-widget_type=\"heading.default\">\n\t\t\t\t<div class=\"elementor-widget-container\">\n\t\t\t\t\t<h4 class=\"elementor-heading-title elementor-size-default\">ECKDATEN<\/h4>\t\t\t\t<\/div>\n\t\t\t\t<\/div>\n\t\t\t\t\t<\/div>\n\t\t\t\t<\/div>\n\t\t<div class=\"elementor-element elementor-element-41b4009b e-flex e-con-boxed e-con e-parent\" data-id=\"41b4009b\" data-element_type=\"container\" data-e-type=\"container\">\n\t\t\t\t\t<div class=\"e-con-inner\">\n\t\t\t\t<div class=\"elementor-element elementor-element-540c8c62 elementor-widget elementor-widget-text-editor\" data-id=\"540c8c62\" data-element_type=\"widget\" data-e-type=\"widget\" data-widget_type=\"text-editor.default\">\n\t\t\t\t<div class=\"elementor-widget-container\">\n\t\t\t\t\t\t\t\t\t<table>\n<tbody>\n<tr>\n<td colspan=\"2\"><strong>Allgemein<\/strong><\/td>\n<\/tr>\n<tr>\n<td>Gesellschaftstyp<\/td>\n<td>Nichtresident<\/td>\n<\/tr>\n<tr>\n<td>Gesetzgebung<\/td>\n<td>Common<\/td>\n<\/tr>\n<tr>\n<td>Vorratsgesellschaften verf\u00fcgbar<\/td>\n<td>Ja<\/td>\n<\/tr>\n<tr>\n<td>Registrierungszeit<\/td>\n<td>5-8 Tage<\/td>\n<\/tr>\n<tr>\n<td>Mindest-Regierungsgeb\u00fchr (ausschlie\u00dflich Steuer)<\/td>\n<td>\u00a360<\/td>\n<\/tr>\n<tr>\n<td>Unternehmensbesteuerung<\/td>\n<td>Keine<\/td>\n<\/tr>\n<tr>\n<td>Doppelbesteuerungsabkommen<\/td>\n<td>Nein<\/td>\n<\/tr>\n<tr>\n<td colspan=\"2\"><strong>Stammkapital oder Gegenwert<\/strong><\/td>\n<\/tr>\n<tr>\n<td>Standardw\u00e4hrung<\/td>\n<td>GBP<\/td>\n<\/tr>\n<tr>\n<td>Erlaubte W\u00e4hrungen<\/td>\n<td>Beliebig<\/td>\n<\/tr>\n<tr>\n<td>Voll eingezahltes Kapital (Minimum)<\/td>\n<td>\u00a31<\/td>\n<\/tr>\n<tr>\n<td>\u00dcblicherweise genehmigtes Kapital<\/td>\n<td>\u00a32,000<\/td>\n<\/tr>\n<tr>\n<td colspan=\"2\"><strong>Gesch\u00e4ftsf\u00fchrer<\/strong><\/td>\n<\/tr>\n<tr>\n<td>Mindestanzahl<\/td>\n<td>1<\/td>\n<\/tr>\n<tr>\n<td>Lokaler Gesch\u00e4ftsf\u00fchrer n\u00f6tig<\/td>\n<td>Nein<\/td>\n<\/tr>\n<tr>\n<td>\u00d6ffentlich zug\u00e4ngliche Unterlagen<\/td>\n<td>Ja<\/td>\n<\/tr>\n<tr>\n<td>Versammlungsort<\/td>\n<td>Beliebig, au\u00dfer Gibraltar<\/td>\n<\/tr>\n<tr>\n<td colspan=\"2\"><strong>Gesellschafter<\/strong><\/td>\n<\/tr>\n<tr>\n<td>Mindestanzahl<\/td>\n<td>1<\/td>\n<\/tr>\n<tr>\n<td>\u00d6ffentlich zug\u00e4ngliche Unterlagen<\/td>\n<td>Ja<\/td>\n<\/tr>\n<tr>\n<td>Versammlungsort<\/td>\n<td>Beliebig, au\u00dfer Gibraltar<\/td>\n<\/tr>\n<tr>\n<td colspan=\"2\"><strong>Schriftf\u00fchrer<\/strong><\/td>\n<\/tr>\n<tr>\n<td>Erforderlich<\/td>\n<td>Ja<\/td>\n<\/tr>\n<tr>\n<td>Lokal oder Qualifizierung notwendig<\/td>\n<td>Ja<\/td>\n<\/tr>\n<tr>\n<td colspan=\"2\"><strong>Buchhaltung<\/strong><\/td>\n<\/tr>\n<tr>\n<td>J\u00e4hrliche Steuererkl\u00e4rung<\/td>\n<td>Ja<\/td>\n<\/tr>\n<tr>\n<td>Rechnungspr\u00fcfung erforderlich<\/td>\n<td>Ja, mit Ausnahme von kleinen Unternehmen<\/td>\n<\/tr>\n<tr>\n<td>Einreichung der Buchhaltungsunterlagen erforderlich<\/td>\n<td>Ja<\/td>\n<\/tr>\n<tr>\n<td>\u00d6ffentlich zug\u00e4ngliche Buchhaltung<\/td>\n<td>Nein<\/td>\n<\/tr>\n<tr>\n<td colspan=\"2\"><strong>Sonstiges<\/strong><\/td>\n<\/tr>\n<tr>\n<td>Einreichung der Jahresberichte erforderlich<\/td>\n<td>Ja<\/td>\n<\/tr>\n<tr>\n<td>Firmensitzwechsel erlaubt<\/td>\n<td>Ja<\/td>\n<\/tr>\n<\/tbody>\n<\/table>\t\t\t\t\t\t\t\t<\/div>\n\t\t\t\t<\/div>\n\t\t\t\t\t<\/div>\n\t\t\t\t<\/div>\n\t\t\t\t<\/div>\n\t\t","protected":false},"excerpt":{"rendered":"<p>Daten und Fakten zu Offshore-Firmen in Gibraltar Highlights Einer Offshore-Firma in Gibraltar Ausgezeichnetes Gesellschafts- und Aktienrecht Flexible Gesetzgebung f\u00fcr Unternehmen Politische und wirtschaftliche Stabilit\u00e4t Ausgezeichnete weltweit vernetzte Kommunikationsm\u00f6glichkeiten Qualifiziertes Personal Keine Kapitalertrags- bzw. Einkommenssteuer oder sonstige Besteuerung ECKDATEN Allgemein Gesellschaftstyp Nichtresident Gesetzgebung Common Vorratsgesellschaften verf\u00fcgbar Ja Registrierungszeit 5-8 Tage Mindest-Regierungsgeb\u00fchr (ausschlie\u00dflich Steuer) \u00a360 Unternehmensbesteuerung Keine [&hellip;]<\/p>\n","protected":false},"author":3,"featured_media":0,"parent":0,"menu_order":0,"comment_status":"closed","ping_status":"closed","template":"","meta":{"_acf_changed":false,"site-sidebar-layout":"no-sidebar","site-content-layout":"","ast-site-content-layout":"full-width-container","site-content-style":"unboxed","site-sidebar-style":"unboxed","ast-global-header-display":"","ast-banner-title-visibility":"","ast-main-header-display":"","ast-hfb-above-header-display":"","ast-hfb-below-header-display":"","ast-hfb-mobile-header-display":"","site-post-title":"disabled","ast-breadcrumbs-content":"","ast-featured-img":"","footer-sml-layout":"","theme-transparent-header-meta":"default","adv-header-id-meta":"","stick-header-meta":"","header-above-stick-meta":"","header-main-stick-meta":"","header-below-stick-meta":"","astra-migrate-meta-layouts":"set","ast-page-background-enabled":"default","ast-page-background-meta":{"desktop":{"background-color":"","background-image":"","background-repeat":"repeat","background-position":"center center","background-size":"auto","background-attachment":"scroll","background-type":"","background-media":"","overlay-type":"","overlay-color":"","overlay-opacity":"","overlay-gradient":""},"tablet":{"background-color":"","background-image":"","background-repeat":"repeat","background-position":"center center","background-size":"auto","background-attachment":"scroll","background-type":"","background-media":"","overlay-type":"","overlay-color":"","overlay-opacity":"","overlay-gradient":""},"mobile":{"background-color":"","background-image":"","background-repeat":"repeat","background-position":"center center","background-size":"auto","background-attachment":"scroll","background-type":"","background-media":"","overlay-type":"","overlay-color":"","overlay-opacity":"","overlay-gradient":""}},"ast-content-background-meta":{"desktop":{"background-color":"var(--ast-global-color-5)","background-image":"","background-repeat":"repeat","background-position":"center center","background-size":"auto","background-attachment":"scroll","background-type":"","background-media":"","overlay-type":"","overlay-color":"","overlay-opacity":"","overlay-gradient":""},"tablet":{"background-color":"var(--ast-global-color-5)","background-image":"","background-repeat":"repeat","background-position":"center center","background-size":"auto","background-attachment":"scroll","background-type":"","background-media":"","overlay-type":"","overlay-color":"","overlay-opacity":"","overlay-gradient":""},"mobile":{"background-color":"var(--ast-global-color-5)","background-image":"","background-repeat":"repeat","background-position":"center center","background-size":"auto","background-attachment":"scroll","background-type":"","background-media":"","overlay-type":"","overlay-color":"","overlay-opacity":"","overlay-gradient":""}},"footnotes":""},"class_list":["post-742","page","type-page","status-publish","hentry"],"acf":[],"_links":{"self":[{"href":"https:\/\/gws-offshore.com\/de\/wp-json\/wp\/v2\/pages\/742","targetHints":{"allow":["GET"]}}],"collection":[{"href":"https:\/\/gws-offshore.com\/de\/wp-json\/wp\/v2\/pages"}],"about":[{"href":"https:\/\/gws-offshore.com\/de\/wp-json\/wp\/v2\/types\/page"}],"author":[{"embeddable":true,"href":"https:\/\/gws-offshore.com\/de\/wp-json\/wp\/v2\/users\/3"}],"replies":[{"embeddable":true,"href":"https:\/\/gws-offshore.com\/de\/wp-json\/wp\/v2\/comments?post=742"}],"version-history":[{"count":5,"href":"https:\/\/gws-offshore.com\/de\/wp-json\/wp\/v2\/pages\/742\/revisions"}],"predecessor-version":[{"id":4940,"href":"https:\/\/gws-offshore.com\/de\/wp-json\/wp\/v2\/pages\/742\/revisions\/4940"}],"wp:attachment":[{"href":"https:\/\/gws-offshore.com\/de\/wp-json\/wp\/v2\/media?parent=742"}],"curies":[{"name":"wp","href":"https:\/\/api.w.org\/{rel}","templated":true}]}}