{"id":736,"date":"2019-03-14T14:38:52","date_gmt":"2019-03-14T14:38:52","guid":{"rendered":"http:\/\/gws-offshore.rhome.lv\/?page_id=736"},"modified":"2025-07-18T15:18:59","modified_gmt":"2025-07-18T13:18:59","slug":"gibraltar-offshore-firmengruendung","status":"publish","type":"page","link":"https:\/\/gws-offshore.com\/de\/gibraltar-offshore-firmengruendung\/","title":{"rendered":"Gibraltar Offshore Firmengr\u00fcndung"},"content":{"rendered":"\t\t<div data-elementor-type=\"wp-page\" data-elementor-id=\"736\" class=\"elementor elementor-736 elementor-725\" data-elementor-post-type=\"page\">\n\t\t\t\t<div class=\"elementor-element elementor-element-76e1399 e-flex e-con-boxed e-con e-parent\" data-id=\"76e1399\" data-element_type=\"container\" data-e-type=\"container\" data-settings=\"{&quot;background_background&quot;:&quot;classic&quot;}\">\n\t\t\t\t\t<div class=\"e-con-inner\">\n\t\t<div class=\"elementor-element elementor-element-e46941c e-con-full e-flex e-con e-child\" data-id=\"e46941c\" data-element_type=\"container\" data-e-type=\"container\">\n\t\t\t\t<div class=\"elementor-element elementor-element-47be39a elementor-widget elementor-widget-heading\" data-id=\"47be39a\" data-element_type=\"widget\" data-e-type=\"widget\" data-widget_type=\"heading.default\">\n\t\t\t\t<div class=\"elementor-widget-container\">\n\t\t\t\t\t<h1 class=\"elementor-heading-title elementor-size-default\">Offshore-Firma in Gibraltar gr\u00fcnden<\/h1>\t\t\t\t<\/div>\n\t\t\t\t<\/div>\n\t\t\t\t<\/div>\n\t\t\t\t\t<\/div>\n\t\t\t\t<\/div>\n\t\t<div class=\"elementor-element elementor-element-a5a7a23 e-flex e-con-boxed e-con e-parent\" data-id=\"a5a7a23\" data-element_type=\"container\" data-e-type=\"container\">\n\t\t\t\t\t<div class=\"e-con-inner\">\n\t\t\t\t<div class=\"elementor-element elementor-element-ae4f109 elementor-widget elementor-widget-heading\" data-id=\"ae4f109\" data-element_type=\"widget\" data-e-type=\"widget\" data-widget_type=\"heading.default\">\n\t\t\t\t<div class=\"elementor-widget-container\">\n\t\t\t\t\t<h4 class=\"elementor-heading-title elementor-size-default\">Gibraltar Offshore Firmengr\u00fcndung<\/h4>\t\t\t\t<\/div>\n\t\t\t\t<\/div>\n\t\t\t\t<div class=\"elementor-element elementor-element-5173d6c animated-slow elementor-invisible elementor-widget elementor-widget-text-editor\" data-id=\"5173d6c\" data-element_type=\"widget\" data-e-type=\"widget\" data-settings=\"{&quot;_animation&quot;:&quot;fadeIn&quot;}\" data-widget_type=\"text-editor.default\">\n\t\t\t\t<div class=\"elementor-widget-container\">\n\t\t\t\t\t\t\t\t\t<ul>\n<li style=\"list-style-type: none;\">\n<ul>\n<li><a href=\"\/de\/daten-und-fakten-zu-offshore-firmen-in-gibraltar\/\">Eckdaten zu Offshore-Firmen in Gibraltar<\/a><\/li>\n<li><a href=\"\/wp-content\/uploads\/2019\/03\/Gibraltar_Companies_Act_1930_and_Amendments.pdf\">Gibraltar Companies Act<\/a> (PDF)<\/li>\n<li><a href=\"\/de\/gebuhrenubersicht-2\/\">Kosten\u00fcbersicht<\/a><\/li>\n<li><a href=\"\/wp-content\/uploads\/2019\/01\/GWS_Jurisdiction-Comparison-Chart-1.xlsx\">Vergleich der Standorte<\/a> (Excel)<\/li>\n<\/ul>\n<\/li>\n<\/ul>\n\t\t\t\t\t\t\t\t<\/div>\n\t\t\t\t<\/div>\n\t\t\t\t\t<\/div>\n\t\t\t\t<\/div>\n\t\t<div class=\"elementor-element elementor-element-b4ae66f e-flex e-con-boxed e-con e-parent\" data-id=\"b4ae66f\" data-element_type=\"container\" data-e-type=\"container\">\n\t\t\t\t\t<div class=\"e-con-inner\">\n\t\t<div class=\"elementor-element elementor-element-57abb7d e-con-full e-flex e-con e-child\" data-id=\"57abb7d\" data-element_type=\"container\" data-e-type=\"container\" data-settings=\"{&quot;background_background&quot;:&quot;slideshow&quot;,&quot;background_slideshow_gallery&quot;:[{&quot;id&quot;:2833,&quot;url&quot;:&quot;https:\\\/\\\/gws-offshore.com\\\/wp-content\\\/uploads\\\/2025\\\/04\\\/gibraltar-offshore-1.jpg&quot;},{&quot;id&quot;:2835,&quot;url&quot;:&quot;https:\\\/\\\/gws-offshore.com\\\/wp-content\\\/uploads\\\/2025\\\/04\\\/gibraltar-offshore-2.jpg&quot;},{&quot;id&quot;:2837,&quot;url&quot;:&quot;https:\\\/\\\/gws-offshore.com\\\/wp-content\\\/uploads\\\/2025\\\/04\\\/gibraltar-offshore-3.jpg&quot;}],&quot;background_slideshow_loop&quot;:&quot;yes&quot;,&quot;background_slideshow_slide_duration&quot;:5000,&quot;background_slideshow_slide_transition&quot;:&quot;fade&quot;,&quot;background_slideshow_transition_duration&quot;:500}\">\n\t\t\t\t<div class=\"elementor-element elementor-element-9fb6a8f elementor-widget elementor-widget-heading\" data-id=\"9fb6a8f\" data-element_type=\"widget\" data-e-type=\"widget\" data-widget_type=\"heading.default\">\n\t\t\t\t<div class=\"elementor-widget-container\">\n\t\t\t\t\t<h2 class=\"elementor-heading-title elementor-size-default\">Ihre Vorteile:<\/h2>\t\t\t\t<\/div>\n\t\t\t\t<\/div>\n\t\t\t\t<div class=\"elementor-element elementor-element-1f2b6fa elementor-widget elementor-widget-text-editor\" data-id=\"1f2b6fa\" data-element_type=\"widget\" data-e-type=\"widget\" data-widget_type=\"text-editor.default\">\n\t\t\t\t<div class=\"elementor-widget-container\">\n\t\t\t\t\t\t\t\t\t<p>Wir gr\u00fcnden Ihre Offshore-Firma in Gibraltar innerhalb von 5-8 Tagen<\/p><p>H\u00f6chstes Ma\u00df an Vertraulichkeit<\/p><p>Ein pers\u00f6nlicher Kundenberater \u2013 365 Tage im Jahr<\/p><p>Ein garantiertes Bankkonto, Onlinebanking und Kreditkarte<\/p><p>Aktienkapital muss nicht eingezahlt werden<\/p><p>Anonyme Gr\u00fcndung mit Treuhandgesch\u00e4ftsf\u00fchrer und -gesellschafter (optional)<\/p><p>Gr\u00fcndungsgeb\u00fchr ab\u00a0<strong>2,690 USD<\/strong><\/p>\t\t\t\t\t\t\t\t<\/div>\n\t\t\t\t<\/div>\n\t\t<div class=\"elementor-element elementor-element-40b5f18 e-con-full e-flex e-con e-child\" data-id=\"40b5f18\" data-element_type=\"container\" data-e-type=\"container\">\n\t\t\t\t<div class=\"elementor-element elementor-element-8f6411a elementor-align-left elementor-widget elementor-widget-button\" data-id=\"8f6411a\" data-element_type=\"widget\" data-e-type=\"widget\" data-widget_type=\"button.default\">\n\t\t\t\t<div class=\"elementor-widget-container\">\n\t\t\t\t\t\t\t\t\t<div class=\"elementor-button-wrapper\">\n\t\t\t\t\t<a class=\"elementor-button elementor-button-link elementor-size-sm\" href=\"https:\/\/gws-offshore.com\/de\/kontakt\/\">\n\t\t\t\t\t\t<span class=\"elementor-button-content-wrapper\">\n\t\t\t\t\t\t\t\t\t<span class=\"elementor-button-text\">Kontakt<\/span>\n\t\t\t\t\t<\/span>\n\t\t\t\t\t<\/a>\n\t\t\t\t<\/div>\n\t\t\t\t\t\t\t\t<\/div>\n\t\t\t\t<\/div>\n\t\t\t\t<\/div>\n\t\t\t\t<\/div>\n\t\t\t\t\t<\/div>\n\t\t\t\t<\/div>\n\t\t<div class=\"elementor-element elementor-element-94669b1 animated-slow e-flex e-con-boxed elementor-invisible e-con e-parent\" data-id=\"94669b1\" data-element_type=\"container\" data-e-type=\"container\" data-settings=\"{&quot;animation&quot;:&quot;fadeIn&quot;}\">\n\t\t\t\t\t<div class=\"e-con-inner\">\n\t\t\t\t<div class=\"elementor-element elementor-element-eecd84e elementor-widget elementor-widget-text-editor\" data-id=\"eecd84e\" data-element_type=\"widget\" data-e-type=\"widget\" data-widget_type=\"text-editor.default\">\n\t\t\t\t<div class=\"elementor-widget-container\">\n\t\t\t\t\t\t\t\t\t<p><strong>Gibraltar<\/strong>\u00a0ist ein britisches \u00dcberseegebiet im Mittelmeer, an der S\u00fcdspitze der iberischen Halbinsel. Die Wirtschaft wird unter anderem von Finanzdienstleistungen, Internet Gaming, Tourismus und Versand dominiert. Das Gesellschaftsrecht basiert auf dem britischen Companies Act von 1929 und der Companies Ordinance von 1984.<\/p>\n<p>Ein nicht-residentes Unternehmen unterliegt keiner \u00a0Besteuerung in Gibraltar und ist nicht verpflichtet, seine Konten oder Buchhaltung \u00f6ffentlich einzureichen. Als Nullsteuergebiet gibt es keine Verm\u00f6gens-, Kapitalertrags-, Schenkungs- oder Mehrwertsteuer. Zus\u00e4tzlich hat Gibraltar keinerlei Doppelbesteuerungsabkommen unterzeichnet.<\/p>\n\t\t\t\t\t\t\t\t<\/div>\n\t\t\t\t<\/div>\n\t\t\t\t<div class=\"elementor-element elementor-element-2abaf2f elementor-widget elementor-widget-text-editor\" data-id=\"2abaf2f\" data-element_type=\"widget\" data-e-type=\"widget\" data-widget_type=\"text-editor.default\">\n\t\t\t\t<div class=\"elementor-widget-container\">\n\t\t\t\t\t\t\t\t\t<p>Der Offshore-Standort Gibraltar eignet sich insbesondere f\u00fcr:<\/p>\n\t\t\t\t\t\t\t\t<\/div>\n\t\t\t\t<\/div>\n\t\t\t\t<div class=\"elementor-element elementor-element-919dc5a animated-slow elementor-invisible elementor-widget elementor-widget-text-editor\" data-id=\"919dc5a\" data-element_type=\"widget\" data-e-type=\"widget\" data-settings=\"{&quot;_animation&quot;:&quot;fadeIn&quot;}\" data-widget_type=\"text-editor.default\">\n\t\t\t\t<div class=\"elementor-widget-container\">\n\t\t\t\t\t\t\t\t\t<ul>\n<li>Verm\u00f6gensverwaltung<\/li>\n<li>B\u00f6rsengang<\/li>\n<li>Steueroptimierung<\/li>\n<li>Nachlassplanung<\/li>\n<li>Schiff- und Yacht-Eigentum<\/li>\n<li>Halten und Verwalten von Immobilien<\/li>\n<li>Intellectual Property Management (IPM)<\/li>\n<\/ul>\n\t\t\t\t\t\t\t\t<\/div>\n\t\t\t\t<\/div>\n\t\t\t\t<div class=\"elementor-element elementor-element-7d0fc46 elementor-widget elementor-widget-heading\" data-id=\"7d0fc46\" data-element_type=\"widget\" data-e-type=\"widget\" data-widget_type=\"heading.default\">\n\t\t\t\t<div class=\"elementor-widget-container\">\n\t\t\t\t\t<h4 class=\"elementor-heading-title elementor-size-default\">Gr\u00fcndungskosten einer Offshore-Gesellschaft in Gibraltar:<\/h4>\t\t\t\t<\/div>\n\t\t\t\t<\/div>\n\t\t\t\t<div class=\"elementor-element elementor-element-a63a74f elementor-widget elementor-widget-text-editor\" data-id=\"a63a74f\" data-element_type=\"widget\" data-e-type=\"widget\" data-widget_type=\"text-editor.default\">\n\t\t\t\t<div class=\"elementor-widget-container\">\n\t\t\t\t\t\t\t\t\t<p>Wir gr\u00fcnden Ihre Offshore-Firma in Gibraltar bereits ab <b><strong>2,690<\/strong>\u00a0USD<\/b>.<\/p>\t\t\t\t\t\t\t\t<\/div>\n\t\t\t\t<\/div>\n\t\t\t\t<div class=\"elementor-element elementor-element-1d3085e elementor-icon-list--layout-traditional elementor-list-item-link-full_width elementor-widget elementor-widget-icon-list\" data-id=\"1d3085e\" data-element_type=\"widget\" data-e-type=\"widget\" data-widget_type=\"icon-list.default\">\n\t\t\t\t<div class=\"elementor-widget-container\">\n\t\t\t\t\t\t\t<ul class=\"elementor-icon-list-items\">\n\t\t\t\t\t\t\t<li class=\"elementor-icon-list-item\">\n\t\t\t\t\t\t\t\t\t\t\t<a href=\"https:\/\/gws-offshore.com\/de\/dubai-offshore-firmengrundung\/\">\n\n\t\t\t\t\t\t\t\t\t\t\t\t<span class=\"elementor-icon-list-icon\">\n\t\t\t\t\t\t\t<svg aria-hidden=\"true\" class=\"e-font-icon-svg e-fas-arrow-alt-circle-right\" viewBox=\"0 0 512 512\" xmlns=\"http:\/\/www.w3.org\/2000\/svg\"><path d=\"M256 8c137 0 248 111 248 248S393 504 256 504 8 393 8 256 119 8 256 8zM140 300h116v70.9c0 10.7 13 16.1 20.5 8.5l114.3-114.9c4.7-4.7 4.7-12.2 0-16.9l-114.3-115c-7.6-7.6-20.5-2.2-20.5 8.5V212H140c-6.6 0-12 5.4-12 12v64c0 6.6 5.4 12 12 12z\"><\/path><\/svg>\t\t\t\t\t\t<\/span>\n\t\t\t\t\t\t\t\t\t\t<span class=\"elementor-icon-list-text\">Aufgrund der juristischen und steuerlichen Gestaltungsm\u00f6glichkeiten sowie der ausgezeichneten Reputation empfehlen wir unseren Mandanten eine Firmengr\u00fcndung in den Vereinigten Arabischen Emiraten.<\/span>\n\t\t\t\t\t\t\t\t\t\t\t<\/a>\n\t\t\t\t\t\t\t\t\t<\/li>\n\t\t\t\t\t\t<\/ul>\n\t\t\t\t\t\t<\/div>\n\t\t\t\t<\/div>\n\t\t\t\t\t<\/div>\n\t\t\t\t<\/div>\n\t\t\t\t<\/div>\n\t\t","protected":false},"excerpt":{"rendered":"<p>Offshore-Firma in Gibraltar gr\u00fcnden Gibraltar Offshore Firmengr\u00fcndung Eckdaten zu Offshore-Firmen in Gibraltar Gibraltar Companies Act (PDF) Kosten\u00fcbersicht Vergleich der Standorte (Excel) Ihre Vorteile: Wir gr\u00fcnden Ihre Offshore-Firma in Gibraltar innerhalb von 5-8 Tagen H\u00f6chstes Ma\u00df an Vertraulichkeit Ein pers\u00f6nlicher Kundenberater \u2013 365 Tage im Jahr Ein garantiertes Bankkonto, Onlinebanking und Kreditkarte Aktienkapital muss nicht eingezahlt [&hellip;]<\/p>\n","protected":false},"author":3,"featured_media":0,"parent":0,"menu_order":0,"comment_status":"closed","ping_status":"closed","template":"","meta":{"_acf_changed":false,"site-sidebar-layout":"no-sidebar","site-content-layout":"","ast-site-content-layout":"full-width-container","site-content-style":"unboxed","site-sidebar-style":"unboxed","ast-global-header-display":"","ast-banner-title-visibility":"","ast-main-header-display":"","ast-hfb-above-header-display":"","ast-hfb-below-header-display":"","ast-hfb-mobile-header-display":"","site-post-title":"disabled","ast-breadcrumbs-content":"","ast-featured-img":"disabled","footer-sml-layout":"","theme-transparent-header-meta":"default","adv-header-id-meta":"","stick-header-meta":"","header-above-stick-meta":"","header-main-stick-meta":"","header-below-stick-meta":"","astra-migrate-meta-layouts":"default","ast-page-background-enabled":"default","ast-page-background-meta":{"desktop":{"background-color":"","background-image":"","background-repeat":"repeat","background-position":"center center","background-size":"auto","background-attachment":"scroll","background-type":"","background-media":"","overlay-type":"","overlay-color":"","overlay-opacity":"","overlay-gradient":""},"tablet":{"background-color":"","background-image":"","background-repeat":"repeat","background-position":"center center","background-size":"auto","background-attachment":"scroll","background-type":"","background-media":"","overlay-type":"","overlay-color":"","overlay-opacity":"","overlay-gradient":""},"mobile":{"background-color":"","background-image":"","background-repeat":"repeat","background-position":"center center","background-size":"auto","background-attachment":"scroll","background-type":"","background-media":"","overlay-type":"","overlay-color":"","overlay-opacity":"","overlay-gradient":""}},"ast-content-background-meta":{"desktop":{"background-color":"var(--ast-global-color-5)","background-image":"","background-repeat":"repeat","background-position":"center center","background-size":"auto","background-attachment":"scroll","background-type":"","background-media":"","overlay-type":"","overlay-color":"","overlay-opacity":"","overlay-gradient":""},"tablet":{"background-color":"var(--ast-global-color-5)","background-image":"","background-repeat":"repeat","background-position":"center center","background-size":"auto","background-attachment":"scroll","background-type":"","background-media":"","overlay-type":"","overlay-color":"","overlay-opacity":"","overlay-gradient":""},"mobile":{"background-color":"var(--ast-global-color-5)","background-image":"","background-repeat":"repeat","background-position":"center center","background-size":"auto","background-attachment":"scroll","background-type":"","background-media":"","overlay-type":"","overlay-color":"","overlay-opacity":"","overlay-gradient":""}},"footnotes":""},"class_list":["post-736","page","type-page","status-publish","hentry"],"acf":[],"_links":{"self":[{"href":"https:\/\/gws-offshore.com\/de\/wp-json\/wp\/v2\/pages\/736","targetHints":{"allow":["GET"]}}],"collection":[{"href":"https:\/\/gws-offshore.com\/de\/wp-json\/wp\/v2\/pages"}],"about":[{"href":"https:\/\/gws-offshore.com\/de\/wp-json\/wp\/v2\/types\/page"}],"author":[{"embeddable":true,"href":"https:\/\/gws-offshore.com\/de\/wp-json\/wp\/v2\/users\/3"}],"replies":[{"embeddable":true,"href":"https:\/\/gws-offshore.com\/de\/wp-json\/wp\/v2\/comments?post=736"}],"version-history":[{"count":19,"href":"https:\/\/gws-offshore.com\/de\/wp-json\/wp\/v2\/pages\/736\/revisions"}],"predecessor-version":[{"id":5050,"href":"https:\/\/gws-offshore.com\/de\/wp-json\/wp\/v2\/pages\/736\/revisions\/5050"}],"wp:attachment":[{"href":"https:\/\/gws-offshore.com\/de\/wp-json\/wp\/v2\/media?parent=736"}],"curies":[{"name":"wp","href":"https:\/\/api.w.org\/{rel}","templated":true}]}}