{"id":713,"date":"2019-03-13T09:10:16","date_gmt":"2019-03-13T09:10:16","guid":{"rendered":"http:\/\/gws-offshore.rhome.lv\/?page_id=713"},"modified":"2025-07-11T12:10:07","modified_gmt":"2025-07-11T10:10:07","slug":"daten-und-fakten-zu-offshore-firmen-in-dubai-rak","status":"publish","type":"page","link":"https:\/\/gws-offshore.com\/de\/daten-und-fakten-zu-offshore-firmen-in-dubai-rak\/","title":{"rendered":"Daten und Fakten zu Offshore-Firmen in Dubai (RAK)"},"content":{"rendered":"\t\t<div data-elementor-type=\"wp-page\" data-elementor-id=\"713\" class=\"elementor elementor-713 elementor-698\" data-elementor-post-type=\"page\">\n\t\t\t\t<div class=\"elementor-element elementor-element-11b3879 e-flex e-con-boxed e-con e-parent\" data-id=\"11b3879\" data-element_type=\"container\" data-e-type=\"container\" data-settings=\"{&quot;background_background&quot;:&quot;classic&quot;}\">\n\t\t\t\t\t<div class=\"e-con-inner\">\n\t\t<div class=\"elementor-element elementor-element-7b1a1df e-con-full e-flex e-con e-child\" data-id=\"7b1a1df\" data-element_type=\"container\" data-e-type=\"container\">\n\t\t\t\t<div class=\"elementor-element elementor-element-d013d97 elementor-invisible elementor-widget elementor-widget-heading\" data-id=\"d013d97\" data-element_type=\"widget\" data-e-type=\"widget\" data-settings=\"{&quot;_animation&quot;:&quot;fadeIn&quot;}\" data-widget_type=\"heading.default\">\n\t\t\t\t<div class=\"elementor-widget-container\">\n\t\t\t\t\t<h1 class=\"elementor-heading-title elementor-size-default\">Daten und Fakten zu Offshore-Firmen in Dubai (RAK)<\/h1>\t\t\t\t<\/div>\n\t\t\t\t<\/div>\n\t\t\t\t<\/div>\n\t\t\t\t\t<\/div>\n\t\t\t\t<\/div>\n\t\t<div class=\"elementor-element elementor-element-1bcf938 e-flex e-con-boxed e-con e-parent\" data-id=\"1bcf938\" data-element_type=\"container\" data-e-type=\"container\">\n\t\t\t\t\t<div class=\"e-con-inner\">\n\t\t\t\t<div class=\"elementor-element elementor-element-981bf91 elementor-widget elementor-widget-heading\" data-id=\"981bf91\" data-element_type=\"widget\" data-e-type=\"widget\" data-widget_type=\"heading.default\">\n\t\t\t\t<div class=\"elementor-widget-container\">\n\t\t\t\t\t<h4 class=\"elementor-heading-title elementor-size-default\">Highlights Einer Offshore-Firma in Ras Al Khaimah<\/h4>\t\t\t\t<\/div>\n\t\t\t\t<\/div>\n\t\t\t\t<div class=\"elementor-element elementor-element-fbb506f animated-slow elementor-invisible elementor-widget elementor-widget-text-editor\" data-id=\"fbb506f\" data-element_type=\"widget\" data-e-type=\"widget\" data-settings=\"{&quot;_animation&quot;:&quot;fadeIn&quot;}\" data-widget_type=\"text-editor.default\">\n\t\t\t\t<div class=\"elementor-widget-container\">\n\t\t\t\t\t\t\t\t\t<ul><li>Ausgezeichnetes Gesellschafts- und Aktienrecht<\/li><li>Flexible Gesetzgebung f\u00fcr Unternehmen<\/li><li>Keine Besteuerung f\u00fcr internationale Transaktionen und Banktransaktionen<\/li><li>Keine Verordnungen bez\u00fcglich Devisenkontrolle<\/li><li>Politische und wirtschaftliche Stabilit\u00e4t<\/li><li>Hervorragendes Angebot an Hotelunterk\u00fcnften<\/li><li>Ausgezeichnete weltweit vernetzte Kommunikationsm\u00f6glichkeiten<\/li><li>Qualifiziertes Personal<\/li><li>Keine Kapitalertrags- bzw. Einkommenssteuer oder sonstige Besteuerung<\/li><\/ul>\t\t\t\t\t\t\t\t<\/div>\n\t\t\t\t<\/div>\n\t\t\t\t\t<\/div>\n\t\t\t\t<\/div>\n\t\t<div class=\"elementor-element elementor-element-81add8c e-flex e-con-boxed e-con e-parent\" data-id=\"81add8c\" data-element_type=\"container\" data-e-type=\"container\">\n\t\t\t\t\t<div class=\"e-con-inner\">\n\t\t\t\t<div class=\"elementor-element elementor-element-40aa5bb elementor-widget elementor-widget-heading\" data-id=\"40aa5bb\" data-element_type=\"widget\" data-e-type=\"widget\" data-widget_type=\"heading.default\">\n\t\t\t\t<div class=\"elementor-widget-container\">\n\t\t\t\t\t<h4 class=\"elementor-heading-title elementor-size-default\">Eckdaten<\/h4>\t\t\t\t<\/div>\n\t\t\t\t<\/div>\n\t\t\t\t\t<\/div>\n\t\t\t\t<\/div>\n\t\t<div class=\"elementor-element elementor-element-630fc452 e-flex e-con-boxed e-con e-parent\" data-id=\"630fc452\" data-element_type=\"container\" data-e-type=\"container\">\n\t\t\t\t\t<div class=\"e-con-inner\">\n\t\t\t\t<div class=\"elementor-element elementor-element-56f78227 elementor-widget elementor-widget-text-editor\" data-id=\"56f78227\" data-element_type=\"widget\" data-e-type=\"widget\" data-widget_type=\"text-editor.default\">\n\t\t\t\t<div class=\"elementor-widget-container\">\n\t\t\t\t\t\t\t\t\t<table style=\"font-size: 16px; font-style: normal;\"><tbody><tr><td colspan=\"2\"><strong>Allgemein<\/strong><\/td><\/tr><tr><td>Gesellschaftstyp<\/td><td>Kapitalgesellschaft<\/td><\/tr><tr><td>Politische Stabilit\u00e4t<\/td><td>Ausgezeichnet<\/td><\/tr><tr><td>Gewohnheits- oder Zivilrecht<\/td><td>Beliebig<\/td><\/tr><tr><td>Offenlegung des wirtschaftlichen Eigent\u00fcmers<\/td><td>Ja<\/td><\/tr><tr><td>Firmensitzwechsel erlaubt<\/td><td>Ja<\/td><\/tr><tr><td>Unternehmensbesteuerung<\/td><td>Keine<\/td><\/tr><tr><td>Firmenname<\/td><td>Englisch oder Arabisch<\/td><\/tr><tr><td colspan=\"2\"><b>Unternehmensanforderungen<\/b><\/td><\/tr><tr><td>Mindestanzahl Gesellschafter \/ Mitglieder<\/td><td>1<\/td><\/tr><tr><td>Mindestanzahl Gesch\u00e4ftsf\u00fchrer \/ Manager<\/td><td>1<\/td><\/tr><tr><td>Corporate Directors \/ Manager erlaubt<\/td><td>Ja<\/td><\/tr><tr><td>\u00dcblicherweise genehmigtes Kapital<\/td><td>Dhs 1,000 (Minimum)<\/td><\/tr><tr><td>Voll eingezahltes Kapital (Minimum)<\/td><td>Voll eingezahlt<\/td><\/tr><tr><td colspan=\"2\"><b>Lokale Anforderungen<\/b><\/td><\/tr><tr><td>Registrierter Firmensitz \/ Vertreter<\/td><td>Ja<\/td><\/tr><tr><td>Ortsans\u00e4ssiger Partner<\/td><td>(UAE National oder Unternehmen im Besitz der UAE National) Nein<\/td><\/tr><tr><td>Ortsans\u00e4ssiger Gesch\u00e4ftsf\u00fchrer<\/td><td>Nein<\/td><\/tr><tr><td>Versammlungen vor Ort<\/td><td>Nein<\/td><\/tr><tr><td>Staatliches Register der Gesch\u00e4ftsf\u00fchrer \/ Manager<\/td><td>Ja<\/td><\/tr><tr><td>Staatliches Register der Gesellschafter \/ Mitglieder<\/td><td>Ja<\/td><\/tr><tr><td colspan=\"2\"><strong>J\u00e4hrliche Anforderungen<\/strong><\/td><\/tr><tr><td>Jahresrendite<\/td><td>Nein<\/td><\/tr><tr><td>Einreichung der Buchhaltungsunterlagen erforderlich<\/td><td>Ja<\/td><\/tr><tr><td colspan=\"2\"><strong>Wiederkehrende Kosten<\/strong><\/td><\/tr><tr><td>Mindest-Jahresgeb\u00fchr \/ Lizenzgeb\u00fchr<\/td><td>AED 2,000<\/td><\/tr><tr><td>J\u00e4hrliche Steuererkl\u00e4rungsgeb\u00fchr<\/td><td>N\/A<\/td><\/tr><\/tbody><\/table>\t\t\t\t\t\t\t\t<\/div>\n\t\t\t\t<\/div>\n\t\t\t\t\t<\/div>\n\t\t\t\t<\/div>\n\t\t\t\t<\/div>\n\t\t","protected":false},"excerpt":{"rendered":"<p>Daten und Fakten zu Offshore-Firmen in Dubai (RAK) Highlights Einer Offshore-Firma in Ras Al Khaimah Ausgezeichnetes Gesellschafts- und Aktienrecht Flexible Gesetzgebung f\u00fcr Unternehmen Keine Besteuerung f\u00fcr internationale Transaktionen und Banktransaktionen Keine Verordnungen bez\u00fcglich Devisenkontrolle Politische und wirtschaftliche Stabilit\u00e4t Hervorragendes Angebot an Hotelunterk\u00fcnften Ausgezeichnete weltweit vernetzte Kommunikationsm\u00f6glichkeiten Qualifiziertes Personal Keine Kapitalertrags- bzw. Einkommenssteuer oder sonstige Besteuerung [&hellip;]<\/p>\n","protected":false},"author":3,"featured_media":0,"parent":0,"menu_order":0,"comment_status":"closed","ping_status":"closed","template":"","meta":{"_acf_changed":false,"site-sidebar-layout":"no-sidebar","site-content-layout":"","ast-site-content-layout":"full-width-container","site-content-style":"unboxed","site-sidebar-style":"unboxed","ast-global-header-display":"","ast-banner-title-visibility":"","ast-main-header-display":"","ast-hfb-above-header-display":"","ast-hfb-below-header-display":"","ast-hfb-mobile-header-display":"","site-post-title":"disabled","ast-breadcrumbs-content":"","ast-featured-img":"","footer-sml-layout":"","theme-transparent-header-meta":"default","adv-header-id-meta":"","stick-header-meta":"","header-above-stick-meta":"","header-main-stick-meta":"","header-below-stick-meta":"","astra-migrate-meta-layouts":"set","ast-page-background-enabled":"default","ast-page-background-meta":{"desktop":{"background-color":"","background-image":"","background-repeat":"repeat","background-position":"center center","background-size":"auto","background-attachment":"scroll","background-type":"","background-media":"","overlay-type":"","overlay-color":"","overlay-opacity":"","overlay-gradient":""},"tablet":{"background-color":"","background-image":"","background-repeat":"repeat","background-position":"center center","background-size":"auto","background-attachment":"scroll","background-type":"","background-media":"","overlay-type":"","overlay-color":"","overlay-opacity":"","overlay-gradient":""},"mobile":{"background-color":"","background-image":"","background-repeat":"repeat","background-position":"center center","background-size":"auto","background-attachment":"scroll","background-type":"","background-media":"","overlay-type":"","overlay-color":"","overlay-opacity":"","overlay-gradient":""}},"ast-content-background-meta":{"desktop":{"background-color":"var(--ast-global-color-5)","background-image":"","background-repeat":"repeat","background-position":"center center","background-size":"auto","background-attachment":"scroll","background-type":"","background-media":"","overlay-type":"","overlay-color":"","overlay-opacity":"","overlay-gradient":""},"tablet":{"background-color":"var(--ast-global-color-5)","background-image":"","background-repeat":"repeat","background-position":"center center","background-size":"auto","background-attachment":"scroll","background-type":"","background-media":"","overlay-type":"","overlay-color":"","overlay-opacity":"","overlay-gradient":""},"mobile":{"background-color":"var(--ast-global-color-5)","background-image":"","background-repeat":"repeat","background-position":"center center","background-size":"auto","background-attachment":"scroll","background-type":"","background-media":"","overlay-type":"","overlay-color":"","overlay-opacity":"","overlay-gradient":""}},"footnotes":""},"class_list":["post-713","page","type-page","status-publish","hentry"],"acf":[],"_links":{"self":[{"href":"https:\/\/gws-offshore.com\/de\/wp-json\/wp\/v2\/pages\/713","targetHints":{"allow":["GET"]}}],"collection":[{"href":"https:\/\/gws-offshore.com\/de\/wp-json\/wp\/v2\/pages"}],"about":[{"href":"https:\/\/gws-offshore.com\/de\/wp-json\/wp\/v2\/types\/page"}],"author":[{"embeddable":true,"href":"https:\/\/gws-offshore.com\/de\/wp-json\/wp\/v2\/users\/3"}],"replies":[{"embeddable":true,"href":"https:\/\/gws-offshore.com\/de\/wp-json\/wp\/v2\/comments?post=713"}],"version-history":[{"count":10,"href":"https:\/\/gws-offshore.com\/de\/wp-json\/wp\/v2\/pages\/713\/revisions"}],"predecessor-version":[{"id":4943,"href":"https:\/\/gws-offshore.com\/de\/wp-json\/wp\/v2\/pages\/713\/revisions\/4943"}],"wp:attachment":[{"href":"https:\/\/gws-offshore.com\/de\/wp-json\/wp\/v2\/media?parent=713"}],"curies":[{"name":"wp","href":"https:\/\/api.w.org\/{rel}","templated":true}]}}