{"id":703,"date":"2019-03-13T08:57:55","date_gmt":"2019-03-13T08:57:55","guid":{"rendered":"http:\/\/gws-offshore.rhome.lv\/?page_id=703"},"modified":"2025-06-24T12:19:59","modified_gmt":"2025-06-24T10:19:59","slug":"dubai-offshore-firmengrundung","status":"publish","type":"page","link":"https:\/\/gws-offshore.com\/de\/dubai-offshore-firmengrundung\/","title":{"rendered":"Dubai Offshore Firmengr\u00fcndung (Ras al Khaimah)"},"content":{"rendered":"\t\t<div data-elementor-type=\"wp-page\" data-elementor-id=\"703\" class=\"elementor elementor-703 elementor-678\" data-elementor-post-type=\"page\">\n\t\t\t\t<div class=\"elementor-element elementor-element-6e027c0 e-flex e-con-boxed e-con e-parent\" data-id=\"6e027c0\" data-element_type=\"container\" data-e-type=\"container\" data-settings=\"{&quot;background_background&quot;:&quot;classic&quot;}\">\n\t\t\t\t\t<div class=\"e-con-inner\">\n\t\t<div class=\"elementor-element elementor-element-4d30741 e-con-full e-flex e-con e-child\" data-id=\"4d30741\" data-element_type=\"container\" data-e-type=\"container\">\n\t\t\t\t<div class=\"elementor-element elementor-element-0e8d145 elementor-invisible elementor-widget elementor-widget-heading\" data-id=\"0e8d145\" data-element_type=\"widget\" data-e-type=\"widget\" data-settings=\"{&quot;_animation&quot;:&quot;fadeIn&quot;}\" data-widget_type=\"heading.default\">\n\t\t\t\t<div class=\"elementor-widget-container\">\n\t\t\t\t\t<h1 class=\"elementor-heading-title elementor-size-default\">Dubai Offshore Firmengr\u00fcndung (Ras al Khaimah)<\/h1>\t\t\t\t<\/div>\n\t\t\t\t<\/div>\n\t\t\t\t<\/div>\n\t\t\t\t\t<\/div>\n\t\t\t\t<\/div>\n\t\t<div class=\"elementor-element elementor-element-5f21f0e e-flex e-con-boxed e-con e-parent\" data-id=\"5f21f0e\" data-element_type=\"container\" data-e-type=\"container\">\n\t\t\t\t\t<div class=\"e-con-inner\">\n\t\t\t\t<div class=\"elementor-element elementor-element-23d0545 elementor-widget elementor-widget-heading\" data-id=\"23d0545\" data-element_type=\"widget\" data-e-type=\"widget\" data-widget_type=\"heading.default\">\n\t\t\t\t<div class=\"elementor-widget-container\">\n\t\t\t\t\t<h4 class=\"elementor-heading-title elementor-size-default\">RAK Offshore Firmengr\u00fcndung<\/h4>\t\t\t\t<\/div>\n\t\t\t\t<\/div>\n\t\t\t\t<div class=\"elementor-element elementor-element-19f43bb elementor-widget elementor-widget-text-editor\" data-id=\"19f43bb\" data-element_type=\"widget\" data-e-type=\"widget\" data-widget_type=\"text-editor.default\">\n\t\t\t\t<div class=\"elementor-widget-container\">\n\t\t\t\t\t\t\t\t\t<ul><li><a href=\"\/de\/daten-und-fakten-zu-offshore-firmen-in-dubai-rak\/\">Eckdaten zu Offshore-Firmen in Dubai (RAK)<\/a><\/li><li><a href=\"\/wp-content\/uploads\/2019\/03\/RAK-International-Companies-Regulations-2006-a.pdf\">Ras Al Khaimah International Companies Regulations 2006<\/a> (PDF)<\/li><li><a href=\"\/de\/gebuhrenubersicht-2\/\">Kosten\u00fcbersicht<\/a><\/li><li><a href=\"\/wp-content\/uploads\/2019\/01\/GWS_Jurisdiction-Comparison-Chart-1.xlsx\">Vergleich der Standorte<\/a> (Excel)<\/li><li>L\u00e4nderseite: <a href=\"http:\/\/www.dubai-offshore.com\/de\/\" target=\"_blank\" rel=\"noopener\">www.dubai-offshore.com<\/a> (GWS Middle East)<\/li><\/ul>\t\t\t\t\t\t\t\t<\/div>\n\t\t\t\t<\/div>\n\t\t\t\t\t<\/div>\n\t\t\t\t<\/div>\n\t\t<div class=\"elementor-element elementor-element-1f018d1 e-flex e-con-boxed e-con e-parent\" data-id=\"1f018d1\" data-element_type=\"container\" data-e-type=\"container\">\n\t\t\t\t\t<div class=\"e-con-inner\">\n\t\t<div class=\"elementor-element elementor-element-bdef865 e-con-full e-flex e-con e-child\" data-id=\"bdef865\" data-element_type=\"container\" data-e-type=\"container\" data-settings=\"{&quot;background_background&quot;:&quot;slideshow&quot;,&quot;background_slideshow_gallery&quot;:[{&quot;id&quot;:3294,&quot;url&quot;:&quot;https:\\\/\\\/gws-offshore.com\\\/wp-content\\\/uploads\\\/2025\\\/04\\\/ras-al-khaimah-GWS-offshore-3.jpg&quot;},{&quot;id&quot;:3291,&quot;url&quot;:&quot;https:\\\/\\\/gws-offshore.com\\\/wp-content\\\/uploads\\\/2025\\\/04\\\/ras-al-khaimah-GWS-offshore-1.jpg&quot;},{&quot;id&quot;:3275,&quot;url&quot;:&quot;https:\\\/\\\/gws-offshore.com\\\/wp-content\\\/uploads\\\/2025\\\/04\\\/rak.jpg&quot;}],&quot;background_slideshow_loop&quot;:&quot;yes&quot;,&quot;background_slideshow_slide_duration&quot;:5000,&quot;background_slideshow_slide_transition&quot;:&quot;fade&quot;,&quot;background_slideshow_transition_duration&quot;:500}\">\n\t\t\t\t<div class=\"elementor-element elementor-element-9c17907 elementor-widget elementor-widget-heading\" data-id=\"9c17907\" data-element_type=\"widget\" data-e-type=\"widget\" data-widget_type=\"heading.default\">\n\t\t\t\t<div class=\"elementor-widget-container\">\n\t\t\t\t\t<h2 class=\"elementor-heading-title elementor-size-default\">Ihre Vorteile:<\/h2>\t\t\t\t<\/div>\n\t\t\t\t<\/div>\n\t\t\t\t<div class=\"elementor-element elementor-element-60b6908 elementor-widget elementor-widget-text-editor\" data-id=\"60b6908\" data-element_type=\"widget\" data-e-type=\"widget\" data-widget_type=\"text-editor.default\">\n\t\t\t\t<div class=\"elementor-widget-container\">\n\t\t\t\t\t\t\t\t\t<p>Wir gr\u00fcnden Ihre Offshore-Firma in Ras Al Khaimah (RAK) in 2-4 Tagen<\/p><p>H\u00f6chstes Ma\u00df an Vertraulichkeit<\/p><p>Exzellentes Image bei Banken, Beh\u00f6rden und Gesch\u00e4ftspartnern<\/p><p>AED 2,000 j\u00e4hrliche Pauschalteuer (ca. 550 USD)<\/p><p>Ein pers\u00f6nlicher Kundenberater \u2013 365 Tage im Jahr<\/p><p>Ein garantiertes Bankkonto, Onlinebanking und Kreditkarte<\/p><p>Aktienkapital muss nicht eingezahlt werden<\/p><p>Anonyme Gr\u00fcndung mit Treuhandgesch\u00e4ftsf\u00fchrer und -gesellschafter (optional)<\/p><p>Firmengr\u00fcndung ab\u00a0\u00a0<strong>3,290 USD<\/strong><\/p>\t\t\t\t\t\t\t\t<\/div>\n\t\t\t\t<\/div>\n\t\t<div class=\"elementor-element elementor-element-63bd138 e-con-full e-flex e-con e-child\" data-id=\"63bd138\" data-element_type=\"container\" data-e-type=\"container\">\n\t\t\t\t<div class=\"elementor-element elementor-element-587e1d4 elementor-align-left elementor-widget elementor-widget-button\" data-id=\"587e1d4\" data-element_type=\"widget\" data-e-type=\"widget\" data-widget_type=\"button.default\">\n\t\t\t\t<div class=\"elementor-widget-container\">\n\t\t\t\t\t\t\t\t\t<div class=\"elementor-button-wrapper\">\n\t\t\t\t\t<a class=\"elementor-button elementor-button-link elementor-size-sm\" href=\"\/de\/kontakt\/\">\n\t\t\t\t\t\t<span class=\"elementor-button-content-wrapper\">\n\t\t\t\t\t\t\t\t\t<span class=\"elementor-button-text\">Kontakt<\/span>\n\t\t\t\t\t<\/span>\n\t\t\t\t\t<\/a>\n\t\t\t\t<\/div>\n\t\t\t\t\t\t\t\t<\/div>\n\t\t\t\t<\/div>\n\t\t\t\t<div class=\"elementor-element elementor-element-66df25c elementor-widget elementor-widget-button\" data-id=\"66df25c\" data-element_type=\"widget\" data-e-type=\"widget\" data-widget_type=\"button.default\">\n\t\t\t\t<div class=\"elementor-widget-container\">\n\t\t\t\t\t\t\t\t\t<div class=\"elementor-button-wrapper\">\n\t\t\t\t\t<a class=\"elementor-button elementor-button-link elementor-size-sm\" href=\"\/wp-content\/uploads\/2019\/03\/GWS_UAE_Offshore_en_2018.pdf\">\n\t\t\t\t\t\t<span class=\"elementor-button-content-wrapper\">\n\t\t\t\t\t\t\t\t\t<span class=\"elementor-button-text\">FACTS &amp; TAX GUIDE (engl)<\/span>\n\t\t\t\t\t<\/span>\n\t\t\t\t\t<\/a>\n\t\t\t\t<\/div>\n\t\t\t\t\t\t\t\t<\/div>\n\t\t\t\t<\/div>\n\t\t\t\t<\/div>\n\t\t\t\t<\/div>\n\t\t\t\t\t<\/div>\n\t\t\t\t<\/div>\n\t\t<div class=\"elementor-element elementor-element-c0d49f5 e-flex e-con-boxed e-con e-parent\" data-id=\"c0d49f5\" data-element_type=\"container\" data-e-type=\"container\">\n\t\t\t\t\t<div class=\"e-con-inner\">\n\t\t\t\t<div class=\"elementor-element elementor-element-4827ce2 elementor-invisible elementor-widget elementor-widget-text-editor\" data-id=\"4827ce2\" data-element_type=\"widget\" data-e-type=\"widget\" data-settings=\"{&quot;_animation&quot;:&quot;fadeIn&quot;}\" data-widget_type=\"text-editor.default\">\n\t\t\t\t<div class=\"elementor-widget-container\">\n\t\t\t\t\t\t\t\t\t<p>Ras al Khaimah (RAK) ist ein Emirat der Vereinigten Arabischen Emirate im Persischen Golf. Im\u00a0Gegensatz zu Dubai erm\u00f6glicht Ras al Khaimah auch ausl\u00e4ndischen Staatsb\u00fcrgern ohne Wohnsitz die Gr\u00fcndung einer Offshore-Firma in den Vereingten Arabischen Emiraten. Aus diesem Grund ben\u00f6tigen Firmengr\u00fcnder keinen Staatsb\u00fcrger der Vereinigten Arabischen Emirate als Gesellschafter. Offshore-Firmen in RAK sind dabei von allen Unternehmens- und Einkommensteuern befreit.<\/p><p>Zu den gr\u00f6ssten Vorteilen als Offshore-Standort geh\u00f6ren, dass die Vereinigten Arabischen Ermirate \u201ewhite-listed\u201c sind sowie Doppelbesteuerungsabkommen mit \u00fcber 40 L\u00e4ndern unterzeichnet haben und es kein \u00f6ffentliches Firmenregister gibt.<\/p>\t\t\t\t\t\t\t\t<\/div>\n\t\t\t\t<\/div>\n\t\t\t\t\t<\/div>\n\t\t\t\t<\/div>\n\t\t<div class=\"elementor-element elementor-element-7013d93 e-flex e-con-boxed e-con e-parent\" data-id=\"7013d93\" data-element_type=\"container\" data-e-type=\"container\" data-settings=\"{&quot;background_background&quot;:&quot;classic&quot;}\">\n\t\t\t\t\t<div class=\"e-con-inner\">\n\t\t<div class=\"elementor-element elementor-element-304138b e-con-full e-flex e-con e-child\" data-id=\"304138b\" data-element_type=\"container\" data-e-type=\"container\" data-settings=\"{&quot;background_background&quot;:&quot;classic&quot;}\">\n\t\t\t\t<div class=\"elementor-element elementor-element-ea5fd56 elementor-widget elementor-widget-video\" data-id=\"ea5fd56\" data-element_type=\"widget\" data-e-type=\"widget\" data-settings=\"{&quot;youtube_url&quot;:&quot;https:\\\/\\\/www.youtube.com\\\/watch?v=thoGl3a88jk&quot;,&quot;lazy_load&quot;:&quot;yes&quot;,&quot;video_type&quot;:&quot;youtube&quot;,&quot;controls&quot;:&quot;yes&quot;}\" data-widget_type=\"video.default\">\n\t\t\t\t<div class=\"elementor-widget-container\">\n\t\t\t\t\t\t\t<div class=\"elementor-wrapper elementor-open-inline\">\n\t\t\t<div class=\"elementor-video\"><\/div>\t\t<\/div>\n\t\t\t\t\t\t<\/div>\n\t\t\t\t<\/div>\n\t\t\t\t<\/div>\n\t\t<div class=\"elementor-element elementor-element-a560e97 e-con-full e-flex e-con e-child\" data-id=\"a560e97\" data-element_type=\"container\" data-e-type=\"container\">\n\t\t\t\t<div class=\"elementor-element elementor-element-73f80c4 elementor-widget elementor-widget-video\" data-id=\"73f80c4\" data-element_type=\"widget\" data-e-type=\"widget\" data-settings=\"{&quot;youtube_url&quot;:&quot;https:\\\/\\\/www.youtube.com\\\/watch?v=9iab3UggINg&quot;,&quot;lazy_load&quot;:&quot;yes&quot;,&quot;video_type&quot;:&quot;youtube&quot;,&quot;controls&quot;:&quot;yes&quot;}\" data-widget_type=\"video.default\">\n\t\t\t\t<div class=\"elementor-widget-container\">\n\t\t\t\t\t\t\t<div class=\"elementor-wrapper elementor-open-inline\">\n\t\t\t<div class=\"elementor-video\"><\/div>\t\t<\/div>\n\t\t\t\t\t\t<\/div>\n\t\t\t\t<\/div>\n\t\t\t\t<\/div>\n\t\t\t\t\t<\/div>\n\t\t\t\t<\/div>\n\t\t<div class=\"elementor-element elementor-element-4050ab6 animated-slow e-flex e-con-boxed elementor-invisible e-con e-parent\" data-id=\"4050ab6\" data-element_type=\"container\" data-e-type=\"container\" data-settings=\"{&quot;animation&quot;:&quot;fadeIn&quot;}\">\n\t\t\t\t\t<div class=\"e-con-inner\">\n\t\t\t\t<div class=\"elementor-element elementor-element-4bfd160 elementor-widget elementor-widget-text-editor\" data-id=\"4bfd160\" data-element_type=\"widget\" data-e-type=\"widget\" data-widget_type=\"text-editor.default\">\n\t\t\t\t<div class=\"elementor-widget-container\">\n\t\t\t\t\t\t\t\t\t<h4>Der Offshore-Standort Ras Al Khaimah eignet sich in erster Linie f\u00fcr:<\/h4>\t\t\t\t\t\t\t\t<\/div>\n\t\t\t\t<\/div>\n\t\t\t\t<div class=\"elementor-element elementor-element-b271b34 elementor-widget elementor-widget-text-editor\" data-id=\"b271b34\" data-element_type=\"widget\" data-e-type=\"widget\" data-widget_type=\"text-editor.default\">\n\t\t\t\t<div class=\"elementor-widget-container\">\n\t\t\t\t\t\t\t\t\t<ul><li>Intellectual Property Management (IPM)<\/li><li>Halten und Verwalten von beweglichen und unbeweglichen Verm\u00f6genswerten<\/li><li>Beratungsdienstleistungen<\/li><li>Nachfolgeregelungen<\/li><li>Internationale Gesch\u00e4fte<\/li><li>Finanzdienstleistungen<\/li><\/ul>\t\t\t\t\t\t\t\t<\/div>\n\t\t\t\t<\/div>\n\t\t\t\t<div class=\"elementor-element elementor-element-53c386c elementor-widget elementor-widget-heading\" data-id=\"53c386c\" data-element_type=\"widget\" data-e-type=\"widget\" data-widget_type=\"heading.default\">\n\t\t\t\t<div class=\"elementor-widget-container\">\n\t\t\t\t\t<h4 class=\"elementor-heading-title elementor-size-default\">Gr\u00fcndungskosten f\u00fcr eine Offshore-Gesellschaft in Ras al Khaimah:<\/h4>\t\t\t\t<\/div>\n\t\t\t\t<\/div>\n\t\t\t\t<div class=\"elementor-element elementor-element-b9d8fa8 elementor-widget elementor-widget-text-editor\" data-id=\"b9d8fa8\" data-element_type=\"widget\" data-e-type=\"widget\" data-widget_type=\"text-editor.default\">\n\t\t\t\t<div class=\"elementor-widget-container\">\n\t\t\t\t\t\t\t\t\t<p>Wir gr\u00fcnden Ihre Offshore-Firma in Ras Al Khaimah bereits ab\u00a0<strong>3,290 USD<\/strong><\/p>\t\t\t\t\t\t\t\t<\/div>\n\t\t\t\t<\/div>\n\t\t\t\t<div class=\"elementor-element elementor-element-2c8697b elementor-icon-list--layout-traditional elementor-list-item-link-full_width elementor-widget elementor-widget-icon-list\" data-id=\"2c8697b\" data-element_type=\"widget\" data-e-type=\"widget\" data-widget_type=\"icon-list.default\">\n\t\t\t\t<div class=\"elementor-widget-container\">\n\t\t\t\t\t\t\t<ul class=\"elementor-icon-list-items\">\n\t\t\t\t\t\t\t<li class=\"elementor-icon-list-item\">\n\t\t\t\t\t\t\t\t\t\t\t<a href=\"https:\/\/gws-offshore.com\/de\/dubai-offshore-firmengrundung\/\">\n\n\t\t\t\t\t\t\t\t\t\t\t\t<span class=\"elementor-icon-list-icon\">\n\t\t\t\t\t\t\t<svg aria-hidden=\"true\" class=\"e-font-icon-svg e-fas-arrow-alt-circle-right\" viewBox=\"0 0 512 512\" xmlns=\"http:\/\/www.w3.org\/2000\/svg\"><path d=\"M256 8c137 0 248 111 248 248S393 504 256 504 8 393 8 256 119 8 256 8zM140 300h116v70.9c0 10.7 13 16.1 20.5 8.5l114.3-114.9c4.7-4.7 4.7-12.2 0-16.9l-114.3-115c-7.6-7.6-20.5-2.2-20.5 8.5V212H140c-6.6 0-12 5.4-12 12v64c0 6.6 5.4 12 12 12z\"><\/path><\/svg>\t\t\t\t\t\t<\/span>\n\t\t\t\t\t\t\t\t\t\t<span class=\"elementor-icon-list-text\">Unter Ber\u00fccksichtigung der rechtlichen und steuerlichen Strukturierungsoptionen sowie des hohen Ansehens empfehlen wir die Gr\u00fcndung einer Offshore-Gesellschaft in den Vereinigten Arabischen Emiraten.<\/span>\n\t\t\t\t\t\t\t\t\t\t\t<\/a>\n\t\t\t\t\t\t\t\t\t<\/li>\n\t\t\t\t\t\t<\/ul>\n\t\t\t\t\t\t<\/div>\n\t\t\t\t<\/div>\n\t\t\t\t\t<\/div>\n\t\t\t\t<\/div>\n\t\t<div class=\"elementor-element elementor-element-e100feb e-flex e-con-boxed e-con e-parent\" data-id=\"e100feb\" data-element_type=\"container\" data-e-type=\"container\">\n\t\t\t\t\t<div class=\"e-con-inner\">\n\t\t\t\t\t<\/div>\n\t\t\t\t<\/div>\n\t\t\t\t<\/div>\n\t\t","protected":false},"excerpt":{"rendered":"<p>Dubai Offshore Firmengr\u00fcndung (Ras al Khaimah) RAK Offshore Firmengr\u00fcndung Eckdaten zu Offshore-Firmen in Dubai (RAK) Ras Al Khaimah International Companies Regulations 2006 (PDF) Kosten\u00fcbersicht Vergleich der Standorte (Excel) L\u00e4nderseite: www.dubai-offshore.com (GWS Middle East) Ihre Vorteile: Wir gr\u00fcnden Ihre Offshore-Firma in Ras Al Khaimah (RAK) in 2-4 Tagen H\u00f6chstes Ma\u00df an Vertraulichkeit Exzellentes Image bei Banken, [&hellip;]<\/p>\n","protected":false},"author":3,"featured_media":13,"parent":0,"menu_order":0,"comment_status":"closed","ping_status":"closed","template":"","meta":{"_acf_changed":false,"site-sidebar-layout":"no-sidebar","site-content-layout":"","ast-site-content-layout":"full-width-container","site-content-style":"unboxed","site-sidebar-style":"unboxed","ast-global-header-display":"","ast-banner-title-visibility":"","ast-main-header-display":"","ast-hfb-above-header-display":"","ast-hfb-below-header-display":"","ast-hfb-mobile-header-display":"","site-post-title":"disabled","ast-breadcrumbs-content":"","ast-featured-img":"","footer-sml-layout":"","theme-transparent-header-meta":"default","adv-header-id-meta":"","stick-header-meta":"","header-above-stick-meta":"","header-main-stick-meta":"","header-below-stick-meta":"","astra-migrate-meta-layouts":"set","ast-page-background-enabled":"default","ast-page-background-meta":{"desktop":{"background-color":"","background-image":"","background-repeat":"repeat","background-position":"center center","background-size":"auto","background-attachment":"scroll","background-type":"","background-media":"","overlay-type":"","overlay-color":"","overlay-opacity":"","overlay-gradient":""},"tablet":{"background-color":"","background-image":"","background-repeat":"repeat","background-position":"center center","background-size":"auto","background-attachment":"scroll","background-type":"","background-media":"","overlay-type":"","overlay-color":"","overlay-opacity":"","overlay-gradient":""},"mobile":{"background-color":"","background-image":"","background-repeat":"repeat","background-position":"center center","background-size":"auto","background-attachment":"scroll","background-type":"","background-media":"","overlay-type":"","overlay-color":"","overlay-opacity":"","overlay-gradient":""}},"ast-content-background-meta":{"desktop":{"background-color":"var(--ast-global-color-5)","background-image":"","background-repeat":"repeat","background-position":"center center","background-size":"auto","background-attachment":"scroll","background-type":"","background-media":"","overlay-type":"","overlay-color":"","overlay-opacity":"","overlay-gradient":""},"tablet":{"background-color":"var(--ast-global-color-5)","background-image":"","background-repeat":"repeat","background-position":"center center","background-size":"auto","background-attachment":"scroll","background-type":"","background-media":"","overlay-type":"","overlay-color":"","overlay-opacity":"","overlay-gradient":""},"mobile":{"background-color":"var(--ast-global-color-5)","background-image":"","background-repeat":"repeat","background-position":"center center","background-size":"auto","background-attachment":"scroll","background-type":"","background-media":"","overlay-type":"","overlay-color":"","overlay-opacity":"","overlay-gradient":""}},"footnotes":""},"class_list":["post-703","page","type-page","status-publish","has-post-thumbnail","hentry"],"acf":[],"_links":{"self":[{"href":"https:\/\/gws-offshore.com\/de\/wp-json\/wp\/v2\/pages\/703","targetHints":{"allow":["GET"]}}],"collection":[{"href":"https:\/\/gws-offshore.com\/de\/wp-json\/wp\/v2\/pages"}],"about":[{"href":"https:\/\/gws-offshore.com\/de\/wp-json\/wp\/v2\/types\/page"}],"author":[{"embeddable":true,"href":"https:\/\/gws-offshore.com\/de\/wp-json\/wp\/v2\/users\/3"}],"replies":[{"embeddable":true,"href":"https:\/\/gws-offshore.com\/de\/wp-json\/wp\/v2\/comments?post=703"}],"version-history":[{"count":16,"href":"https:\/\/gws-offshore.com\/de\/wp-json\/wp\/v2\/pages\/703\/revisions"}],"predecessor-version":[{"id":4609,"href":"https:\/\/gws-offshore.com\/de\/wp-json\/wp\/v2\/pages\/703\/revisions\/4609"}],"wp:featuredmedia":[{"embeddable":true,"href":"https:\/\/gws-offshore.com\/de\/wp-json\/wp\/v2\/media\/13"}],"wp:attachment":[{"href":"https:\/\/gws-offshore.com\/de\/wp-json\/wp\/v2\/media?parent=703"}],"curies":[{"name":"wp","href":"https:\/\/api.w.org\/{rel}","templated":true}]}}