{"id":672,"date":"2019-03-12T23:46:01","date_gmt":"2019-03-12T23:46:01","guid":{"rendered":"http:\/\/gws-offshore.rhome.lv\/?page_id=672"},"modified":"2019-03-14T17:48:13","modified_gmt":"2019-03-14T17:48:13","slug":"us-kunden","status":"publish","type":"page","link":"https:\/\/gws-offshore.com\/de\/us-kunden\/","title":{"rendered":"US Kunden"},"content":{"rendered":"<p>Seit jeher setzt sich die\u00a0<strong>GWS Group<\/strong>\u00a0daf\u00fcr ein, dass alle US-Kunden und Gesch\u00e4ftspartner die US-Steuergesetze, sofern auf sie anwendbar, einhalten.<\/p>\n<p><strong>Die\u00a0GWS Group\u00a0bietet jedoch keine Beratung und keine Dienstleistungen mit Bezug zu den USA oder zu US-Kunden.<\/strong><\/p>\n<p>Die\u00a0<strong>GWS Group<\/strong>\u00a0sieht auch Inhaber einer US-Greencard als US-Kunden an, und kann diesen daher keine Beratungsdienstleistungen anbieten. Sollten Sie Fragen haben, oder Unterst\u00fctzung ben\u00f6tigten, steht Ihnen Ihr Kundenberatern gerne zur Verf\u00fcgung.<\/p>\n","protected":false},"excerpt":{"rendered":"<p>Seit jeher setzt sich die\u00a0GWS Group\u00a0daf\u00fcr ein, dass alle US-Kunden und Gesch\u00e4ftspartner die US-Steuergesetze, sofern auf sie anwendbar, einhalten. Die\u00a0GWS Group\u00a0bietet jedoch keine Beratung und keine Dienstleistungen mit Bezug zu den USA oder zu US-Kunden. Die\u00a0GWS Group\u00a0sieht auch Inhaber einer US-Greencard als US-Kunden an, und kann diesen daher keine Beratungsdienstleistungen anbieten. Sollten Sie Fragen haben, [&hellip;]<\/p>\n","protected":false},"author":3,"featured_media":0,"parent":0,"menu_order":0,"comment_status":"closed","ping_status":"closed","template":"","meta":{"_acf_changed":false,"site-sidebar-layout":"default","site-content-layout":"","ast-site-content-layout":"","site-content-style":"default","site-sidebar-style":"default","ast-global-header-display":"","ast-banner-title-visibility":"","ast-main-header-display":"","ast-hfb-above-header-display":"","ast-hfb-below-header-display":"","ast-hfb-mobile-header-display":"","site-post-title":"","ast-breadcrumbs-content":"","ast-featured-img":"","footer-sml-layout":"","theme-transparent-header-meta":"","adv-header-id-meta":"","stick-header-meta":"","header-above-stick-meta":"","header-main-stick-meta":"","header-below-stick-meta":"","astra-migrate-meta-layouts":"default","ast-page-background-enabled":"default","ast-page-background-meta":{"desktop":{"background-color":"","background-image":"","background-repeat":"repeat","background-position":"center center","background-size":"auto","background-attachment":"scroll","background-type":"","background-media":"","overlay-type":"","overlay-color":"","overlay-opacity":"","overlay-gradient":""},"tablet":{"background-color":"","background-image":"","background-repeat":"repeat","background-position":"center center","background-size":"auto","background-attachment":"scroll","background-type":"","background-media":"","overlay-type":"","overlay-color":"","overlay-opacity":"","overlay-gradient":""},"mobile":{"background-color":"","background-image":"","background-repeat":"repeat","background-position":"center center","background-size":"auto","background-attachment":"scroll","background-type":"","background-media":"","overlay-type":"","overlay-color":"","overlay-opacity":"","overlay-gradient":""}},"ast-content-background-meta":{"desktop":{"background-color":"var(--ast-global-color-5)","background-image":"","background-repeat":"repeat","background-position":"center center","background-size":"auto","background-attachment":"scroll","background-type":"","background-media":"","overlay-type":"","overlay-color":"","overlay-opacity":"","overlay-gradient":""},"tablet":{"background-color":"var(--ast-global-color-5)","background-image":"","background-repeat":"repeat","background-position":"center center","background-size":"auto","background-attachment":"scroll","background-type":"","background-media":"","overlay-type":"","overlay-color":"","overlay-opacity":"","overlay-gradient":""},"mobile":{"background-color":"var(--ast-global-color-5)","background-image":"","background-repeat":"repeat","background-position":"center center","background-size":"auto","background-attachment":"scroll","background-type":"","background-media":"","overlay-type":"","overlay-color":"","overlay-opacity":"","overlay-gradient":""}},"footnotes":""},"class_list":["post-672","page","type-page","status-publish","hentry"],"acf":[],"_links":{"self":[{"href":"https:\/\/gws-offshore.com\/de\/wp-json\/wp\/v2\/pages\/672","targetHints":{"allow":["GET"]}}],"collection":[{"href":"https:\/\/gws-offshore.com\/de\/wp-json\/wp\/v2\/pages"}],"about":[{"href":"https:\/\/gws-offshore.com\/de\/wp-json\/wp\/v2\/types\/page"}],"author":[{"embeddable":true,"href":"https:\/\/gws-offshore.com\/de\/wp-json\/wp\/v2\/users\/3"}],"replies":[{"embeddable":true,"href":"https:\/\/gws-offshore.com\/de\/wp-json\/wp\/v2\/comments?post=672"}],"version-history":[{"count":1,"href":"https:\/\/gws-offshore.com\/de\/wp-json\/wp\/v2\/pages\/672\/revisions"}],"predecessor-version":[{"id":673,"href":"https:\/\/gws-offshore.com\/de\/wp-json\/wp\/v2\/pages\/672\/revisions\/673"}],"wp:attachment":[{"href":"https:\/\/gws-offshore.com\/de\/wp-json\/wp\/v2\/media?parent=672"}],"curies":[{"name":"wp","href":"https:\/\/api.w.org\/{rel}","templated":true}]}}