{"id":6277,"date":"2026-03-12T10:17:26","date_gmt":"2026-03-12T09:17:26","guid":{"rendered":"https:\/\/gws-offshore.com\/antigua-and-barbuda-citizenship\/"},"modified":"2026-03-23T07:33:52","modified_gmt":"2026-03-23T06:33:52","slug":"antigua-and-barbuda-citizenship","status":"publish","type":"page","link":"https:\/\/gws-offshore.com\/de\/antigua-and-barbuda-citizenship\/","title":{"rendered":"Antigua and Barbuda Citizenship"},"content":{"rendered":"\t\t<div data-elementor-type=\"wp-page\" data-elementor-id=\"6277\" class=\"elementor elementor-6277 elementor-6247\" data-elementor-post-type=\"page\">\n\t\t\t\t<div class=\"elementor-element elementor-element-a99aac4 e-flex e-con-boxed e-con e-parent\" data-id=\"a99aac4\" data-element_type=\"container\" data-e-type=\"container\" data-settings=\"{&quot;background_background&quot;:&quot;classic&quot;}\">\n\t\t\t\t\t<div class=\"e-con-inner\">\n\t\t<div class=\"elementor-element elementor-element-53dca64 e-con-full e-flex e-con e-child\" data-id=\"53dca64\" data-element_type=\"container\" data-e-type=\"container\">\n\t\t\t\t<div class=\"elementor-element elementor-element-7b73835 elementor-widget elementor-widget-heading\" data-id=\"7b73835\" data-element_type=\"widget\" data-e-type=\"widget\" data-widget_type=\"heading.default\">\n\t\t\t\t<div class=\"elementor-widget-container\">\n\t\t\t\t\t<h1 class=\"elementor-heading-title elementor-size-default\">Antigua and Barbuda Citizenship and Passport<\/h1>\t\t\t\t<\/div>\n\t\t\t\t<\/div>\n\t\t\t\t<\/div>\n\t\t\t\t\t<\/div>\n\t\t\t\t<\/div>\n\t\t<div class=\"elementor-element elementor-element-3a599b8 e-flex e-con-boxed e-con e-parent\" data-id=\"3a599b8\" data-element_type=\"container\" data-e-type=\"container\">\n\t\t\t\t\t<div class=\"e-con-inner\">\n\t\t\t\t<div class=\"elementor-element elementor-element-136f9d9 elementor-widget elementor-widget-heading\" data-id=\"136f9d9\" data-element_type=\"widget\" data-e-type=\"widget\" data-widget_type=\"heading.default\">\n\t\t\t\t<div class=\"elementor-widget-container\">\n\t\t\t\t\t<h2 class=\"elementor-heading-title elementor-size-default\">Antigua und Barbuda Staatsb\u00fcrgerschaft durch Investition:<\/h2>\t\t\t\t<\/div>\n\t\t\t\t<\/div>\n\t\t\t\t<div class=\"elementor-element elementor-element-2eb8257 elementor-widget elementor-widget-heading\" data-id=\"2eb8257\" data-element_type=\"widget\" data-e-type=\"widget\" data-widget_type=\"heading.default\">\n\t\t\t\t<div class=\"elementor-widget-container\">\n\t\t\t\t\t<h3 class=\"elementor-heading-title elementor-size-default\">Karibische Lebensqualit\u00e4t, steuerliche Vorteile und starke Reisefreiheit<\/h3>\t\t\t\t<\/div>\n\t\t\t\t<\/div>\n\t\t\t\t<div class=\"elementor-element elementor-element-97b2d10 elementor-widget elementor-widget-text-editor\" data-id=\"97b2d10\" data-element_type=\"widget\" data-e-type=\"widget\" data-widget_type=\"text-editor.default\">\n\t\t\t\t<div class=\"elementor-widget-container\">\n\t\t\t\t\t\t\t\t\t<p><b>Antigua und Barbuda<\/b><span style=\"font-weight: 400;\"> ist ein englischsprachiger Inselstaat in der Karibik mit <\/span><b>hunderten Str\u00e4nden<\/b><span style=\"font-weight: 400;\">, rund <\/span><b>93.000 Einwohnern<\/b><span style=\"font-weight: 400;\"> und direkter Fluganbindung nach <\/span><b>Europa<\/b><span style=\"font-weight: 400;\"> und <\/span><b>Nordamerika<\/b><span style=\"font-weight: 400;\">. Das Land gilt als politisch stabil, wirtschaftsfreundlich und ist Mitglied des <\/span><b>Commonwealth<\/b><span style=\"font-weight: 400;\">.\u00a0<\/span><\/p>\t\t\t\t\t\t\t\t<\/div>\n\t\t\t\t<\/div>\n\t\t\t\t<div class=\"elementor-element elementor-element-b29c0c4 elementor-widget elementor-widget-text-editor\" data-id=\"b29c0c4\" data-element_type=\"widget\" data-e-type=\"widget\" data-widget_type=\"text-editor.default\">\n\t\t\t\t<div class=\"elementor-widget-container\">\n\t\t\t\t\t\t\t\t\t<p><span style=\"font-weight: 400;\">Mit <\/span><b>niedriger bis 0 % Einkommensteuer<\/b><span style=\"font-weight: 400;\">, hoher Lebensqualit\u00e4t und internationaler Anbindung ist Antigua und Barbuda besonders attraktiv f\u00fcr Investoren, Unternehmer und Familien, die einen zweiten Pass mit globaler Mobilit\u00e4t verbinden m\u00f6chten.<\/span><\/p>\t\t\t\t\t\t\t\t<\/div>\n\t\t\t\t<\/div>\n\t\t\t\t\t<\/div>\n\t\t\t\t<\/div>\n\t\t\t\t<section class=\"elementor-section elementor-top-section elementor-element elementor-element-dfaa5e4 elementor-section-content-middle elementor-section-boxed elementor-section-height-default elementor-section-height-default\" data-id=\"dfaa5e4\" data-element_type=\"section\" data-e-type=\"section\" data-settings=\"{&quot;background_background&quot;:&quot;classic&quot;}\">\n\t\t\t\t\t\t<div class=\"elementor-container elementor-column-gap-no\">\n\t\t\t\t\t<div class=\"elementor-column elementor-col-50 elementor-top-column elementor-element elementor-element-d0399ba\" data-id=\"d0399ba\" data-element_type=\"column\" data-e-type=\"column\">\n\t\t\t<div class=\"elementor-widget-wrap elementor-element-populated\">\n\t\t\t\t\t\t<div class=\"elementor-element elementor-element-06375ce elementor-view-stacked elementor-shape-circle elementor-widget elementor-widget-icon\" data-id=\"06375ce\" data-element_type=\"widget\" data-e-type=\"widget\" data-widget_type=\"icon.default\">\n\t\t\t\t<div class=\"elementor-widget-container\">\n\t\t\t\t\t\t\t<div class=\"elementor-icon-wrapper\">\n\t\t\t<div class=\"elementor-icon\">\n\t\t\t<svg aria-hidden=\"true\" class=\"e-font-icon-svg e-far-gem\" viewBox=\"0 0 576 512\" xmlns=\"http:\/\/www.w3.org\/2000\/svg\"><path d=\"M464 0H112c-4 0-7.8 2-10 5.4L2 152.6c-2.9 4.4-2.6 10.2.7 14.2l276 340.8c4.8 5.9 13.8 5.9 18.6 0l276-340.8c3.3-4.1 3.6-9.8.7-14.2L474.1 5.4C471.8 2 468.1 0 464 0zm-19.3 48l63.3 96h-68.4l-51.7-96h56.8zm-202.1 0h90.7l51.7 96H191l51.6-96zm-111.3 0h56.8l-51.7 96H68l63.3-96zm-43 144h51.4L208 352 88.3 192zm102.9 0h193.6L288 435.3 191.2 192zM368 352l68.2-160h51.4L368 352z\"><\/path><\/svg>\t\t\t<\/div>\n\t\t<\/div>\n\t\t\t\t\t\t<\/div>\n\t\t\t\t<\/div>\n\t\t\t\t<div class=\"elementor-element elementor-element-784d7f8 elementor-widget elementor-widget-heading\" data-id=\"784d7f8\" data-element_type=\"widget\" data-e-type=\"widget\" data-widget_type=\"heading.default\">\n\t\t\t\t<div class=\"elementor-widget-container\">\n\t\t\t\t\t<h2 class=\"elementor-heading-title elementor-size-default\">Die wichtigsten Vorteile von Antigua und Barbuda auf einen Blick<\/h2>\t\t\t\t<\/div>\n\t\t\t\t<\/div>\n\t\t\t\t<div class=\"elementor-element elementor-element-a46e17f elementor-widget-divider--view-line elementor-widget elementor-widget-divider\" data-id=\"a46e17f\" data-element_type=\"widget\" data-e-type=\"widget\" data-widget_type=\"divider.default\">\n\t\t\t\t<div class=\"elementor-widget-container\">\n\t\t\t\t\t\t\t<div class=\"elementor-divider\">\n\t\t\t<span class=\"elementor-divider-separator\">\n\t\t\t\t\t\t<\/span>\n\t\t<\/div>\n\t\t\t\t\t\t<\/div>\n\t\t\t\t<\/div>\n\t\t\t\t<div class=\"elementor-element elementor-element-5f45d0a elementor-widget elementor-widget-text-editor\" data-id=\"5f45d0a\" data-element_type=\"widget\" data-e-type=\"widget\" data-widget_type=\"text-editor.default\">\n\t\t\t\t<div class=\"elementor-widget-container\">\n\t\t\t\t\t\t\t\t\t<ul style=\"direction: ltr; unicode-bidi: embed; margin-top: 0in; margin-bottom: 0in;\" type=\"disc\"><li lang=\"de\" style=\"margin-top: 0; margin-bottom: 0; vertical-align: middle;\"><span style=\"font-weight: 400;\">Rund <\/span><b>93.000 Einwohner<\/b><\/li><li lang=\"de\" style=\"margin-top: 0; margin-bottom: 0; vertical-align: middle;\"><b>Familienfreundliches<\/b><span style=\"font-weight: 400;\"> Umfeld<\/span><\/li><li lang=\"de\" style=\"margin-top: 0; margin-bottom: 0; vertical-align: middle;\"><b>Englisch<\/b><span style=\"font-weight: 400;\"> als Amtssprache<\/span><\/li><li style=\"font-weight: 400;\" aria-level=\"1\"><b>Direktfl\u00fcge<\/b><span style=\"font-weight: 400;\"> aus mehreren internationalen M\u00e4rkten<\/span><\/li><\/ul>\t\t\t\t\t\t\t\t<\/div>\n\t\t\t\t<\/div>\n\t\t\t\t\t<\/div>\n\t\t<\/div>\n\t\t\t\t<div class=\"elementor-column elementor-col-50 elementor-top-column elementor-element elementor-element-aec54c1\" data-id=\"aec54c1\" data-element_type=\"column\" data-e-type=\"column\" data-settings=\"{&quot;background_background&quot;:&quot;classic&quot;}\">\n\t\t\t<div class=\"elementor-widget-wrap elementor-element-populated\">\n\t\t\t\t\t\t<div class=\"elementor-element elementor-element-8984248 elementor-widget elementor-widget-image\" data-id=\"8984248\" data-element_type=\"widget\" data-e-type=\"widget\" data-widget_type=\"image.default\">\n\t\t\t\t<div class=\"elementor-widget-container\">\n\t\t\t\t\t\t\t\t\t\t\t\t\t\t\t<img fetchpriority=\"high\" decoding=\"async\" width=\"1900\" height=\"2375\" src=\"https:\/\/gws-offshore.com\/wp-content\/uploads\/2026\/03\/Antigua-and-Barbuda.jpg\" class=\"attachment-full size-full wp-image-6275\" alt=\"Antigua and Barbuda\" srcset=\"https:\/\/gws-offshore.com\/wp-content\/uploads\/2026\/03\/Antigua-and-Barbuda.jpg 1900w, https:\/\/gws-offshore.com\/wp-content\/uploads\/2026\/03\/Antigua-and-Barbuda-819x1024.jpg 819w, https:\/\/gws-offshore.com\/wp-content\/uploads\/2026\/03\/Antigua-and-Barbuda-960x1200.jpg 960w, https:\/\/gws-offshore.com\/wp-content\/uploads\/2026\/03\/Antigua-and-Barbuda-768x960.jpg 768w, https:\/\/gws-offshore.com\/wp-content\/uploads\/2026\/03\/Antigua-and-Barbuda-1229x1536.jpg 1229w, https:\/\/gws-offshore.com\/wp-content\/uploads\/2026\/03\/Antigua-and-Barbuda-1638x2048.jpg 1638w\" sizes=\"(max-width: 1900px) 100vw, 1900px\" title=\"\">\t\t\t\t\t\t\t\t\t\t\t\t\t\t\t<\/div>\n\t\t\t\t<\/div>\n\t\t\t\t\t<\/div>\n\t\t<\/div>\n\t\t\t\t\t<\/div>\n\t\t<\/section>\n\t\t<div class=\"elementor-element elementor-element-b2e5951 e-flex e-con-boxed e-con e-parent\" data-id=\"b2e5951\" data-element_type=\"container\" data-e-type=\"container\">\n\t\t\t\t\t<div class=\"e-con-inner\">\n\t\t\t\t<div class=\"elementor-element elementor-element-58d0bfc elementor-widget elementor-widget-heading\" data-id=\"58d0bfc\" data-element_type=\"widget\" data-e-type=\"widget\" data-widget_type=\"heading.default\">\n\t\t\t\t<div class=\"elementor-widget-container\">\n\t\t\t\t\t<h3 class=\"elementor-heading-title elementor-size-default\">Antigua und Barbuda Pass: Starke internationale Mobilit\u00e4t<\/h3>\t\t\t\t<\/div>\n\t\t\t\t<\/div>\n\t\t\t\t<div class=\"elementor-element elementor-element-f55027e elementor-widget elementor-widget-text-editor\" data-id=\"f55027e\" data-element_type=\"widget\" data-e-type=\"widget\" data-widget_type=\"text-editor.default\">\n\t\t\t\t<div class=\"elementor-widget-container\">\n\t\t\t\t\t\t\t\t\t<p><span style=\"font-weight: 400;\">Die <\/span><b>Staatsb\u00fcrgerschaft von Antigua und Barbuda<\/b><span style=\"font-weight: 400;\"> bietet Zugang zu einem der attraktivsten <\/span><b>karibischen CBI-P\u00e4sse<\/b><span style=\"font-weight: 400;\">. Der Reisepass belegt <\/span><b>Platz 24 weltweit<\/b><span style=\"font-weight: 400;\"> und erm\u00f6glicht <\/span><b>visumfreies Reisen in 154 L\u00e4nder<\/b><span style=\"font-weight: 400;\">, was einer globalen Abdeckung von rund <\/span><b>76 Prozent<\/b><span style=\"font-weight: 400;\"> entspricht.<\/span><\/p><p><span style=\"font-weight: 400;\">Mit dem <\/span><b>Antigua-und-Barbuda-Pass<\/b><span style=\"font-weight: 400;\"> reisen Sie unter anderem visumfrei in:<\/span><\/p><ul><li style=\"font-weight: 400;\" aria-level=\"1\"><span style=\"font-weight: 400;\">das <\/span><b>Schengen-Gebiet<\/b><\/li><\/ul><ul><li aria-level=\"1\"><span style=\"font-weight: 400;\">zahlreiche <b>CARICOM-Staaten<\/b><\/span><\/li><\/ul><ul><li aria-level=\"1\"><b>Russland<\/b><\/li><\/ul><ul><li aria-level=\"1\"><b>S\u00fcdafrika<\/b><\/li><\/ul><p><span style=\"font-weight: 400;\">Zus\u00e4tzlich z\u00e4hlt Antigua und Barbuda zu den interessantesten Optionen in der Karibik f\u00fcr international mobile Investoren, die Wert auf Flexibilit\u00e4t, Reputation und strategische Vorteile legen.<\/span><\/p>\t\t\t\t\t\t\t\t<\/div>\n\t\t\t\t<\/div>\n\t\t\t\t\t<\/div>\n\t\t\t\t<\/div>\n\t\t<div class=\"elementor-element elementor-element-2439a67 e-flex e-con-boxed e-con e-parent\" data-id=\"2439a67\" data-element_type=\"container\" data-e-type=\"container\">\n\t\t\t\t\t<div class=\"e-con-inner\">\n\t\t\t\t<div class=\"elementor-element elementor-element-805edac elementor-widget elementor-widget-heading\" data-id=\"805edac\" data-element_type=\"widget\" data-e-type=\"widget\" data-widget_type=\"heading.default\">\n\t\t\t\t<div class=\"elementor-widget-container\">\n\t\t\t\t\t<h3 class=\"elementor-heading-title elementor-size-default\">Warum Antigua und Barbuda f\u00fcr CBI-Investoren besonders attraktiv ist<\/h3>\t\t\t\t<\/div>\n\t\t\t\t<\/div>\n\t\t\t\t<div class=\"elementor-element elementor-element-58fb720 elementor-widget elementor-widget-text-editor\" data-id=\"58fb720\" data-element_type=\"widget\" data-e-type=\"widget\" data-widget_type=\"text-editor.default\">\n\t\t\t\t<div class=\"elementor-widget-container\">\n\t\t\t\t\t\t\t\t\t<p><span style=\"font-weight: 400;\">Das <\/span><b>Citizenship by Investment Programm von Antigua und Barbuda<\/b><span style=\"font-weight: 400;\"> eignet sich besonders f\u00fcr internationale Antragsteller, die:<\/span><\/p><ul><li style=\"font-weight: 400;\" aria-level=\"1\"><span style=\"font-weight: 400;\">ihre <\/span><b>Staatsb\u00fcrgerschaft remote erwerben<\/b><span style=\"font-weight: 400;\"> m\u00f6chten<\/span><\/li><\/ul><ul><li aria-level=\"1\"><span style=\"font-weight: 400;\">eine <\/span><b>gro\u00dfe Familie<\/b><span style=\"font-weight: 400;\"> in den Antrag einschlie\u00dfen wollen<\/span><\/li><\/ul><ul><li aria-level=\"1\"><span style=\"font-weight: 400;\">als <\/span><b>Krypto-Investoren<\/b><span style=\"font-weight: 400;\"> diskrete und flexible L\u00f6sungen suchen<\/span><\/li><\/ul><ul><li><span style=\"font-weight: 400;\">ihre <\/span><b>globale Reisefreiheit<\/b><span style=\"font-weight: 400;\"> mit einem angesehenen Karibik-Pass erweitern m\u00f6chten<\/span><\/li><\/ul>\t\t\t\t\t\t\t\t<\/div>\n\t\t\t\t<\/div>\n\t\t\t\t\t<\/div>\n\t\t\t\t<\/div>\n\t\t<div class=\"elementor-element elementor-element-e6117f4 e-flex e-con-boxed e-con e-parent\" data-id=\"e6117f4\" data-element_type=\"container\" data-e-type=\"container\">\n\t\t\t\t\t<div class=\"e-con-inner\">\n\t\t\t\t<div class=\"elementor-element elementor-element-cb291c2 elementor-widget elementor-widget-heading\" data-id=\"cb291c2\" data-element_type=\"widget\" data-e-type=\"widget\" data-widget_type=\"heading.default\">\n\t\t\t\t<div class=\"elementor-widget-container\">\n\t\t\t\t\t<h3 class=\"elementor-heading-title elementor-size-default\">Praktische Vorteile der Staatsb\u00fcrgerschaft von Antigua und Barbuda<\/h3>\t\t\t\t<\/div>\n\t\t\t\t<\/div>\n\t\t\t\t<div class=\"elementor-element elementor-element-4f59b6b elementor-widget elementor-widget-text-editor\" data-id=\"4f59b6b\" data-element_type=\"widget\" data-e-type=\"widget\" data-widget_type=\"text-editor.default\">\n\t\t\t\t<div class=\"elementor-widget-container\">\n\t\t\t\t\t\t\t\t\t<p><span style=\"font-weight: 400;\">Ein zweiter Pass aus Antigua und Barbuda er\u00f6ffnet nicht nur neue Reiseoptionen, sondern auch konkrete strategische Vorteile im Alltag und bei der internationalen Strukturierung:<\/span><\/p><ul><li aria-level=\"1\"><b>Kontoer\u00f6ffnung bei internationalen Krypto-B\u00f6rsen<\/b><span style=\"font-weight: 400;\"> wie Binance oder Kraken<\/span><\/li><\/ul><ul><li aria-level=\"1\"><span style=\"font-weight: 400;\">M\u00f6glichkeit, in <b>Antigua und Barbuda dauerhaft zu leben<\/b> und von einem steuerlich attraktiven Umfeld mit <b>niedriger bis 0 % Einkommensteuer<\/b> zu profitieren<\/span><\/li><\/ul><ul><li aria-level=\"1\"><span style=\"font-weight: 400;\"><b>Erwerb eines lokalen F\u00fchrerscheins<\/b><\/span><\/li><\/ul><ul><li aria-level=\"1\"><span style=\"font-weight: 400;\">Antrag auf ein <b>US-Touristenvisum<\/b><\/span><\/li><\/ul><ul><li aria-level=\"1\"><span style=\"font-weight: 400;\">M\u00f6glichkeit, unter bestimmten Voraussetzungen einen <b>Steuerwohnsitz<\/b> zu begr\u00fcnden<\/span><\/li><\/ul><ul><li aria-level=\"1\"><span style=\"font-weight: 400;\"><b>Freiz\u00fcgigkeit innerhalb der 5 OECS-Staaten<\/b><\/span><\/li><\/ul><ul><li aria-level=\"1\"><span style=\"font-weight: 400;\">Vereinfachte <\/span><b>Niederlassungsm\u00f6glichkeiten in den 15 CARICOM-Mitgliedstaaten<\/b><\/li><\/ul><ul><li aria-level=\"1\"><span style=\"font-weight: 400;\">Nutzung von <b>Commonwealth-Privilegien<\/b><\/span><\/li><\/ul>\t\t\t\t\t\t\t\t<\/div>\n\t\t\t\t<\/div>\n\t\t\t\t\t<\/div>\n\t\t\t\t<\/div>\n\t\t<div class=\"elementor-element elementor-element-6459cdf e-flex e-con-boxed e-con e-parent\" data-id=\"6459cdf\" data-element_type=\"container\" data-e-type=\"container\">\n\t\t\t\t\t<div class=\"e-con-inner\">\n\t\t\t\t<div class=\"elementor-element elementor-element-f36a8da elementor-widget elementor-widget-heading\" data-id=\"f36a8da\" data-element_type=\"widget\" data-e-type=\"widget\" data-widget_type=\"heading.default\">\n\t\t\t\t<div class=\"elementor-widget-container\">\n\t\t\t\t\t<h3 class=\"elementor-heading-title elementor-size-default\">Antigua und Barbuda: Ideal f\u00fcr Familien, Unternehmer und global mobile Investoren<\/h3>\t\t\t\t<\/div>\n\t\t\t\t<\/div>\n\t\t\t\t<div class=\"elementor-element elementor-element-c029d5b elementor-widget elementor-widget-text-editor\" data-id=\"c029d5b\" data-element_type=\"widget\" data-e-type=\"widget\" data-widget_type=\"text-editor.default\">\n\t\t\t\t<div class=\"elementor-widget-container\">\n\t\t\t\t\t\t\t\t\t<p><span style=\"font-weight: 400;\">Wer eine <\/span><b>zweite Staatsb\u00fcrgerschaft in der Karibik<\/b><span style=\"font-weight: 400;\"> sucht, findet in Antigua und Barbuda eine \u00fcberzeugende Kombination aus <\/span><b>steuerlicher Attraktivit\u00e4t<\/b><span style=\"font-weight: 400;\">, <\/span><b>internationaler Mobilit\u00e4t<\/b><span style=\"font-weight: 400;\">, <\/span><b>familienfreundlichem Umfeld<\/b><span style=\"font-weight: 400;\"> und <\/span><b>englischsprachiger Infrastruktur<\/b><span style=\"font-weight: 400;\">. <\/span><\/p><p><span style=\"font-weight: 400;\">Gerade f\u00fcr verm\u00f6gende Privatpersonen, Unternehmer und CBI-Investoren ist Antigua und Barbuda eine strategisch interessante L\u00f6sung mit hoher Lebensqualit\u00e4t.<\/span><\/p>\t\t\t\t\t\t\t\t<\/div>\n\t\t\t\t<\/div>\n\t\t\t\t\t<\/div>\n\t\t\t\t<\/div>\n\t\t\t\t<\/div>\n\t\t","protected":false},"excerpt":{"rendered":"<p>Antigua and Barbuda Citizenship and Passport Antigua und Barbuda Staatsb\u00fcrgerschaft durch Investition: Karibische Lebensqualit\u00e4t, steuerliche Vorteile und starke Reisefreiheit Antigua und Barbuda ist ein englischsprachiger Inselstaat in der Karibik mit hunderten Str\u00e4nden, rund 93.000 Einwohnern und direkter Fluganbindung nach Europa und Nordamerika. Das Land gilt als politisch stabil, wirtschaftsfreundlich und ist Mitglied des Commonwealth. Mit [&hellip;]<\/p>\n","protected":false},"author":6,"featured_media":0,"parent":0,"menu_order":0,"comment_status":"closed","ping_status":"closed","template":"","meta":{"_acf_changed":false,"site-sidebar-layout":"no-sidebar","site-content-layout":"page-builder","ast-site-content-layout":"full-width-container","site-content-style":"unboxed","site-sidebar-style":"unboxed","ast-global-header-display":"","ast-banner-title-visibility":"","ast-main-header-display":"","ast-hfb-above-header-display":"","ast-hfb-below-header-display":"","ast-hfb-mobile-header-display":"","site-post-title":"disabled","ast-breadcrumbs-content":"","ast-featured-img":"disabled","footer-sml-layout":"","theme-transparent-header-meta":"default","adv-header-id-meta":"","stick-header-meta":"","header-above-stick-meta":"","header-main-stick-meta":"","header-below-stick-meta":"","astra-migrate-meta-layouts":"set","ast-page-background-enabled":"default","ast-page-background-meta":{"desktop":{"background-color":"","background-image":"","background-repeat":"repeat","background-position":"center center","background-size":"auto","background-attachment":"scroll","background-type":"","background-media":"","overlay-type":"","overlay-color":"","overlay-opacity":"","overlay-gradient":""},"tablet":{"background-color":"","background-image":"","background-repeat":"repeat","background-position":"center center","background-size":"auto","background-attachment":"scroll","background-type":"","background-media":"","overlay-type":"","overlay-color":"","overlay-opacity":"","overlay-gradient":""},"mobile":{"background-color":"","background-image":"","background-repeat":"repeat","background-position":"center center","background-size":"auto","background-attachment":"scroll","background-type":"","background-media":"","overlay-type":"","overlay-color":"","overlay-opacity":"","overlay-gradient":""}},"ast-content-background-meta":{"desktop":{"background-color":"var(--ast-global-color-5)","background-image":"","background-repeat":"repeat","background-position":"center center","background-size":"auto","background-attachment":"scroll","background-type":"","background-media":"","overlay-type":"","overlay-color":"","overlay-opacity":"","overlay-gradient":""},"tablet":{"background-color":"var(--ast-global-color-5)","background-image":"","background-repeat":"repeat","background-position":"center center","background-size":"auto","background-attachment":"scroll","background-type":"","background-media":"","overlay-type":"","overlay-color":"","overlay-opacity":"","overlay-gradient":""},"mobile":{"background-color":"var(--ast-global-color-5)","background-image":"","background-repeat":"repeat","background-position":"center center","background-size":"auto","background-attachment":"scroll","background-type":"","background-media":"","overlay-type":"","overlay-color":"","overlay-opacity":"","overlay-gradient":""}},"footnotes":""},"class_list":["post-6277","page","type-page","status-publish","hentry"],"acf":[],"_links":{"self":[{"href":"https:\/\/gws-offshore.com\/de\/wp-json\/wp\/v2\/pages\/6277","targetHints":{"allow":["GET"]}}],"collection":[{"href":"https:\/\/gws-offshore.com\/de\/wp-json\/wp\/v2\/pages"}],"about":[{"href":"https:\/\/gws-offshore.com\/de\/wp-json\/wp\/v2\/types\/page"}],"author":[{"embeddable":true,"href":"https:\/\/gws-offshore.com\/de\/wp-json\/wp\/v2\/users\/6"}],"replies":[{"embeddable":true,"href":"https:\/\/gws-offshore.com\/de\/wp-json\/wp\/v2\/comments?post=6277"}],"version-history":[{"count":14,"href":"https:\/\/gws-offshore.com\/de\/wp-json\/wp\/v2\/pages\/6277\/revisions"}],"predecessor-version":[{"id":6297,"href":"https:\/\/gws-offshore.com\/de\/wp-json\/wp\/v2\/pages\/6277\/revisions\/6297"}],"wp:attachment":[{"href":"https:\/\/gws-offshore.com\/de\/wp-json\/wp\/v2\/media?parent=6277"}],"curies":[{"name":"wp","href":"https:\/\/api.w.org\/{rel}","templated":true}]}}