{"id":611,"date":"2019-03-12T22:44:27","date_gmt":"2019-03-12T22:44:27","guid":{"rendered":"http:\/\/gws-offshore.rhome.lv\/?page_id=611"},"modified":"2025-11-13T14:42:27","modified_gmt":"2025-11-13T13:42:27","slug":"nominee-dienstleistungen","status":"publish","type":"page","link":"https:\/\/gws-offshore.com\/de\/nominee-dienstleistungen\/","title":{"rendered":"Treuhandverwaltung"},"content":{"rendered":"\t\t<div data-elementor-type=\"wp-page\" data-elementor-id=\"611\" class=\"elementor elementor-611 elementor-607\" data-elementor-post-type=\"page\">\n\t\t\t\t<div class=\"elementor-element elementor-element-89e3320 e-flex e-con-boxed e-con e-parent\" data-id=\"89e3320\" data-element_type=\"container\" data-e-type=\"container\">\n\t\t\t\t\t<div class=\"e-con-inner\">\n\t\t\t\t<div class=\"elementor-element elementor-element-9b0c2c3 elementor-invisible elementor-widget elementor-widget-heading\" data-id=\"9b0c2c3\" data-element_type=\"widget\" data-e-type=\"widget\" data-settings=\"{&quot;_animation&quot;:&quot;fadeInUp&quot;}\" data-widget_type=\"heading.default\">\n\t\t\t\t<div class=\"elementor-widget-container\">\n\t\t\t\t\t<h2 class=\"elementor-heading-title elementor-size-default\">Nominee Dienstleistungen<\/h2>\t\t\t\t<\/div>\n\t\t\t\t<\/div>\n\t\t\t\t<div class=\"elementor-element elementor-element-07556c2 elementor-invisible elementor-widget elementor-widget-text-editor\" data-id=\"07556c2\" data-element_type=\"widget\" data-e-type=\"widget\" data-settings=\"{&quot;_animation&quot;:&quot;fadeInUp&quot;}\" data-widget_type=\"text-editor.default\">\n\t\t\t\t<div class=\"elementor-widget-container\">\n\t\t\t\t\t\t\t\t\t<p>Unternehmen und Gr\u00fcnder von Offshoregesellschaften haben vielf\u00e4ltige Gr\u00fcnde, weshalb Sie nicht \u00f6ffentlich in Erscheinung treten m\u00f6chten und sich daher f\u00fcr eine treuh\u00e4nderische Verwaltung ihrer Gesellschaft entscheiden. Zwar ist in den meisten Offshore-Staaten das Handelsregister nicht \u00f6ffentlich einsehbar, dennoch empfiehlt sich eine Treuhandschaft gerade f\u00fcr Mandanten, die auf\u00a0<strong>Anonymit\u00e4t und h\u00f6chste Diskretion<\/strong>\u00a0besonderen Wert legen.<\/p><p>Ein Treuhandvertrag ist ein rechtssicheres und gesch\u00fctztes Mandat, das dem tats\u00e4chlichen Eigent\u00fcmer\u00a0<em>(wirtschaftlich Berechtigter)<\/em>\u00a0volle Handlungsvollmacht \u00fcber seine Gesellschaft bietet, ohne jedoch damit \u00f6ffentlich in Verbindung zu stehen.<\/p>\t\t\t\t\t\t\t\t<\/div>\n\t\t\t\t<\/div>\n\t\t\t\t<div class=\"elementor-element elementor-element-c7865cb elementor-invisible elementor-widget elementor-widget-heading\" data-id=\"c7865cb\" data-element_type=\"widget\" data-e-type=\"widget\" data-settings=\"{&quot;_animation&quot;:&quot;fadeInUp&quot;}\" data-widget_type=\"heading.default\">\n\t\t\t\t<div class=\"elementor-widget-container\">\n\t\t\t\t\t<h4 class=\"elementor-heading-title elementor-size-default\">Die GWS Group stellt eine umfassende und dauerhafte Treuhandschaft f\u00fcr folgende Organe:<\/h4>\t\t\t\t<\/div>\n\t\t\t\t<\/div>\n\t\t\t\t<div class=\"elementor-element elementor-element-1da803b elementor-invisible elementor-widget elementor-widget-text-editor\" data-id=\"1da803b\" data-element_type=\"widget\" data-e-type=\"widget\" data-settings=\"{&quot;_animation&quot;:&quot;fadeInUp&quot;}\" data-widget_type=\"text-editor.default\">\n\t\t\t\t<div class=\"elementor-widget-container\">\n\t\t\t\t\t\t\t\t\t<ul><li>Gesch\u00e4ftsf\u00fchrer<\/li><li>Gesellschafter<\/li><li>Company Secretary<\/li><li>Verwaltungsrat<\/li><\/ul>\t\t\t\t\t\t\t\t<\/div>\n\t\t\t\t<\/div>\n\t\t\t\t<div class=\"elementor-element elementor-element-b220f4d elementor-invisible elementor-widget elementor-widget-text-editor\" data-id=\"b220f4d\" data-element_type=\"widget\" data-e-type=\"widget\" data-settings=\"{&quot;_animation&quot;:&quot;fadeInUp&quot;}\" data-widget_type=\"text-editor.default\">\n\t\t\t\t<div class=\"elementor-widget-container\">\n\t\t\t\t\t\t\t\t\t<p>Die effektive und kompetente Verwaltung der Gesellschaft sowie die alleinige Verf\u00fcgungsgewalt obliegt dabei weiterhin dem wirtschaftlich Berechtigten, der wahlweise dem Treuh\u00e4nder Weisungen erteilt, oder mit einer Generalvollmacht handelt.<\/p><p>Um unseren Mandanten ein H\u00f6chsma\u00df an Diskretion und Rechtssicherheit zu bieten, sind unsere Treuh\u00e4nder und Treuhandgesellschaften\u00a0<strong>niemals<\/strong>\u00a0im Sitzstaat der Gesellschaft ans\u00e4ssig. So w\u00fcrde beispielsweise eine Offshoregesellschaft in Panama durch einen Treuh\u00e4nder auf den Seychellen gehalten. Um die tats\u00e4chliche Eigent\u00fcmerschaft zu ermitteln, m\u00fcsste somit in beiden Jurisdiktion eine richterliche Anordnung ergehen, die den Treuh\u00e4nder von seiner gesetzlichen Verschwiegenheitspflicht entbindet.<\/p>\t\t\t\t\t\t\t\t<\/div>\n\t\t\t\t<\/div>\n\t\t\t\t<div class=\"elementor-element elementor-element-3c53cb2 elementor-icon-list--layout-traditional elementor-list-item-link-full_width elementor-invisible elementor-widget elementor-widget-icon-list\" data-id=\"3c53cb2\" data-element_type=\"widget\" data-e-type=\"widget\" data-settings=\"{&quot;_animation&quot;:&quot;fadeInUp&quot;}\" data-widget_type=\"icon-list.default\">\n\t\t\t\t<div class=\"elementor-widget-container\">\n\t\t\t\t\t\t\t<ul class=\"elementor-icon-list-items\">\n\t\t\t\t\t\t\t<li class=\"elementor-icon-list-item\">\n\t\t\t\t\t\t\t\t\t\t\t<a href=\"\/de\/kontakt\/\">\n\n\t\t\t\t\t\t\t\t\t\t\t\t<span class=\"elementor-icon-list-icon\">\n\t\t\t\t\t\t\t<svg aria-hidden=\"true\" class=\"e-font-icon-svg e-fas-arrow-alt-circle-right\" viewBox=\"0 0 512 512\" xmlns=\"http:\/\/www.w3.org\/2000\/svg\"><path d=\"M256 8c137 0 248 111 248 248S393 504 256 504 8 393 8 256 119 8 256 8zM140 300h116v70.9c0 10.7 13 16.1 20.5 8.5l114.3-114.9c4.7-4.7 4.7-12.2 0-16.9l-114.3-115c-7.6-7.6-20.5-2.2-20.5 8.5V212H140c-6.6 0-12 5.4-12 12v64c0 6.6 5.4 12 12 12z\"><\/path><\/svg>\t\t\t\t\t\t<\/span>\n\t\t\t\t\t\t\t\t\t\t<span class=\"elementor-icon-list-text\">Ihr pers\u00f6nlicher Kundenberater ber\u00e4t Sie gerne zu unseren Treuhanddienstleistungen<\/span>\n\t\t\t\t\t\t\t\t\t\t\t<\/a>\n\t\t\t\t\t\t\t\t\t<\/li>\n\t\t\t\t\t\t<\/ul>\n\t\t\t\t\t\t<\/div>\n\t\t\t\t<\/div>\n\t\t\t\t\t<\/div>\n\t\t\t\t<\/div>\n\t\t\t\t<\/div>\n\t\t","protected":false},"excerpt":{"rendered":"<p>Nominee Dienstleistungen Unternehmen und Gr\u00fcnder von Offshoregesellschaften haben vielf\u00e4ltige Gr\u00fcnde, weshalb Sie nicht \u00f6ffentlich in Erscheinung treten m\u00f6chten und sich daher f\u00fcr eine treuh\u00e4nderische Verwaltung ihrer Gesellschaft entscheiden. Zwar ist in den meisten Offshore-Staaten das Handelsregister nicht \u00f6ffentlich einsehbar, dennoch empfiehlt sich eine Treuhandschaft gerade f\u00fcr Mandanten, die auf\u00a0Anonymit\u00e4t und h\u00f6chste Diskretion\u00a0besonderen Wert legen. Ein [&hellip;]<\/p>\n","protected":false},"author":3,"featured_media":0,"parent":0,"menu_order":0,"comment_status":"closed","ping_status":"closed","template":"","meta":{"_acf_changed":false,"site-sidebar-layout":"no-sidebar","site-content-layout":"","ast-site-content-layout":"default","site-content-style":"default","site-sidebar-style":"unboxed","ast-global-header-display":"","ast-banner-title-visibility":"","ast-main-header-display":"","ast-hfb-above-header-display":"","ast-hfb-below-header-display":"","ast-hfb-mobile-header-display":"","site-post-title":"disabled","ast-breadcrumbs-content":"","ast-featured-img":"disabled","footer-sml-layout":"","theme-transparent-header-meta":"default","adv-header-id-meta":"","stick-header-meta":"","header-above-stick-meta":"","header-main-stick-meta":"","header-below-stick-meta":"","astra-migrate-meta-layouts":"set","ast-page-background-enabled":"default","ast-page-background-meta":{"desktop":{"background-color":"","background-image":"","background-repeat":"repeat","background-position":"center center","background-size":"auto","background-attachment":"scroll","background-type":"","background-media":"","overlay-type":"","overlay-color":"","overlay-opacity":"","overlay-gradient":""},"tablet":{"background-color":"","background-image":"","background-repeat":"repeat","background-position":"center center","background-size":"auto","background-attachment":"scroll","background-type":"","background-media":"","overlay-type":"","overlay-color":"","overlay-opacity":"","overlay-gradient":""},"mobile":{"background-color":"","background-image":"","background-repeat":"repeat","background-position":"center center","background-size":"auto","background-attachment":"scroll","background-type":"","background-media":"","overlay-type":"","overlay-color":"","overlay-opacity":"","overlay-gradient":""}},"ast-content-background-meta":{"desktop":{"background-color":"var(--ast-global-color-5)","background-image":"","background-repeat":"repeat","background-position":"center center","background-size":"auto","background-attachment":"scroll","background-type":"","background-media":"","overlay-type":"","overlay-color":"","overlay-opacity":"","overlay-gradient":""},"tablet":{"background-color":"var(--ast-global-color-5)","background-image":"","background-repeat":"repeat","background-position":"center center","background-size":"auto","background-attachment":"scroll","background-type":"","background-media":"","overlay-type":"","overlay-color":"","overlay-opacity":"","overlay-gradient":""},"mobile":{"background-color":"var(--ast-global-color-5)","background-image":"","background-repeat":"repeat","background-position":"center center","background-size":"auto","background-attachment":"scroll","background-type":"","background-media":"","overlay-type":"","overlay-color":"","overlay-opacity":"","overlay-gradient":""}},"footnotes":""},"class_list":["post-611","page","type-page","status-publish","hentry"],"acf":[],"_links":{"self":[{"href":"https:\/\/gws-offshore.com\/de\/wp-json\/wp\/v2\/pages\/611","targetHints":{"allow":["GET"]}}],"collection":[{"href":"https:\/\/gws-offshore.com\/de\/wp-json\/wp\/v2\/pages"}],"about":[{"href":"https:\/\/gws-offshore.com\/de\/wp-json\/wp\/v2\/types\/page"}],"author":[{"embeddable":true,"href":"https:\/\/gws-offshore.com\/de\/wp-json\/wp\/v2\/users\/3"}],"replies":[{"embeddable":true,"href":"https:\/\/gws-offshore.com\/de\/wp-json\/wp\/v2\/comments?post=611"}],"version-history":[{"count":9,"href":"https:\/\/gws-offshore.com\/de\/wp-json\/wp\/v2\/pages\/611\/revisions"}],"predecessor-version":[{"id":5909,"href":"https:\/\/gws-offshore.com\/de\/wp-json\/wp\/v2\/pages\/611\/revisions\/5909"}],"wp:attachment":[{"href":"https:\/\/gws-offshore.com\/de\/wp-json\/wp\/v2\/media?parent=611"}],"curies":[{"name":"wp","href":"https:\/\/api.w.org\/{rel}","templated":true}]}}