{"id":601,"date":"2019-03-12T22:23:19","date_gmt":"2019-03-12T22:23:19","guid":{"rendered":"http:\/\/gws-offshore.rhome.lv\/?page_id=601"},"modified":"2025-06-19T10:57:49","modified_gmt":"2025-06-19T08:57:49","slug":"treuhand","status":"publish","type":"page","link":"https:\/\/gws-offshore.com\/de\/treuhand\/","title":{"rendered":"Treuhand"},"content":{"rendered":"\t\t<div data-elementor-type=\"wp-page\" data-elementor-id=\"601\" class=\"elementor elementor-601 elementor-598\" data-elementor-post-type=\"page\">\n\t\t\t\t<div class=\"elementor-element elementor-element-bd45c2e e-flex e-con-boxed e-con e-parent\" data-id=\"bd45c2e\" data-element_type=\"container\" data-e-type=\"container\">\n\t\t\t\t\t<div class=\"e-con-inner\">\n\t\t\t\t<div class=\"elementor-element elementor-element-2f97fa9 elementor-invisible elementor-widget elementor-widget-heading\" data-id=\"2f97fa9\" data-element_type=\"widget\" data-e-type=\"widget\" data-settings=\"{&quot;_animation&quot;:&quot;fadeInUp&quot;}\" data-widget_type=\"heading.default\">\n\t\t\t\t<div class=\"elementor-widget-container\">\n\t\t\t\t\t<h2 class=\"elementor-heading-title elementor-size-default\">Treuhandservices<\/h2>\t\t\t\t<\/div>\n\t\t\t\t<\/div>\n\t\t\t\t<div class=\"elementor-element elementor-element-a455ec6 elementor-invisible elementor-widget elementor-widget-text-editor\" data-id=\"a455ec6\" data-element_type=\"widget\" data-e-type=\"widget\" data-settings=\"{&quot;_animation&quot;:&quot;fadeInUp&quot;}\" data-widget_type=\"text-editor.default\">\n\t\t\t\t<div class=\"elementor-widget-container\">\n\t\t\t\t\t\t\t\t\t<p>Die <strong>GWS Group<\/strong> bietet neben der <a title=\"Treuhandverwaltung\" href=\"\/de\/treuhandverwaltung\/\">treuh\u00e4nderischen Gr\u00fcndung und Verwaltung von <strong>Offshoregesellschaften<\/strong><\/a><strong>, Stiftungen und Trusts<\/strong> auch dar\u00fcberhinausgehende Treuhanddienstleistungen, und stellt f\u00fcr die Treuhandschaften qualifiziertes Personal oder juristische Personen zur Verf\u00fcgung.<\/p>\t\t\t\t\t\t\t\t<\/div>\n\t\t\t\t<\/div>\n\t\t\t\t<div class=\"elementor-element elementor-element-1746d73 elementor-invisible elementor-widget elementor-widget-heading\" data-id=\"1746d73\" data-element_type=\"widget\" data-e-type=\"widget\" data-settings=\"{&quot;_animation&quot;:&quot;fadeInUp&quot;}\" data-widget_type=\"heading.default\">\n\t\t\t\t<div class=\"elementor-widget-container\">\n\t\t\t\t\t<h3 class=\"elementor-heading-title elementor-size-default\">Unsere Leistungen:<\/h3>\t\t\t\t<\/div>\n\t\t\t\t<\/div>\n\t\t\t\t<div class=\"elementor-element elementor-element-1a7fd75 elementor-invisible elementor-widget elementor-widget-text-editor\" data-id=\"1a7fd75\" data-element_type=\"widget\" data-e-type=\"widget\" data-settings=\"{&quot;_animation&quot;:&quot;fadeInUp&quot;}\" data-widget_type=\"text-editor.default\">\n\t\t\t\t<div class=\"elementor-widget-container\">\n\t\t\t\t\t\t\t\t\t<ul><li>\u00dcbernahme und Verwaltung von Eigentum dritter Personen<\/li><li>Halten und Verwalten von Beteiligungen, Patenten und anderen Rechten<\/li><li>Halten und Verwalten von Flugzeugen und Schiffen<\/li><li>Verwahrung von Gesellschaftsaktien<\/li><li>Wahrnehmung von Rechten und Interessen der Gesellschafter<\/li><li>Verwahrung von Gesellschaftsunterlagen<\/li><li>Kontof\u00fchrung im In- und Ausland<\/li><li>Treuh\u00e4ndischer Ankauf, Verkauf und Verwaltung von Kunstwerken<\/li><li>Treuhand in Verbindung mit der Durchf\u00fchrung von verschiedenen Investitionen<\/li><\/ul>\t\t\t\t\t\t\t\t<\/div>\n\t\t\t\t<\/div>\n\t\t\t\t<div class=\"elementor-element elementor-element-f87df1e elementor-icon-list--layout-traditional elementor-list-item-link-full_width elementor-invisible elementor-widget elementor-widget-icon-list\" data-id=\"f87df1e\" data-element_type=\"widget\" data-e-type=\"widget\" data-settings=\"{&quot;_animation&quot;:&quot;fadeInUp&quot;}\" data-widget_type=\"icon-list.default\">\n\t\t\t\t<div class=\"elementor-widget-container\">\n\t\t\t\t\t\t\t<ul class=\"elementor-icon-list-items\">\n\t\t\t\t\t\t\t<li class=\"elementor-icon-list-item\">\n\t\t\t\t\t\t\t\t\t\t\t<a href=\"\/de\/kontakt\/\">\n\n\t\t\t\t\t\t\t\t\t\t\t\t<span class=\"elementor-icon-list-icon\">\n\t\t\t\t\t\t\t<svg aria-hidden=\"true\" class=\"e-font-icon-svg e-fas-arrow-alt-circle-right\" viewBox=\"0 0 512 512\" xmlns=\"http:\/\/www.w3.org\/2000\/svg\"><path d=\"M256 8c137 0 248 111 248 248S393 504 256 504 8 393 8 256 119 8 256 8zM140 300h116v70.9c0 10.7 13 16.1 20.5 8.5l114.3-114.9c4.7-4.7 4.7-12.2 0-16.9l-114.3-115c-7.6-7.6-20.5-2.2-20.5 8.5V212H140c-6.6 0-12 5.4-12 12v64c0 6.6 5.4 12 12 12z\"><\/path><\/svg>\t\t\t\t\t\t<\/span>\n\t\t\t\t\t\t\t\t\t\t<span class=\"elementor-icon-list-text\">Ihr pers\u00f6nlicher Kundenberater ber\u00e4t Sie gerne zu unseren Treuhanddienstleistungen<\/span>\n\t\t\t\t\t\t\t\t\t\t\t<\/a>\n\t\t\t\t\t\t\t\t\t<\/li>\n\t\t\t\t\t\t<\/ul>\n\t\t\t\t\t\t<\/div>\n\t\t\t\t<\/div>\n\t\t\t\t\t<\/div>\n\t\t\t\t<\/div>\n\t\t\t\t<\/div>\n\t\t","protected":false},"excerpt":{"rendered":"<p>Treuhandservices Die GWS Group bietet neben der treuh\u00e4nderischen Gr\u00fcndung und Verwaltung von Offshoregesellschaften, Stiftungen und Trusts auch dar\u00fcberhinausgehende Treuhanddienstleistungen, und stellt f\u00fcr die Treuhandschaften qualifiziertes Personal oder juristische Personen zur Verf\u00fcgung. Unsere Leistungen: \u00dcbernahme und Verwaltung von Eigentum dritter Personen Halten und Verwalten von Beteiligungen, Patenten und anderen Rechten Halten und Verwalten von Flugzeugen und [&hellip;]<\/p>\n","protected":false},"author":3,"featured_media":0,"parent":0,"menu_order":0,"comment_status":"closed","ping_status":"closed","template":"","meta":{"_acf_changed":false,"site-sidebar-layout":"no-sidebar","site-content-layout":"","ast-site-content-layout":"default","site-content-style":"default","site-sidebar-style":"unboxed","ast-global-header-display":"","ast-banner-title-visibility":"","ast-main-header-display":"","ast-hfb-above-header-display":"","ast-hfb-below-header-display":"","ast-hfb-mobile-header-display":"","site-post-title":"disabled","ast-breadcrumbs-content":"","ast-featured-img":"disabled","footer-sml-layout":"","theme-transparent-header-meta":"default","adv-header-id-meta":"","stick-header-meta":"","header-above-stick-meta":"","header-main-stick-meta":"","header-below-stick-meta":"","astra-migrate-meta-layouts":"default","ast-page-background-enabled":"default","ast-page-background-meta":{"desktop":{"background-color":"","background-image":"","background-repeat":"repeat","background-position":"center center","background-size":"auto","background-attachment":"scroll","background-type":"","background-media":"","overlay-type":"","overlay-color":"","overlay-opacity":"","overlay-gradient":""},"tablet":{"background-color":"","background-image":"","background-repeat":"repeat","background-position":"center center","background-size":"auto","background-attachment":"scroll","background-type":"","background-media":"","overlay-type":"","overlay-color":"","overlay-opacity":"","overlay-gradient":""},"mobile":{"background-color":"","background-image":"","background-repeat":"repeat","background-position":"center center","background-size":"auto","background-attachment":"scroll","background-type":"","background-media":"","overlay-type":"","overlay-color":"","overlay-opacity":"","overlay-gradient":""}},"ast-content-background-meta":{"desktop":{"background-color":"var(--ast-global-color-5)","background-image":"","background-repeat":"repeat","background-position":"center center","background-size":"auto","background-attachment":"scroll","background-type":"","background-media":"","overlay-type":"","overlay-color":"","overlay-opacity":"","overlay-gradient":""},"tablet":{"background-color":"var(--ast-global-color-5)","background-image":"","background-repeat":"repeat","background-position":"center center","background-size":"auto","background-attachment":"scroll","background-type":"","background-media":"","overlay-type":"","overlay-color":"","overlay-opacity":"","overlay-gradient":""},"mobile":{"background-color":"var(--ast-global-color-5)","background-image":"","background-repeat":"repeat","background-position":"center center","background-size":"auto","background-attachment":"scroll","background-type":"","background-media":"","overlay-type":"","overlay-color":"","overlay-opacity":"","overlay-gradient":""}},"footnotes":""},"class_list":["post-601","page","type-page","status-publish","hentry"],"acf":[],"_links":{"self":[{"href":"https:\/\/gws-offshore.com\/de\/wp-json\/wp\/v2\/pages\/601","targetHints":{"allow":["GET"]}}],"collection":[{"href":"https:\/\/gws-offshore.com\/de\/wp-json\/wp\/v2\/pages"}],"about":[{"href":"https:\/\/gws-offshore.com\/de\/wp-json\/wp\/v2\/types\/page"}],"author":[{"embeddable":true,"href":"https:\/\/gws-offshore.com\/de\/wp-json\/wp\/v2\/users\/3"}],"replies":[{"embeddable":true,"href":"https:\/\/gws-offshore.com\/de\/wp-json\/wp\/v2\/comments?post=601"}],"version-history":[{"count":12,"href":"https:\/\/gws-offshore.com\/de\/wp-json\/wp\/v2\/pages\/601\/revisions"}],"predecessor-version":[{"id":4447,"href":"https:\/\/gws-offshore.com\/de\/wp-json\/wp\/v2\/pages\/601\/revisions\/4447"}],"wp:attachment":[{"href":"https:\/\/gws-offshore.com\/de\/wp-json\/wp\/v2\/media?parent=601"}],"curies":[{"name":"wp","href":"https:\/\/api.w.org\/{rel}","templated":true}]}}