{"id":590,"date":"2019-03-12T19:48:39","date_gmt":"2019-03-12T19:48:39","guid":{"rendered":"http:\/\/gws-offshore.rhome.lv\/?page_id=590"},"modified":"2025-07-09T14:49:45","modified_gmt":"2025-07-09T12:49:45","slug":"dominica-staatsbuergerschaft-und-reisepass","status":"publish","type":"page","link":"https:\/\/gws-offshore.com\/de\/dominica-staatsbuergerschaft-und-reisepass\/","title":{"rendered":"Dominica Staatsb\u00fcrgerschaft und Reisepass"},"content":{"rendered":"\t\t<div data-elementor-type=\"wp-page\" data-elementor-id=\"590\" class=\"elementor elementor-590 elementor-564\" data-elementor-post-type=\"page\">\n\t\t\t\t<div class=\"elementor-element elementor-element-1e0d33f e-flex e-con-boxed e-con e-parent\" data-id=\"1e0d33f\" data-element_type=\"container\" data-e-type=\"container\" data-settings=\"{&quot;background_background&quot;:&quot;classic&quot;}\">\n\t\t\t\t\t<div class=\"e-con-inner\">\n\t\t<div class=\"elementor-element elementor-element-30a72ea e-con-full e-flex e-con e-child\" data-id=\"30a72ea\" data-element_type=\"container\" data-e-type=\"container\">\n\t\t\t\t<div class=\"elementor-element elementor-element-6db95c8 elementor-invisible elementor-widget elementor-widget-heading\" data-id=\"6db95c8\" data-element_type=\"widget\" data-e-type=\"widget\" data-settings=\"{&quot;_animation&quot;:&quot;fadeIn&quot;}\" data-widget_type=\"heading.default\">\n\t\t\t\t<div class=\"elementor-widget-container\">\n\t\t\t\t\t<h1 class=\"elementor-heading-title elementor-size-default\">Dominica Staatsb\u00fcrgerschaft und Reisepass<\/h1>\t\t\t\t<\/div>\n\t\t\t\t<\/div>\n\t\t\t\t<\/div>\n\t\t\t\t\t<\/div>\n\t\t\t\t<\/div>\n\t\t<div class=\"elementor-element elementor-element-f48da39 animated-slow e-flex e-con-boxed elementor-invisible e-con e-parent\" data-id=\"f48da39\" data-element_type=\"container\" data-e-type=\"container\" data-settings=\"{&quot;animation&quot;:&quot;fadeIn&quot;}\">\n\t\t\t\t\t<div class=\"e-con-inner\">\n\t\t\t\t<div class=\"elementor-element elementor-element-b9fe0e6 elementor-invisible elementor-widget elementor-widget-text-editor\" data-id=\"b9fe0e6\" data-element_type=\"widget\" data-e-type=\"widget\" data-settings=\"{&quot;_animation&quot;:&quot;fadeInUp&quot;}\" data-widget_type=\"text-editor.default\">\n\t\t\t\t<div class=\"elementor-widget-container\">\n\t\t\t\t\t\t\t\t\t<p><strong>Eine neue oder zweite Staatsb\u00fcrgerschaft im friedlichen Commonwealth-Land Dominica erlaubt Ihnen, sorgenfrei in einer globalisierten Welt zu reisen, in der \u00dcberwachung und nachteilige Vorschriften die Freiheit und Unabh\u00e4ngigkeit unserer modernen Gesellschaft zu begrenzen versuchen.<\/strong><\/p><p>Das\u00a0<a href=\"\/de\/staatsbuergerprogramme\/\">Staatsb\u00fcrgerprogramm durch Investitionen<\/a>\u00a0im neutralen und stabilen Commonwealth von Dominica in den Kleinen Antillen in der \u00f6stlichen Karibik ist eines der \u00e4ltesten und vertrauensw\u00fcrdigsten offiziellen Programme und kann als zweite Lebensversicherung dienen.<\/p>\t\t\t\t\t\t\t\t<\/div>\n\t\t\t\t<\/div>\n\t\t\t\t<div class=\"elementor-element elementor-element-a9c31dc animated-slow elementor-invisible elementor-widget elementor-widget-heading\" data-id=\"a9c31dc\" data-element_type=\"widget\" data-e-type=\"widget\" data-settings=\"{&quot;_animation&quot;:&quot;fadeInUp&quot;}\" data-widget_type=\"heading.default\">\n\t\t\t\t<div class=\"elementor-widget-container\">\n\t\t\t\t\t<h4 class=\"elementor-heading-title elementor-size-default\">Unbeschr\u00e4nkt international reisen<\/h4>\t\t\t\t<\/div>\n\t\t\t\t<\/div>\n\t\t\t\t<div class=\"elementor-element elementor-element-7b9ed0d elementor-invisible elementor-widget elementor-widget-text-editor\" data-id=\"7b9ed0d\" data-element_type=\"widget\" data-e-type=\"widget\" data-settings=\"{&quot;_animation&quot;:&quot;fadeInUp&quot;}\" data-widget_type=\"text-editor.default\">\n\t\t\t\t<div class=\"elementor-widget-container\">\n\t\t\t\t\t\t\t\t\t<p>Inhaber eines<strong>\u00a0Reisepasses in Dominica<\/strong>\u00a0haben mit ihrer neuen Staatsb\u00fcrgerschaft deutlich mehr internationale Reiseoptionen, einschlie\u00dflich der europ\u00e4ischen Schengen-Staaten, Gro\u00dfbritannien, Singapur, Hong Kong und Irland. Dar\u00fcber hinaus kommt Dominica seinen neuen B\u00fcrgern duch eine Reihe weiterer Vorteile entgegen, die das Inselparadies zu einem attrakiven Business-Standort machen: steuerfreie Gesellschaften (IBCs), gro\u00dfz\u00fcgige Steuerbefreiungen, Einfuhrzoll- und Steuerverzichte und schlanke Gesch\u00e4ftsprozeduren.<\/p>\t\t\t\t\t\t\t\t<\/div>\n\t\t\t\t<\/div>\n\t\t\t\t<div class=\"elementor-element elementor-element-fe31a85 elementor-invisible elementor-widget elementor-widget-text-editor\" data-id=\"fe31a85\" data-element_type=\"widget\" data-e-type=\"widget\" data-settings=\"{&quot;_animation&quot;:&quot;fadeInUp&quot;}\" data-widget_type=\"text-editor.default\">\n\t\t\t\t<div class=\"elementor-widget-container\">\n\t\t\t\t\t\t\t\t\t<p>Der Antrag auf Staatsb\u00fcrgerschaft und Bewerbungsprozess innerhalb des Staatsb\u00fcrgerprogramm durch Investitionen (Citizenship-by-Investment) dauert 3 \u2013 4 Monate. Dank unserer guten Beziehung zu der Regierung in Dominica ist ein pers\u00f6nliches Interview \u00fcblicherweise nicht n\u00f6tig f\u00fcr <a title=\"GWS Group\" href=\"https:\/\/www.gws.net\/\" target=\"_blank\" rel=\"noopener\">GWS<\/a> Kunden. Staatsb\u00fcrgerschaft in Dominica wird auf Lebzeit gew\u00e4hrt; der\u00a0<strong>Dominica Pass<\/strong>\u00a0kann entweder bei der Einwanderungsbeh\u00f6rde in Dominica oder bei jedwelcher High-Commission bzw.\u00a0jedwelchem Konsulat des Commonwealth von Dominica erneuert werden.<\/p>\t\t\t\t\t\t\t\t<\/div>\n\t\t\t\t<\/div>\n\t\t\t\t\t<\/div>\n\t\t\t\t<\/div>\n\t\t<div class=\"elementor-element elementor-element-d976318 e-flex e-con-boxed e-con e-parent\" data-id=\"d976318\" data-element_type=\"container\" data-e-type=\"container\">\n\t\t\t\t\t<div class=\"e-con-inner\">\n\t\t<div class=\"elementor-element elementor-element-cd32394 e-con-full e-flex e-con e-child\" data-id=\"cd32394\" data-element_type=\"container\" data-e-type=\"container\" data-settings=\"{&quot;background_background&quot;:&quot;slideshow&quot;,&quot;background_slideshow_gallery&quot;:[{&quot;id&quot;:4854,&quot;url&quot;:&quot;https:\\\/\\\/gws-offshore.com\\\/wp-content\\\/uploads\\\/2025\\\/07\\\/dominica-citizenship-and-passport-3.jpg&quot;},{&quot;id&quot;:4856,&quot;url&quot;:&quot;https:\\\/\\\/gws-offshore.com\\\/wp-content\\\/uploads\\\/2025\\\/07\\\/dominica-citizenship-and-passport-1.jpg&quot;},{&quot;id&quot;:&quot;4851&quot;,&quot;url&quot;:&quot;https:\\\/\\\/gws-offshore.com\\\/wp-content\\\/uploads\\\/2025\\\/07\\\/dominica-citizenship-and-passport-4.jpg&quot;}],&quot;background_slideshow_loop&quot;:&quot;yes&quot;,&quot;background_slideshow_slide_duration&quot;:5000,&quot;background_slideshow_slide_transition&quot;:&quot;fade&quot;,&quot;background_slideshow_transition_duration&quot;:500}\">\n\t\t\t\t<div class=\"elementor-element elementor-element-844adf2 elementor-invisible elementor-widget elementor-widget-heading\" data-id=\"844adf2\" data-element_type=\"widget\" data-e-type=\"widget\" data-settings=\"{&quot;_animation&quot;:&quot;fadeIn&quot;}\" data-widget_type=\"heading.default\">\n\t\t\t\t<div class=\"elementor-widget-container\">\n\t\t\t\t\t<h2 class=\"elementor-heading-title elementor-size-default\">Vorteile<\/h2>\t\t\t\t<\/div>\n\t\t\t\t<\/div>\n\t\t\t\t<div class=\"elementor-element elementor-element-924fb9b elementor-invisible elementor-widget elementor-widget-text-editor\" data-id=\"924fb9b\" data-element_type=\"widget\" data-e-type=\"widget\" data-settings=\"{&quot;_animation&quot;:&quot;fadeIn&quot;}\" data-widget_type=\"text-editor.default\">\n\t\t\t\t<div class=\"elementor-widget-container\">\n\t\t\t\t\t\t\t\t\t<p>Visafrei in \u00fcber 120 L\u00e4nder reisen, einschlie\u00dflich\u00a0freiem Zugang in alle Schengen-Staaten<\/p><p>Demokratisches und neutrales Land in der Karibik<\/p><p>Keine Verm\u00f6gens-, Schenkungs- oder Erbschaftssteuern, ebenso keine Steuern auf Auslandsertr\u00e4ge, Kapitalertr\u00e4ge und Immobilien<\/p><p>Keine Einkommensteuer f\u00fcr Personen mit Auslandswohnsitz<\/p><p><span id=\"result_box\" class=\"\" lang=\"de\"><span title=\"No restriction on repatriation of profits \">Keine Einschr\u00e4nkung bei der R\u00fcckf\u00fchrung von Gewinnen<\/span><\/span><\/p><p><span id=\"result_box\" class=\"\" lang=\"de\"><span title=\"No foreign exchange control \">Keine Devisenkontrolle<\/span><\/span><\/p><p>Bequemer Zugang zu den karibischen Staaten (CARICOM)<\/p><p>Stabiles Investorenklima<\/p><p>Effizientes und unabh\u00e4ngiges Justizsystem<\/p><p>Voller Aufenthaltsstatus, mit dem Recht in Dominica zu leben und zu arbeiten<\/p><p>Doppelte Staatsb\u00fcrgerschaft erlaubt<\/p><p>Keine Anforderung vor oder nach dem Erhalt der Staatsb\u00fcrgerschaft in Dominica zu wohnen<\/p><p>Wundersch\u00f6ne Umgebung<\/p><p>Staatsb\u00fcrgerschaft und Reisepass in nur 3 \u2013 4 Monaten<\/p><p>Des Bewerbungsprozess ist vertraulich<\/p>\t\t\t\t\t\t\t\t<\/div>\n\t\t\t\t<\/div>\n\t\t<div class=\"elementor-element elementor-element-0280102 e-con-full e-flex elementor-invisible e-con e-child\" data-id=\"0280102\" data-element_type=\"container\" data-e-type=\"container\" data-settings=\"{&quot;animation&quot;:&quot;fadeIn&quot;}\">\n\t\t\t\t<div class=\"elementor-element elementor-element-02155b2 elementor-align-left elementor-widget elementor-widget-button\" data-id=\"02155b2\" data-element_type=\"widget\" data-e-type=\"widget\" data-widget_type=\"button.default\">\n\t\t\t\t<div class=\"elementor-widget-container\">\n\t\t\t\t\t\t\t\t\t<div class=\"elementor-button-wrapper\">\n\t\t\t\t\t<a class=\"elementor-button elementor-button-link elementor-size-sm\" href=\"\/contact\/\">\n\t\t\t\t\t\t<span class=\"elementor-button-content-wrapper\">\n\t\t\t\t\t\t\t\t\t<span class=\"elementor-button-text\">Kontakt<\/span>\n\t\t\t\t\t<\/span>\n\t\t\t\t\t<\/a>\n\t\t\t\t<\/div>\n\t\t\t\t\t\t\t\t<\/div>\n\t\t\t\t<\/div>\n\t\t\t\t<\/div>\n\t\t\t\t<\/div>\n\t\t\t\t\t<\/div>\n\t\t\t\t<\/div>\n\t\t<div class=\"elementor-element elementor-element-1a2de06 animated-slow e-flex e-con-boxed elementor-invisible e-con e-parent\" data-id=\"1a2de06\" data-element_type=\"container\" data-e-type=\"container\" data-settings=\"{&quot;animation&quot;:&quot;fadeIn&quot;}\">\n\t\t\t\t\t<div class=\"e-con-inner\">\n\t\t\t\t<div class=\"elementor-element elementor-element-b74da3d elementor-invisible elementor-widget elementor-widget-text-editor\" data-id=\"b74da3d\" data-element_type=\"widget\" data-e-type=\"widget\" data-settings=\"{&quot;_animation&quot;:&quot;fadeInUp&quot;}\" data-widget_type=\"text-editor.default\">\n\t\t\t\t<div class=\"elementor-widget-container\">\n\t\t\t\t\t\t\t\t\t<p>Mehrere L\u00e4nder haben Programme gestartet, die den Erwerb der Staatsb\u00fcrgerschaft gegen Zahlung eines direkten Beitrags (Citizenship-by-Investment) erm\u00f6glichen, der zur Weiterentwicklung des Landes dient. In Dominica wird das Staatsb\u00fcrgerprogramm durch Investitionen in <span id=\"result_box\" class=\"\" lang=\"de\"><span title=\"In Dominica, citizenship-by-investment is based on Section 101 of the Constitution and Sections 8 and 20 (1) of the Citizenship Act.\">\u00a7 101 der Verfassung und\u00a0\u00a7 8 und 20 (1) des Staatsangeh\u00f6rigkeitsgesetzes geregelt. Diese erlauben der Regierung ein Programm zu betreiben, durch das Personen, die sich unter den Kriterien und Vorgaben der Regierung qualifizieren, die Staatsb\u00fcrgerschaft erhalten k\u00f6nnen.<\/span><\/span><\/p>\t\t\t\t\t\t\t\t<\/div>\n\t\t\t\t<\/div>\n\t\t\t\t<div class=\"elementor-element elementor-element-20f7331 elementor-invisible elementor-widget elementor-widget-text-editor\" data-id=\"20f7331\" data-element_type=\"widget\" data-e-type=\"widget\" data-settings=\"{&quot;_animation&quot;:&quot;fadeInUp&quot;}\" data-widget_type=\"text-editor.default\">\n\t\t\t\t<div class=\"elementor-widget-container\">\n\t\t\t\t\t\t\t\t\t<p><span style=\"font-size: 16px;\">Als Staatsb\u00fcrger d\u00fcrfen Sie jederzeit sowohl in Dominica, als auch in jedwelchem anderen Land der Karibischen Gemeinschaft (CARICOM) leben und arbeiten. Sie sind in Dominica nicht steuerpflichtig, wenn Ihre Ertr\u00e4ge im Ausland erwirtschaftet wurden, es sei denn, Sie entscheiden sich in Dominica wohnhaft zu werden. Mit Ihrem <\/span><strong style=\"font-size: 16px;\">Dominica Reisepass<\/strong><span style=\"font-size: 16px;\">\u00a0k\u00f6nnen Sie in rund 120 L\u00e4nder visafrei reisen, einschlie\u00dflich in die EU-Schengen-Staaten, Singapur, Hong Kong, Gro\u00dfbritannien, Brasilien, die Schweiz und viele andere.<\/span><\/p><p>Durch den Erwerb der Staatsb\u00fcrgerschaft in Dominica genie\u00dfen Ihre Familie und Sie volle Staatsb\u00fcrgerschaft, ohne Eingrenzung und auf Lebzeit, und k\u00f6nnen diese sogar auf\u00a0k\u00fcnftige Generationen \u00fcbertragen.<\/p>\t\t\t\t\t\t\t\t<\/div>\n\t\t\t\t<\/div>\n\t\t\t\t<div class=\"elementor-element elementor-element-aa46487 elementor-invisible elementor-widget elementor-widget-heading\" data-id=\"aa46487\" data-element_type=\"widget\" data-e-type=\"widget\" data-settings=\"{&quot;_animation&quot;:&quot;fadeInUp&quot;}\" data-widget_type=\"heading.default\">\n\t\t\t\t<div class=\"elementor-widget-container\">\n\t\t\t\t\t<h3 class=\"elementor-heading-title elementor-size-default\">Citizenship by Investment \u2013 Optionen<\/h3>\t\t\t\t<\/div>\n\t\t\t\t<\/div>\n\t\t\t\t<div class=\"elementor-element elementor-element-f21046f animated-slow elementor-invisible elementor-widget elementor-widget-text-editor\" data-id=\"f21046f\" data-element_type=\"widget\" data-e-type=\"widget\" data-settings=\"{&quot;_animation&quot;:&quot;fadeIn&quot;}\" data-widget_type=\"text-editor.default\">\n\t\t\t\t<div class=\"elementor-widget-container\">\n\t\t\t\t\t\t\t\t\t<p>Die <strong>Option einer direkten Beitragsleistung and die Regierung<\/strong>\u00a0erlaubt dem Bewerber\u00a0eine einmalige Zahlung (zzgl. Bearbeitungsgeb\u00fchren) and die Regierung zu leisten; sofern dieser dann die Due Diligence Anforderungen erf\u00fcllt, wird ihm die\u00a0<strong>Dominica Staatsb\u00fcrgerschaft<\/strong>\u00a0erteilt und der\u00a0<strong>Dominica Reisepass<\/strong>\u00a0ausgestellt.<\/p><p>Die zweite Option w\u00e4re eine\u00a0<strong>Geldanlage in von der Regierung genehmigte Immobilien<\/strong>\u00a0und die Zahlung einer\u00a0dadurch reduzierten Leistung and die Regierung\u00a0(zzgl. Bearbeitungsgeb\u00fchren). Die gleichen Due Diligence Anfoderungen gelten auch hier. Diese Option ist zwar teurer, jedoch haben Sie dann einen greifbaren\u00a0Besitz in Dominica mit der M\u00f6glichkeit, Rendite auf ihre Investition zu erhalten.<\/p>\t\t\t\t\t\t\t\t<\/div>\n\t\t\t\t<\/div>\n\t\t\t\t\t<\/div>\n\t\t\t\t<\/div>\n\t\t<div class=\"elementor-element elementor-element-bb7b66c e-flex e-con-boxed e-con e-parent\" data-id=\"bb7b66c\" data-element_type=\"container\" data-e-type=\"container\">\n\t\t\t\t\t<div class=\"e-con-inner\">\n\t\t\t\t<div class=\"elementor-element elementor-element-10bab37 elementor-invisible elementor-widget elementor-widget-heading\" data-id=\"10bab37\" data-element_type=\"widget\" data-e-type=\"widget\" data-settings=\"{&quot;_animation&quot;:&quot;fadeIn&quot;}\" data-widget_type=\"heading.default\">\n\t\t\t\t<div class=\"elementor-widget-container\">\n\t\t\t\t\t<h3 class=\"elementor-heading-title elementor-size-default\">\u00dcber Dominica<\/h3>\t\t\t\t<\/div>\n\t\t\t\t<\/div>\n\t\t\t\t\t<\/div>\n\t\t\t\t<\/div>\n\t\t<div class=\"elementor-element elementor-element-a4a63ba e-flex e-con-boxed e-con e-parent\" data-id=\"a4a63ba\" data-element_type=\"container\" data-e-type=\"container\">\n\t\t\t\t\t<div class=\"e-con-inner\">\n\t\t\t\t<div class=\"elementor-element elementor-element-ac1a105 elementor-widget elementor-widget-text-editor\" data-id=\"ac1a105\" data-element_type=\"widget\" data-e-type=\"widget\" data-widget_type=\"text-editor.default\">\n\t\t\t\t<div class=\"elementor-widget-container\">\n\t\t\t\t\t\t\t\t\t<table style=\"font-size: 16px; font-style: normal;\">\n    <tbody>\n<tr>\n    <td><img decoding=\"async\" class=\"size-full alignnone\" src=\"\/wp-content\/uploads\/2019\/03\/Flag_of_Dominica.svg-2-e1470384536700.jpg\" alt=\"\" width=\"100%\" title=\"\"><\/td>\n    <td>Capital City: Roseau <br>Total Area: 750 km <br> Population: 72,324 (2016 census)<br> GDP: USD 1,002 Billion <br>Currency: East Caribbean Dollar (XCD) <br>Language: English and French <br> Patois Independence from UK: 1978<\/td>\n<\/tr>\n<\/tbody>\n<\/table>\t\t\t\t\t\t\t\t<\/div>\n\t\t\t\t<\/div>\n\t\t\t\t<div class=\"elementor-element elementor-element-b8bab96 animated-slow elementor-invisible elementor-widget elementor-widget-text-editor\" data-id=\"b8bab96\" data-element_type=\"widget\" data-e-type=\"widget\" data-settings=\"{&quot;_animation&quot;:&quot;fadeIn&quot;}\" data-widget_type=\"text-editor.default\">\n\t\t\t\t<div class=\"elementor-widget-container\">\n\t\t\t\t\t\t\t\t\t<p>Dominica gilt als einer der weltweit gl\u00fccklichsten Orte, mit einer ungew\u00f6hnlich hohen Anzahl hundertj\u00e4hriger Einwohner. Die Insel bietet einen gelassenen Lebensstil in einer sicheren und ruhigen Umgebung mit unber\u00fchrter Umwelt, lebendiger Kultur und einer freundlichen Gemeinschaft.<\/p>\t\t\t\t\t\t\t\t<\/div>\n\t\t\t\t<\/div>\n\t\t\t\t<div class=\"elementor-element elementor-element-95c5f70 elementor-widget elementor-widget-text-editor\" data-id=\"95c5f70\" data-element_type=\"widget\" data-e-type=\"widget\" data-widget_type=\"text-editor.default\">\n\t\t\t\t<div class=\"elementor-widget-container\">\n\t\t\t\t\t\t\t\t\t<p><img decoding=\"async\" class=\"size-full alignnone\" src=\"\/wp-content\/uploads\/2019\/03\/Dominica-Map-min-1.jpg\" alt=\"\" width=\"100%\" title=\"\"><\/p>\t\t\t\t\t\t\t\t<\/div>\n\t\t\t\t<\/div>\n\t\t\t\t<div class=\"elementor-element elementor-element-719e1ab elementor-widget elementor-widget-heading\" data-id=\"719e1ab\" data-element_type=\"widget\" data-e-type=\"widget\" data-widget_type=\"heading.default\">\n\t\t\t\t<div class=\"elementor-widget-container\">\n\t\t\t\t\t<h3 class=\"elementor-heading-title elementor-size-default\">Erfolgreiche Bewerber k\u00f6nnen visafrei in folgende L\u00e4nder reisen:<\/h3>\t\t\t\t<\/div>\n\t\t\t\t<\/div>\n\t\t\t\t<div class=\"elementor-element elementor-element-dc82287 animated-slow elementor-invisible elementor-widget elementor-widget-text-editor\" data-id=\"dc82287\" data-element_type=\"widget\" data-e-type=\"widget\" data-settings=\"{&quot;_animation&quot;:&quot;fadeIn&quot;}\" data-widget_type=\"text-editor.default\">\n\t\t\t\t<div class=\"elementor-widget-container\">\n\t\t\t\t\t\t\t\t\t<p>Die \u201cNaturinsel der Karibik\u201d ist ein gr\u00fcnes Tropenparadies und eine der sch\u00f6nsten Inseln der Karibik, mit unz\u00e4hligen Fl\u00fcssen\u00a0und\u00a0Wasserf\u00e4llen, smaragdgr\u00fcnen Bergen und\u00a0t\u00fcrkisfarbenem Meer. Dominicas klare und ruhige Meere bieten hervorragende M\u00f6glichkeiten zum Tauchen und Schnorcheln und haben spektakul\u00e4re Tauchpl\u00e4tze mit Schiffswracks und sogar Unterwasserthermalquellen.<\/p>\t\t\t\t\t\t\t\t<\/div>\n\t\t\t\t<\/div>\n\t\t\t\t<div class=\"elementor-element elementor-element-e3b8489 elementor-widget elementor-widget-text-editor\" data-id=\"e3b8489\" data-element_type=\"widget\" data-e-type=\"widget\" data-widget_type=\"text-editor.default\">\n\t\t\t\t<div class=\"elementor-widget-container\">\n\t\t\t\t\t\t\t\t\t<img decoding=\"async\" class=\"alignright wp-image-1363 size-full\" src=\"https:\/\/gws-offshore.com\/wp-content\/uploads\/2021\/02\/Visa_requirements_for_Dominica_citizens.png\" alt=\"\" width=\"100%\" title=\"\" srcset=\"https:\/\/gws-offshore.com\/wp-content\/uploads\/2021\/02\/Visa_requirements_for_Dominica_citizens.png 1425w, https:\/\/gws-offshore.com\/wp-content\/uploads\/2021\/02\/Visa_requirements_for_Dominica_citizens-1024x449.png 1024w, https:\/\/gws-offshore.com\/wp-content\/uploads\/2021\/02\/Visa_requirements_for_Dominica_citizens-768x337.png 768w\" sizes=\"(max-width: 1425px) 100vw, 1425px\" \/>\n<table>\n<tbody>\n<tr>\n<td><span style=\"color: #ff0000;\">\u25cf<\/span> Dominica<\/td>\n<td><span style=\"color: #008000;\">\u25cf<\/span> Visafreie Einreise<\/td>\n<td><span style=\"color: #ffff00;\">\u25cf<\/span> Visa bei der Einreise<\/td>\n<td><span style=\"color: #999999;\">\u25cf<\/span> Visa erforderlich<\/td>\n<\/tr>\n<\/tbody>\n<\/table>\t\t\t\t\t\t\t\t<\/div>\n\t\t\t\t<\/div>\n\t\t\t\t\t<\/div>\n\t\t\t\t<\/div>\n\t\t\t\t<\/div>\n\t\t","protected":false},"excerpt":{"rendered":"<p>Dominica Staatsb\u00fcrgerschaft und Reisepass Eine neue oder zweite Staatsb\u00fcrgerschaft im friedlichen Commonwealth-Land Dominica erlaubt Ihnen, sorgenfrei in einer globalisierten Welt zu reisen, in der \u00dcberwachung und nachteilige Vorschriften die Freiheit und Unabh\u00e4ngigkeit unserer modernen Gesellschaft zu begrenzen versuchen. Das\u00a0Staatsb\u00fcrgerprogramm durch Investitionen\u00a0im neutralen und stabilen Commonwealth von Dominica in den Kleinen Antillen in der \u00f6stlichen Karibik [&hellip;]<\/p>\n","protected":false},"author":3,"featured_media":0,"parent":0,"menu_order":0,"comment_status":"closed","ping_status":"closed","template":"","meta":{"_acf_changed":false,"site-sidebar-layout":"no-sidebar","site-content-layout":"","ast-site-content-layout":"full-width-container","site-content-style":"unboxed","site-sidebar-style":"unboxed","ast-global-header-display":"","ast-banner-title-visibility":"","ast-main-header-display":"","ast-hfb-above-header-display":"","ast-hfb-below-header-display":"","ast-hfb-mobile-header-display":"","site-post-title":"disabled","ast-breadcrumbs-content":"","ast-featured-img":"disabled","footer-sml-layout":"","theme-transparent-header-meta":"default","adv-header-id-meta":"","stick-header-meta":"","header-above-stick-meta":"","header-main-stick-meta":"","header-below-stick-meta":"","astra-migrate-meta-layouts":"set","ast-page-background-enabled":"default","ast-page-background-meta":{"desktop":{"background-color":"","background-image":"","background-repeat":"repeat","background-position":"center center","background-size":"auto","background-attachment":"scroll","background-type":"","background-media":"","overlay-type":"","overlay-color":"","overlay-opacity":"","overlay-gradient":""},"tablet":{"background-color":"","background-image":"","background-repeat":"repeat","background-position":"center center","background-size":"auto","background-attachment":"scroll","background-type":"","background-media":"","overlay-type":"","overlay-color":"","overlay-opacity":"","overlay-gradient":""},"mobile":{"background-color":"","background-image":"","background-repeat":"repeat","background-position":"center center","background-size":"auto","background-attachment":"scroll","background-type":"","background-media":"","overlay-type":"","overlay-color":"","overlay-opacity":"","overlay-gradient":""}},"ast-content-background-meta":{"desktop":{"background-color":"var(--ast-global-color-5)","background-image":"","background-repeat":"repeat","background-position":"center center","background-size":"auto","background-attachment":"scroll","background-type":"","background-media":"","overlay-type":"","overlay-color":"","overlay-opacity":"","overlay-gradient":""},"tablet":{"background-color":"var(--ast-global-color-5)","background-image":"","background-repeat":"repeat","background-position":"center center","background-size":"auto","background-attachment":"scroll","background-type":"","background-media":"","overlay-type":"","overlay-color":"","overlay-opacity":"","overlay-gradient":""},"mobile":{"background-color":"var(--ast-global-color-5)","background-image":"","background-repeat":"repeat","background-position":"center center","background-size":"auto","background-attachment":"scroll","background-type":"","background-media":"","overlay-type":"","overlay-color":"","overlay-opacity":"","overlay-gradient":""}},"footnotes":""},"class_list":["post-590","page","type-page","status-publish","hentry"],"acf":[],"_links":{"self":[{"href":"https:\/\/gws-offshore.com\/de\/wp-json\/wp\/v2\/pages\/590","targetHints":{"allow":["GET"]}}],"collection":[{"href":"https:\/\/gws-offshore.com\/de\/wp-json\/wp\/v2\/pages"}],"about":[{"href":"https:\/\/gws-offshore.com\/de\/wp-json\/wp\/v2\/types\/page"}],"author":[{"embeddable":true,"href":"https:\/\/gws-offshore.com\/de\/wp-json\/wp\/v2\/users\/3"}],"replies":[{"embeddable":true,"href":"https:\/\/gws-offshore.com\/de\/wp-json\/wp\/v2\/comments?post=590"}],"version-history":[{"count":22,"href":"https:\/\/gws-offshore.com\/de\/wp-json\/wp\/v2\/pages\/590\/revisions"}],"predecessor-version":[{"id":4880,"href":"https:\/\/gws-offshore.com\/de\/wp-json\/wp\/v2\/pages\/590\/revisions\/4880"}],"wp:attachment":[{"href":"https:\/\/gws-offshore.com\/de\/wp-json\/wp\/v2\/media?parent=590"}],"curies":[{"name":"wp","href":"https:\/\/api.w.org\/{rel}","templated":true}]}}