{"id":52,"date":"2018-11-27T15:38:50","date_gmt":"2018-11-27T15:38:50","guid":{"rendered":"http:\/\/gws-offshore.rhome.lv\/?page_id=52"},"modified":"2025-11-14T14:32:57","modified_gmt":"2025-11-14T13:32:57","slug":"gebuhrenubersicht","status":"publish","type":"page","link":"https:\/\/gws-offshore.com\/de\/gebuhrenubersicht\/","title":{"rendered":"Geb\u00fchren\u00fcbersicht"},"content":{"rendered":"\t\t<div data-elementor-type=\"wp-page\" data-elementor-id=\"52\" class=\"elementor elementor-52 elementor-50\" data-elementor-post-type=\"page\">\n\t\t\t\t<div class=\"elementor-element elementor-element-f0d9fc5 e-flex e-con-boxed e-con e-parent\" data-id=\"f0d9fc5\" data-element_type=\"container\" data-e-type=\"container\">\n\t\t\t\t\t<div class=\"e-con-inner\">\n\t\t\t\t<div class=\"elementor-element elementor-element-0aa3c70 elementor-widget elementor-widget-text-editor\" data-id=\"0aa3c70\" data-element_type=\"widget\" data-e-type=\"widget\" data-widget_type=\"text-editor.default\">\n\t\t\t\t<div class=\"elementor-widget-container\">\n\t\t\t\t\t\t\t\t\t<p><strong>Bitte <a href=\"https:\/\/gws-offshore.com\/contact\/\">kontaktieren Sie uns<\/a> f\u00fcr die aktuellen Preise in Euro, CHF oder GBP.<\/strong><\/p>\t\t\t\t\t\t\t\t<\/div>\n\t\t\t\t<\/div>\n\t\t\t\t<div class=\"elementor-element elementor-element-dc57064 elementor-widget elementor-widget-heading\" data-id=\"dc57064\" data-element_type=\"widget\" data-e-type=\"widget\" data-widget_type=\"heading.default\">\n\t\t\t\t<div class=\"elementor-widget-container\">\n\t\t\t\t\t<h2 class=\"elementor-heading-title elementor-size-default\">OFFSHORE FIRMENGR\u00dcNDUNGEN <\/h2>\t\t\t\t<\/div>\n\t\t\t\t<\/div>\n\t\t\t\t<div class=\"elementor-element elementor-element-fa43965 elementor-widget elementor-widget-text-editor\" data-id=\"fa43965\" data-element_type=\"widget\" data-e-type=\"widget\" data-widget_type=\"text-editor.default\">\n\t\t\t\t<div class=\"elementor-widget-container\">\n\t\t\t\t\t\t\t\t\t<div style=\"overflow-x: auto;\">\n<table style=\"font-size: 16px; font-style: normal;\">\n<tbody>\n<tr>\n<td colspan=\"2\"><strong>Firmengr\u00fcndung\u00a0<\/strong><em>(inkl. der gesamten Kosten f\u00fcr das laufende Kalenderjahr)<\/em><strong>\n<\/strong><\/td>\n<td><strong>J\u00e4hrliche Kosten\u00a0<\/strong><em>(ab dem zweiten Jahr, f\u00e4llig zum Verl\u00e4ngerungsdatum)*<\/em><\/td>\n<\/tr>\n<tr>\n<td><a title=\"Seychellen Offshore Firmengr\u00fcndung\" href=\"\/de\/seychelles-offshore-company\/\">Seychelles<\/a><\/td>\n<td>ab\u00a0950 USD<\/td>\n<td>890 USD<\/td>\n<\/tr>\n<tr>\n<td><a title=\"Belize Offshore Firmengr\u00fcndung\" href=\"\/de\/belize-offshore-company\/\">Belize<\/a><\/td>\n<td>ab\u00a01,200 USD<\/td>\n<td>980 USD<\/td>\n<\/tr>\n<tr>\n<td><a title=\"Marshallinseln Offshore Firmengr\u00fcndung\" href=\"\/de\/marshallinseln-offshore-firmengruendung\/\">Marshallinseln<\/a><\/td>\n<td>ab\u00a01,390 USD<\/td>\n<td>1,090\u00a0USD<\/td>\n<\/tr>\n<tr>\n<td><a title=\"Anguilla Offshore Firmengr\u00fcndung\" href=\"\/de\/anguilla-offshore-company\/\">Anguilla<\/a><\/td>\n<td>ab\u00a01,790 USD<\/td>\n<td>1,590 USD<\/td>\n<\/tr>\n<tr>\n<td><a href=\"#\">St. Kitts and Nevis<\/a><\/td>\n<td>ab\u00a01,790 USD<\/td>\n<td>1,390 USD<\/td>\n<\/tr>\n<tr>\n<td><a title=\"Hong Kong Offshore Firmengr\u00fcndung\" href=\"\/de\/hong-kong-firmengrundung\/\">Hong Kong<\/a><\/td>\n<td>ab\u00a01,990 USD<\/td>\n<td>1,890 USD<\/td>\n<\/tr>\n<tr>\n<td><a title=\"Gibraltar Offshore Firmengr\u00fcndung\" href=\"\/de\/gibraltar-offshore-firmengruendung\/\">Gibraltar<\/a><\/td>\n<td>ab\u00a02,690\u00a0USD<\/td>\n<td>2,890\u00a0USD<\/td>\n<\/tr>\n<tr>\n<td><a title=\"US Offshore Company\" href=\"\/de\/united-states-company\/\">US LLC <\/a><\/td>\n<td>ab\u00a02,800\u00a0USD<\/td>\n<td>2,200\u00a0USD<\/td>\n<\/tr>\n<tr>\n<td><a title=\"British Virgin Islands Offshore Firmengr\u00fcndung\" href=\"\/de\/british-virgin-islands-offshore-firmengruendung\/\">British Virgin Islands (BVI)<\/a><\/td>\n<td>ab\u00a02,890 USD<\/td>\n<td>2,190\u00a0USD<\/td>\n<\/tr>\n<tr>\n<td><a title=\"Dubai Offshore Firmengr\u00fcndung\" href=\"\/de\/dubai-offshore-firmengrundung\/\">Dubai (IBC \u2013 RAK, Ajman, Dubai)<\/a><\/td>\n<td>ab\u00a03,290\u00a0USD<\/td>\n<td>3,190 USD<\/td>\n<\/tr>\n<tr>\n<td><a href=\"#\">Cyprus<\/a><\/td>\n<td>ab 3,290 USD<\/td>\n<td>2,990\u00a0USD<\/td>\n<\/tr>\n<tr>\n<td><a title=\"Panama Offshore Firmengr\u00fcndung\" href=\"\/de\/panama-offshore-firmengrundung\/\">Panama<\/a><\/td>\n<td>ab 3,500 USD<\/td>\n<td>2,200\u00a0USD<\/td>\n<\/tr>\n<tr>\n<td><a title=\"Latvia Offshore Firmengr\u00fcndung\" href=\"\/de\/firmengruendung-in-lettland\/\">Latvia (LLC\/SIA)<\/a><\/td>\n<td>ab\u00a03,550 USD<\/td>\n<td>2,250 USD<\/td>\n<\/tr>\n<tr>\n<td><a title=\"Schottland Offshore Firmengr\u00fcndung\" href=\"\/de\/firmengruendung-in-schottland\/\">UK \/ Schottland (LP) <\/a><\/td>\n<td>ab 3,600 USD<\/td>\n<td>2,100\u00a0USD<\/td>\n<\/tr>\n<tr>\n<td><a href=\"#\">Georgia<\/a><\/td>\n<td>ab 4,300 USD<\/td>\n<td>2,400\u00a0USD<\/td>\n<\/tr>\n<tr>\n<td><a title=\"Liechtenstein Offshore Firmengr\u00fcndung\" href=\"https:\/\/www.dubai-offshore.com\/de\/project\/vae-und-dubai-freihandelszonen\/\" target=\"_blank\" rel=\"noopener\">Dubai (RAK Freezone)<\/a><\/td>\n<td>ab 4,790 USD<\/td>\n<td>ab 4,790 USD<\/td>\n<\/tr>\n<tr>\n<td><a href=\"#\">Cayman Islands<\/a><\/td>\n<td>ab 5,300 USD<\/td>\n<td>2,990\u00a0USD<\/td>\n<\/tr>\n<tr>\n<td><a title=\"Liechtenstein Offshore Firmengr\u00fcndung\" href=\"\/de\/liechtenstein-firmengruendung\/\">Liechtenstein (Anstalt)<\/a><\/td>\n<td>ab\u00a05,490\u00a0USD<\/td>\n<td>4,990\u00a0USD<\/td>\n<\/tr>\n<tr>\n<td><a title=\"Schweiz Offshore Firmengr\u00fcndung\" href=\"\/de\/firmengruendung-in-der-schweiz\/\">Schweiz (SARL \/LLC) <\/a><\/td>\n<td>ab\u00a05,490\u00a0USD<\/td>\n<td>4,990\u00a0USD<\/td>\n<\/tr>\n<\/tbody>\n<\/table>\n<\/div>\n<em>* J\u00e4hrliche Kosten ohne Due Diligence<\/em>\n<em>** pro Kalenderjahr (Januar \u2013 Dezember)<\/em>\t\t\t\t\t\t\t\t<\/div>\n\t\t\t\t<\/div>\n\t\t\t\t\t<\/div>\n\t\t\t\t<\/div>\n\t\t<div class=\"elementor-element elementor-element-d1b9502 e-flex e-con-boxed e-con e-parent\" data-id=\"d1b9502\" data-element_type=\"container\" data-e-type=\"container\">\n\t\t\t\t\t<div class=\"e-con-inner\">\n\t\t\t\t<div class=\"elementor-element elementor-element-c2552d7 elementor-widget elementor-widget-text-editor\" data-id=\"c2552d7\" data-element_type=\"widget\" data-e-type=\"widget\" data-widget_type=\"text-editor.default\">\n\t\t\t\t<div class=\"elementor-widget-container\">\n\t\t\t\t\t\t\t\t\t<p style=\"font-weight: 400;\"><em><strong>* UK Limited<\/strong><\/em><\/p><p style=\"font-weight: 400;\">Basic Package: 2,200 USD<br \/>Business Package<span style=\"font-size: 16px; font-weight: 400;\">: 3,700 USD<\/span><br \/><span style=\"font-size: 16px; font-weight: 400;\">Privacy upon request <\/span><br \/>Annual Renewal: 1,800 USD<\/p>\t\t\t\t\t\t\t\t<\/div>\n\t\t\t\t<\/div>\n\t\t\t\t\t<\/div>\n\t\t\t\t<\/div>\n\t\t<div class=\"elementor-element elementor-element-49747c1 e-flex e-con-boxed e-con e-parent\" data-id=\"49747c1\" data-element_type=\"container\" data-e-type=\"container\">\n\t\t\t\t\t<div class=\"e-con-inner\">\n\t\t\t\t<div class=\"elementor-element elementor-element-82207a3 elementor-widget elementor-widget-text-editor\" data-id=\"82207a3\" data-element_type=\"widget\" data-e-type=\"widget\" data-widget_type=\"text-editor.default\">\n\t\t\t\t<div class=\"elementor-widget-container\">\n\t\t\t\t\t\t\t\t\t<h5><strong>Vollst\u00e4ndige Preiseliste:<\/strong><\/h5>\t\t\t\t\t\t\t\t<\/div>\n\t\t\t\t<\/div>\n\t\t\t\t<div class=\"elementor-element elementor-element-81dbe29 elementor-widget elementor-widget-button\" data-id=\"81dbe29\" data-element_type=\"widget\" data-e-type=\"widget\" data-widget_type=\"button.default\">\n\t\t\t\t<div class=\"elementor-widget-container\">\n\t\t\t\t\t\t\t\t\t<div class=\"elementor-button-wrapper\">\n\t\t\t\t\t<a class=\"elementor-button elementor-button-link elementor-size-sm\" href=\"\/wp-content\/uploads\/2025\/11\/GWS_Fee_Schedule_Nov_2025.pdf\">\n\t\t\t\t\t\t<span class=\"elementor-button-content-wrapper\">\n\t\t\t\t\t\t\t\t\t<span class=\"elementor-button-text\">Kosten\u00fcbersicht (USD)<\/span>\n\t\t\t\t\t<\/span>\n\t\t\t\t\t<\/a>\n\t\t\t\t<\/div>\n\t\t\t\t\t\t\t\t<\/div>\n\t\t\t\t<\/div>\n\t\t\t\t\t<\/div>\n\t\t\t\t<\/div>\n\t\t\t\t<\/div>\n\t\t","protected":false},"excerpt":{"rendered":"<p>Bitte kontaktieren Sie uns f\u00fcr die aktuellen Preise in Euro, CHF oder GBP. OFFSHORE FIRMENGR\u00dcNDUNGEN Firmengr\u00fcndung\u00a0(inkl. der gesamten Kosten f\u00fcr das laufende Kalenderjahr) J\u00e4hrliche Kosten\u00a0(ab dem zweiten Jahr, f\u00e4llig zum Verl\u00e4ngerungsdatum)* Seychelles ab\u00a0950 USD 890 USD Belize ab\u00a01,200 USD 980 USD Marshallinseln ab\u00a01,390 USD 1,090\u00a0USD Anguilla ab\u00a01,790 USD 1,590 USD St. Kitts and Nevis ab\u00a01,790 [&hellip;]<\/p>\n","protected":false},"author":3,"featured_media":0,"parent":0,"menu_order":0,"comment_status":"closed","ping_status":"closed","template":"","meta":{"_acf_changed":false,"site-sidebar-layout":"default","site-content-layout":"","ast-site-content-layout":"default","site-content-style":"default","site-sidebar-style":"default","ast-global-header-display":"","ast-banner-title-visibility":"","ast-main-header-display":"","ast-hfb-above-header-display":"","ast-hfb-below-header-display":"","ast-hfb-mobile-header-display":"","site-post-title":"disabled","ast-breadcrumbs-content":"","ast-featured-img":"","footer-sml-layout":"","theme-transparent-header-meta":"default","adv-header-id-meta":"","stick-header-meta":"","header-above-stick-meta":"","header-main-stick-meta":"","header-below-stick-meta":"","astra-migrate-meta-layouts":"set","ast-page-background-enabled":"default","ast-page-background-meta":{"desktop":{"background-color":"","background-image":"","background-repeat":"repeat","background-position":"center center","background-size":"auto","background-attachment":"scroll","background-type":"","background-media":"","overlay-type":"","overlay-color":"","overlay-opacity":"","overlay-gradient":""},"tablet":{"background-color":"","background-image":"","background-repeat":"repeat","background-position":"center center","background-size":"auto","background-attachment":"scroll","background-type":"","background-media":"","overlay-type":"","overlay-color":"","overlay-opacity":"","overlay-gradient":""},"mobile":{"background-color":"","background-image":"","background-repeat":"repeat","background-position":"center center","background-size":"auto","background-attachment":"scroll","background-type":"","background-media":"","overlay-type":"","overlay-color":"","overlay-opacity":"","overlay-gradient":""}},"ast-content-background-meta":{"desktop":{"background-color":"var(--ast-global-color-5)","background-image":"","background-repeat":"repeat","background-position":"center center","background-size":"auto","background-attachment":"scroll","background-type":"","background-media":"","overlay-type":"","overlay-color":"","overlay-opacity":"","overlay-gradient":""},"tablet":{"background-color":"var(--ast-global-color-5)","background-image":"","background-repeat":"repeat","background-position":"center center","background-size":"auto","background-attachment":"scroll","background-type":"","background-media":"","overlay-type":"","overlay-color":"","overlay-opacity":"","overlay-gradient":""},"mobile":{"background-color":"var(--ast-global-color-5)","background-image":"","background-repeat":"repeat","background-position":"center center","background-size":"auto","background-attachment":"scroll","background-type":"","background-media":"","overlay-type":"","overlay-color":"","overlay-opacity":"","overlay-gradient":""}},"footnotes":""},"class_list":["post-52","page","type-page","status-publish","hentry"],"acf":[],"_links":{"self":[{"href":"https:\/\/gws-offshore.com\/de\/wp-json\/wp\/v2\/pages\/52","targetHints":{"allow":["GET"]}}],"collection":[{"href":"https:\/\/gws-offshore.com\/de\/wp-json\/wp\/v2\/pages"}],"about":[{"href":"https:\/\/gws-offshore.com\/de\/wp-json\/wp\/v2\/types\/page"}],"author":[{"embeddable":true,"href":"https:\/\/gws-offshore.com\/de\/wp-json\/wp\/v2\/users\/3"}],"replies":[{"embeddable":true,"href":"https:\/\/gws-offshore.com\/de\/wp-json\/wp\/v2\/comments?post=52"}],"version-history":[{"count":66,"href":"https:\/\/gws-offshore.com\/de\/wp-json\/wp\/v2\/pages\/52\/revisions"}],"predecessor-version":[{"id":5910,"href":"https:\/\/gws-offshore.com\/de\/wp-json\/wp\/v2\/pages\/52\/revisions\/5910"}],"wp:attachment":[{"href":"https:\/\/gws-offshore.com\/de\/wp-json\/wp\/v2\/media?parent=52"}],"curies":[{"name":"wp","href":"https:\/\/api.w.org\/{rel}","templated":true}]}}