{"id":513,"date":"2019-03-04T18:32:55","date_gmt":"2019-03-04T18:32:55","guid":{"rendered":"http:\/\/gws-offshore.rhome.lv\/?page_id=513"},"modified":"2025-08-18T12:14:25","modified_gmt":"2025-08-18T10:14:25","slug":"daten-und-fakten-zu-offshore-firmen-auf-den-british-virgin-islands","status":"publish","type":"page","link":"https:\/\/gws-offshore.com\/de\/daten-und-fakten-zu-offshore-firmen-auf-den-british-virgin-islands\/","title":{"rendered":"Daten und Fakten zu Offshore-Firmen auf den British Virgin Islands"},"content":{"rendered":"\t\t<div data-elementor-type=\"wp-page\" data-elementor-id=\"513\" class=\"elementor elementor-513 elementor-501\" data-elementor-post-type=\"page\">\n\t\t\t\t<div class=\"elementor-element elementor-element-36dc9052 e-flex e-con-boxed e-con e-parent\" data-id=\"36dc9052\" data-element_type=\"container\" data-e-type=\"container\" data-settings=\"{&quot;background_background&quot;:&quot;classic&quot;}\">\n\t\t\t\t\t<div class=\"e-con-inner\">\n\t\t<div class=\"elementor-element elementor-element-248cf618 e-con-full e-flex e-con e-child\" data-id=\"248cf618\" data-element_type=\"container\" data-e-type=\"container\">\n\t\t\t\t<div class=\"elementor-element elementor-element-70c92635 elementor-invisible elementor-widget elementor-widget-heading\" data-id=\"70c92635\" data-element_type=\"widget\" data-e-type=\"widget\" data-settings=\"{&quot;_animation&quot;:&quot;fadeIn&quot;}\" data-widget_type=\"heading.default\">\n\t\t\t\t<div class=\"elementor-widget-container\">\n\t\t\t\t\t<h1 class=\"elementor-heading-title elementor-size-default\">Daten und Fakten zu Offshore-Firmen auf den British Virgin Islands<\/h1>\t\t\t\t<\/div>\n\t\t\t\t<\/div>\n\t\t\t\t<\/div>\n\t\t\t\t\t<\/div>\n\t\t\t\t<\/div>\n\t\t<div class=\"elementor-element elementor-element-46cb36c4 e-flex e-con-boxed e-con e-parent\" data-id=\"46cb36c4\" data-element_type=\"container\" data-e-type=\"container\">\n\t\t\t\t\t<div class=\"e-con-inner\">\n\t\t\t\t<div class=\"elementor-element elementor-element-32a8f014 elementor-widget elementor-widget-heading\" data-id=\"32a8f014\" data-element_type=\"widget\" data-e-type=\"widget\" data-widget_type=\"heading.default\">\n\t\t\t\t<div class=\"elementor-widget-container\">\n\t\t\t\t\t<h4 class=\"elementor-heading-title elementor-size-default\">Highlights Einer Offshore-firma Auf Den British Virgin Islands<\/h4>\t\t\t\t<\/div>\n\t\t\t\t<\/div>\n\t\t\t\t<div class=\"elementor-element elementor-element-7754c4b2 animated-slow elementor-invisible elementor-widget elementor-widget-text-editor\" data-id=\"7754c4b2\" data-element_type=\"widget\" data-e-type=\"widget\" data-settings=\"{&quot;_animation&quot;:&quot;fadeIn&quot;}\" data-widget_type=\"text-editor.default\">\n\t\t\t\t<div class=\"elementor-widget-container\">\n\t\t\t\t\t\t\t\t\t<ul><li>Ausgezeichnetes Gesellschafts- und Aktienrecht<\/li><li>Flexible Gesetzgebung f\u00fcr Unternehmen<\/li><li>Keine Besteuerung f\u00fcr internationale Transaktionen und Banktransaktionen<\/li><li>Keine Verordnungen bez\u00fcglich Devisenkontrolle<\/li><li>Politische und wirtschaftliche Stabilit\u00e4t<\/li><li>Hervorragendes Angebot an Hotelunterk\u00fcnften<\/li><li>Ausgezeichnete weltweit vernetzte Kommunikationsm\u00f6glichkeiten<\/li><li>Qualifiziertes Personal<\/li><li>Keine Kapitalertrags- bzw. Einkommenssteuer oder sonstige Besteuerung<\/li><\/ul>\t\t\t\t\t\t\t\t<\/div>\n\t\t\t\t<\/div>\n\t\t\t\t\t<\/div>\n\t\t\t\t<\/div>\n\t\t<div class=\"elementor-element elementor-element-9d16b76 e-flex e-con-boxed e-con e-parent\" data-id=\"9d16b76\" data-element_type=\"container\" data-e-type=\"container\">\n\t\t\t\t\t<div class=\"e-con-inner\">\n\t\t\t\t<div class=\"elementor-element elementor-element-9626495 elementor-widget elementor-widget-heading\" data-id=\"9626495\" data-element_type=\"widget\" data-e-type=\"widget\" data-widget_type=\"heading.default\">\n\t\t\t\t<div class=\"elementor-widget-container\">\n\t\t\t\t\t<h4 class=\"elementor-heading-title elementor-size-default\">BVI Offshore-firma Eckdaten<\/h4>\t\t\t\t<\/div>\n\t\t\t\t<\/div>\n\t\t\t\t<div class=\"elementor-element elementor-element-c1ee3be elementor-widget elementor-widget-text-editor\" data-id=\"c1ee3be\" data-element_type=\"widget\" data-e-type=\"widget\" data-widget_type=\"text-editor.default\">\n\t\t\t\t<div class=\"elementor-widget-container\">\n\t\t\t\t\t\t\t\t\t<table>\n<tbody>\n<tr>\n<td colspan=\"2\"><strong><b>Allgemein<\/b><\/strong><\/td>\n<\/tr>\n<tr>\n<td>Gesellschaftstyp<\/td>\n<td>BC<\/td>\n<\/tr>\n<tr>\n<td>Gesetzgebung<\/td>\n<td>Common<\/td>\n<\/tr>\n<tr>\n<td>Vorratsgesellschaften verf\u00fcgbar<\/td>\n<td>Ja<\/td>\n<\/tr>\n<tr>\n<td>Registrierungszeit<\/td>\n<td>2 Tage<\/td>\n<\/tr>\n<tr>\n<td>Unternehmensbesteuerung<\/td>\n<td>Keine<\/td>\n<\/tr>\n<tr>\n<td>Doppelbesteuerungsabkommen<\/td>\n<td>Nein<\/td>\n<\/tr>\n<tr>\n<td colspan=\"2\"><strong><b>Stammkapital oder Gegenwert<\/b><\/strong><\/td>\n<\/tr>\n<tr>\n<td>Standardw\u00e4hrung<\/td>\n<td>US$<\/td>\n<\/tr>\n<tr>\n<td>Erlaubte W\u00e4hrungen<\/td>\n<td>Beliebig<\/td>\n<\/tr>\n<tr>\n<td>Voll eingezahltes Kapital (Minimum)<\/td>\n<td>US$1<\/td>\n<\/tr>\n<tr>\n<td>\u00dcblicherweise genehmigtes Kapital<\/td>\n<td>US$50,000<\/td>\n<\/tr>\n<tr>\n<td colspan=\"2\"><strong>Gesch\u00e4ftsf\u00fchrer<\/strong><\/td>\n<\/tr>\n<tr>\n<td>Mindestanzahl<\/td>\n<td>1<\/td>\n<\/tr>\n<tr>\n<td>Lokaler Gesch\u00e4ftsf\u00fchrer n\u00f6tig<\/td>\n<td>Nein<\/td>\n<\/tr>\n<tr>\n<td>Corporate Directors erlaubt<\/td>\n<td>Ja<\/td>\n<\/tr>\n<tr>\n<td>\u00d6ffentlich zug\u00e4ngliche Unterlagen<\/td>\n<td>Nein<\/td>\n<\/tr>\n<tr>\n<td>Versammlungsort<\/td>\n<td>Beliebig<\/td>\n<\/tr>\n<tr>\n<td colspan=\"2\"><strong>Gesellschafter<\/strong><\/td>\n<\/tr>\n<tr>\n<td>Mindestanzahl<\/td>\n<td>1<\/td>\n<\/tr>\n<tr>\n<td>\u00d6ffentlich zug\u00e4ngliche Unterlagen<\/td>\n<td>Nein<\/td>\n<\/tr>\n<tr>\n<td>Versammlungsort<\/td>\n<td>Beliebig<\/td>\n<\/tr>\n<tr>\n<td colspan=\"2\"><b><\/b><strong>Schriftf\u00fchrer<\/strong><\/td>\n<\/tr>\n<tr>\n<td>Erforderlich<\/td>\n<td>Optional<\/td>\n<\/tr>\n<tr>\n<td>Lokal oder Qualifizierung notwendig<\/td>\n<td>Nein<\/td>\n<\/tr>\n<tr>\n<td colspan=\"2\"><strong><b>Buchhaltung<\/b><\/strong><\/td>\n<\/tr>\n<tr>\n<td>Rechnungslegungspflicht<\/td>\n<td>Ja<\/td>\n<\/tr>\n<tr>\n<td>Rechnungspr\u00fcfung erforderlich<\/td>\n<td>Nein<\/td>\n<\/tr>\n<tr>\n<td>Einreichung der Buchhaltungsunterlagen erforderlich<\/td>\n<td>Nein<\/td>\n<\/tr>\n<tr>\n<td>\u00d6ffentlich zug\u00e4ngliche Buchhaltung<\/td>\n<td>Nein<\/td>\n<\/tr>\n<tr>\n<td colspan=\"2\"><strong>Wiederkehrende Kosten<\/strong><\/td>\n<\/tr>\n<tr>\n<td>Jahressteuer (Minimum) \/ Lizenzgeb\u00fchr<\/td>\n<td>US$350 (genehmigte Aktien &lt; US$50,000) \/ US$1,100 (genehmigte Aktien &gt; US$50,001)<\/td>\n<\/tr>\n<tr>\n<td colspan=\"2\"><strong>Sonstiges<\/strong><\/td>\n<\/tr>\n<tr>\n<td>Einreichung der Jahresberichte erforderlich<\/td>\n<td>Nein<\/td>\n<\/tr>\n<tr>\n<td>Firmensitzwechsel erlaubt<\/td>\n<td>Ja<\/td>\n<\/tr>\n<\/tbody>\n<\/table>\t\t\t\t\t\t\t\t<\/div>\n\t\t\t\t<\/div>\n\t\t\t\t\t<\/div>\n\t\t\t\t<\/div>\n\t\t<div class=\"elementor-element elementor-element-3163f67 e-flex e-con-boxed e-con e-parent\" data-id=\"3163f67\" data-element_type=\"container\" data-e-type=\"container\">\n\t\t\t\t\t<div class=\"e-con-inner\">\n\t\t\t\t<div class=\"elementor-element elementor-element-1f99aaf animated-slow elementor-invisible elementor-widget elementor-widget-text-editor\" data-id=\"1f99aaf\" data-element_type=\"widget\" data-e-type=\"widget\" data-settings=\"{&quot;_animation&quot;:&quot;fadeIn&quot;}\" data-widget_type=\"text-editor.default\">\n\t\t\t\t<div class=\"elementor-widget-container\">\n\t\t\t\t\t\t\t\t\t<p>Viele Mandanten nutzen BVI-Gesellschaften f\u00fcr internationalen Handel, die Verwaltung von geistigem Eigentum und Immobilienbesitz. <a href=\"https:\/\/www.gws.net\/\" target=\"_blank\" rel=\"noopener\">GWS<\/a> Offshore begleitet Sie bei Gr\u00fcndung, Compliance und laufender Verwaltung.<\/p>\t\t\t\t\t\t\t\t<\/div>\n\t\t\t\t<\/div>\n\t\t\t\t<div class=\"elementor-element elementor-element-b6fc56d elementor-widget elementor-widget-wp-widget-pages\" data-id=\"b6fc56d\" data-element_type=\"widget\" data-e-type=\"widget\" data-widget_type=\"wp-widget-pages.default\">\n\t\t\t\t<div class=\"elementor-widget-container\">\n\t\t\t\t\t<h5>Zugeh\u00f6rige Gerichtsbarkeiten<\/h5><nav aria-label=\"Zugeh\u00f6rige Gerichtsbarkeiten\">\n\t\t\t<ul>\n\t\t\t\t<li class=\"page_item page-item-44 menu-item\"><a href=\"https:\/\/gws-offshore.com\/de\/anguilla-offshore-firmengrundung\/\" class=\"menu-link\">Anguilla Offshore Firmengr\u00fcndung<\/a><\/li>\n<li class=\"page_item page-item-6277 menu-item\"><a href=\"https:\/\/gws-offshore.com\/de\/antigua-and-barbuda-citizenship\/\" class=\"menu-link\">Antigua and Barbuda Citizenship<\/a><\/li>\n<li class=\"page_item page-item-48 menu-item\"><a href=\"https:\/\/gws-offshore.com\/de\/belize-offshore-firmengrundung\/\" class=\"menu-link\">Belize Offshore Firmengr\u00fcndung<\/a><\/li>\n<li class=\"page_item page-item-5659 menu-item\"><a href=\"https:\/\/gws-offshore.com\/de\/beste-offshore-gesellschaft\/\" class=\"menu-link\">Beste Offshore Gesellschaft<\/a><\/li>\n<li class=\"page_item page-item-506 menu-item\"><a href=\"https:\/\/gws-offshore.com\/de\/british-virgin-islands-offshore-firmengruendung\/\" class=\"menu-link\">British Virgin Islands Offshore Firmengr\u00fcndung<\/a><\/li>\n<li class=\"page_item page-item-513 menu-item\"><a href=\"https:\/\/gws-offshore.com\/de\/daten-und-fakten-zu-offshore-firmen-auf-den-british-virgin-islands\/\" class=\"menu-link\">Daten und Fakten zu Offshore-Firmen auf den British Virgin Islands<\/a><\/li>\n<li class=\"page_item page-item-816 menu-item\"><a href=\"https:\/\/gws-offshore.com\/de\/daten-und-fakten-zu-offshore-firmen-auf-den-marshallinseln\/\" class=\"menu-link\">Daten und Fakten zu Offshore-Firmen auf den Marshallinseln<\/a><\/li>\n<li class=\"page_item page-item-868 menu-item\"><a href=\"https:\/\/gws-offshore.com\/de\/daten-und-fakten-zu-offshore-firmen-auf-den-seychellen\/\" class=\"menu-link\">Daten und Fakten zu Offshore-Firmen auf den Seychellen<\/a><\/li>\n<li class=\"page_item page-item-458 menu-item\"><a href=\"https:\/\/gws-offshore.com\/de\/daten-und-fakten-zu-offshore-firmen-in-anguilla\/\" class=\"menu-link\">Daten und Fakten zu Offshore-Firmen in Anguilla<\/a><\/li>\n<li class=\"page_item page-item-484 menu-item\"><a href=\"https:\/\/gws-offshore.com\/de\/daten-und-fakten-zu-offshore-firmen-in-belize\/\" class=\"menu-link\">Daten und Fakten zu Offshore-Firmen in Belize<\/a><\/li>\n<li class=\"page_item page-item-535 menu-item\"><a href=\"https:\/\/gws-offshore.com\/de\/daten-und-fakten-zu-offshore-firmen-in-dominica\/\" class=\"menu-link\">Daten und Fakten zu Offshore-Firmen in Dominica<\/a><\/li>\n<li class=\"page_item page-item-713 menu-item\"><a href=\"https:\/\/gws-offshore.com\/de\/daten-und-fakten-zu-offshore-firmen-in-dubai-rak\/\" class=\"menu-link\">Daten und Fakten zu Offshore-Firmen in Dubai (RAK)<\/a><\/li>\n<li class=\"page_item page-item-742 menu-item\"><a href=\"https:\/\/gws-offshore.com\/de\/daten-und-fakten-zu-offshore-firmen-in-gibraltar\/\" class=\"menu-link\">Daten und Fakten zu Offshore-Firmen in Gibraltar<\/a><\/li>\n<li class=\"page_item page-item-760 menu-item\"><a href=\"https:\/\/gws-offshore.com\/de\/daten-und-fakten-zu-offshore-firmen-in-hong-kong\/\" class=\"menu-link\">Daten und Fakten zu Offshore-Firmen in Hong Kong<\/a><\/li>\n<li class=\"page_item page-item-797 menu-item\"><a href=\"https:\/\/gws-offshore.com\/de\/daten-und-fakten-zu-offshore-firmen-in-liechtenstein\/\" class=\"menu-link\">Daten und Fakten zu Offshore-Firmen in Liechtenstein<\/a><\/li>\n<li class=\"page_item page-item-835 menu-item\"><a href=\"https:\/\/gws-offshore.com\/de\/daten-und-fakten-zu-offshore-firmen-in-panama\/\" class=\"menu-link\">Daten und Fakten zu Offshore-Firmen in Panama<\/a><\/li>\n<li class=\"page_item page-item-529 menu-item\"><a href=\"https:\/\/gws-offshore.com\/de\/dominica-offshore-firmengrundung\/\" class=\"menu-link\">Dominica Offshore Firmengr\u00fcndung<\/a><\/li>\n<li class=\"page_item page-item-590 menu-item\"><a href=\"https:\/\/gws-offshore.com\/de\/dominica-staatsbuergerschaft-und-reisepass\/\" class=\"menu-link\">Dominica Staatsb\u00fcrgerschaft und Reisepass<\/a><\/li>\n<li class=\"page_item page-item-703 menu-item\"><a href=\"https:\/\/gws-offshore.com\/de\/dubai-offshore-firmengrundung\/\" class=\"menu-link\">Dubai Offshore Firmengr\u00fcndung (Ras al Khaimah)<\/a><\/li>\n<li class=\"page_item page-item-114 menu-item\"><a href=\"https:\/\/gws-offshore.com\/de\/erstklassige-offshore-standorte\/\" class=\"menu-link\">Erstklassige Offshore-Standorte<\/a><\/li>\n<li class=\"page_item page-item-878 menu-item\"><a href=\"https:\/\/gws-offshore.com\/de\/firmengruendung-in-der-schweiz\/\" class=\"menu-link\">Firmengr\u00fcndung in der Schweiz<\/a><\/li>\n<li class=\"page_item page-item-772 menu-item\"><a href=\"https:\/\/gws-offshore.com\/de\/firmengruendung-in-lettland\/\" class=\"menu-link\">Firmengr\u00fcndung in Lettland<\/a><\/li>\n<li class=\"page_item page-item-846 menu-item\"><a href=\"https:\/\/gws-offshore.com\/de\/firmengruendung-in-schottland\/\" class=\"menu-link\">Firmengr\u00fcndung in Schottland<\/a><\/li>\n<li class=\"page_item page-item-736 menu-item\"><a href=\"https:\/\/gws-offshore.com\/de\/gibraltar-offshore-firmengruendung\/\" class=\"menu-link\">Gibraltar Offshore Firmengr\u00fcndung<\/a><\/li>\n<li class=\"page_item page-item-753 menu-item\"><a href=\"https:\/\/gws-offshore.com\/de\/hong-kong-firmengrundung\/\" class=\"menu-link\">Hong Kong Firmengr\u00fcndung<\/a><\/li>\n<li class=\"page_item page-item-36 menu-item\"><a href=\"https:\/\/gws-offshore.com\/de\/lander\/\" class=\"menu-link\">L\u00e4nder<\/a><\/li>\n<li class=\"page_item page-item-788 menu-item\"><a href=\"https:\/\/gws-offshore.com\/de\/liechtenstein-firmengruendung\/\" class=\"menu-link\">Liechtenstein Firmengr\u00fcndung<\/a><\/li>\n<li class=\"page_item page-item-810 menu-item\"><a href=\"https:\/\/gws-offshore.com\/de\/marshallinseln-offshore-firmengruendung\/\" class=\"menu-link\">Marshallinseln Offshore Firmengr\u00fcndung<\/a><\/li>\n<li class=\"page_item page-item-32 menu-item\"><a href=\"https:\/\/gws-offshore.com\/de\/offshore-firmengruendung\/\" class=\"menu-link\">Offshore Firmengr\u00fcndung<\/a><\/li>\n<li class=\"page_item page-item-829 menu-item\"><a href=\"https:\/\/gws-offshore.com\/de\/panama-offshore-firmengrundung\/\" class=\"menu-link\">Panama Offshore Firmengr\u00fcndung<\/a><\/li>\n<li class=\"page_item page-item-861 menu-item\"><a href=\"https:\/\/gws-offshore.com\/de\/seychellen-offshore-firmengrundung\/\" class=\"menu-link\">Seychellen Offshore Firmengr\u00fcndung<\/a><\/li>\n<li class=\"page_item page-item-6294 menu-item\"><a href=\"https:\/\/gws-offshore.com\/de\/st-kitts-und-nevis-offshore-firma-gruenden\/\" class=\"menu-link\">St. Kitts und Nevis Offshore Firma gr\u00fcnden<\/a><\/li>\n<li class=\"page_item page-item-40 menu-item\"><a href=\"https:\/\/gws-offshore.com\/de\/offshore-vorratsgesellschaften\/\" class=\"menu-link\">Vorratsgesellschaften<\/a><\/li>\n<li class=\"page_item page-item-3646 menu-item\"><a href=\"https:\/\/gws-offshore.com\/de\/united-states-company\/\" class=\"menu-link\">\u2060United States Company<\/a><\/li>\n\t\t\t<\/ul>\n\n\t\t\t<\/nav>\t\t\t\t<\/div>\n\t\t\t\t<\/div>\n\t\t\t\t\t<\/div>\n\t\t\t\t<\/div>\n\t\t\t\t<\/div>\n\t\t","protected":false},"excerpt":{"rendered":"<p>Daten und Fakten zu Offshore-Firmen auf den British Virgin Islands Highlights Einer Offshore-firma Auf Den British Virgin Islands Ausgezeichnetes Gesellschafts- und Aktienrecht Flexible Gesetzgebung f\u00fcr Unternehmen Keine Besteuerung f\u00fcr internationale Transaktionen und Banktransaktionen Keine Verordnungen bez\u00fcglich Devisenkontrolle Politische und wirtschaftliche Stabilit\u00e4t Hervorragendes Angebot an Hotelunterk\u00fcnften Ausgezeichnete weltweit vernetzte Kommunikationsm\u00f6glichkeiten Qualifiziertes Personal Keine Kapitalertrags- bzw. Einkommenssteuer [&hellip;]<\/p>\n","protected":false},"author":3,"featured_media":0,"parent":0,"menu_order":0,"comment_status":"closed","ping_status":"closed","template":"","meta":{"_acf_changed":false,"site-sidebar-layout":"no-sidebar","site-content-layout":"","ast-site-content-layout":"full-width-container","site-content-style":"unboxed","site-sidebar-style":"unboxed","ast-global-header-display":"","ast-banner-title-visibility":"","ast-main-header-display":"","ast-hfb-above-header-display":"","ast-hfb-below-header-display":"","ast-hfb-mobile-header-display":"","site-post-title":"disabled","ast-breadcrumbs-content":"","ast-featured-img":"disabled","footer-sml-layout":"","theme-transparent-header-meta":"default","adv-header-id-meta":"","stick-header-meta":"","header-above-stick-meta":"","header-main-stick-meta":"","header-below-stick-meta":"","astra-migrate-meta-layouts":"set","ast-page-background-enabled":"default","ast-page-background-meta":{"desktop":{"background-color":"","background-image":"","background-repeat":"repeat","background-position":"center center","background-size":"auto","background-attachment":"scroll","background-type":"","background-media":"","overlay-type":"","overlay-color":"","overlay-opacity":"","overlay-gradient":""},"tablet":{"background-color":"","background-image":"","background-repeat":"repeat","background-position":"center center","background-size":"auto","background-attachment":"scroll","background-type":"","background-media":"","overlay-type":"","overlay-color":"","overlay-opacity":"","overlay-gradient":""},"mobile":{"background-color":"","background-image":"","background-repeat":"repeat","background-position":"center center","background-size":"auto","background-attachment":"scroll","background-type":"","background-media":"","overlay-type":"","overlay-color":"","overlay-opacity":"","overlay-gradient":""}},"ast-content-background-meta":{"desktop":{"background-color":"var(--ast-global-color-5)","background-image":"","background-repeat":"repeat","background-position":"center center","background-size":"auto","background-attachment":"scroll","background-type":"","background-media":"","overlay-type":"","overlay-color":"","overlay-opacity":"","overlay-gradient":""},"tablet":{"background-color":"var(--ast-global-color-5)","background-image":"","background-repeat":"repeat","background-position":"center center","background-size":"auto","background-attachment":"scroll","background-type":"","background-media":"","overlay-type":"","overlay-color":"","overlay-opacity":"","overlay-gradient":""},"mobile":{"background-color":"var(--ast-global-color-5)","background-image":"","background-repeat":"repeat","background-position":"center center","background-size":"auto","background-attachment":"scroll","background-type":"","background-media":"","overlay-type":"","overlay-color":"","overlay-opacity":"","overlay-gradient":""}},"footnotes":""},"class_list":["post-513","page","type-page","status-publish","hentry"],"acf":[],"_links":{"self":[{"href":"https:\/\/gws-offshore.com\/de\/wp-json\/wp\/v2\/pages\/513","targetHints":{"allow":["GET"]}}],"collection":[{"href":"https:\/\/gws-offshore.com\/de\/wp-json\/wp\/v2\/pages"}],"about":[{"href":"https:\/\/gws-offshore.com\/de\/wp-json\/wp\/v2\/types\/page"}],"author":[{"embeddable":true,"href":"https:\/\/gws-offshore.com\/de\/wp-json\/wp\/v2\/users\/3"}],"replies":[{"embeddable":true,"href":"https:\/\/gws-offshore.com\/de\/wp-json\/wp\/v2\/comments?post=513"}],"version-history":[{"count":13,"href":"https:\/\/gws-offshore.com\/de\/wp-json\/wp\/v2\/pages\/513\/revisions"}],"predecessor-version":[{"id":5349,"href":"https:\/\/gws-offshore.com\/de\/wp-json\/wp\/v2\/pages\/513\/revisions\/5349"}],"wp:attachment":[{"href":"https:\/\/gws-offshore.com\/de\/wp-json\/wp\/v2\/media?parent=513"}],"curies":[{"name":"wp","href":"https:\/\/api.w.org\/{rel}","templated":true}]}}