{"id":506,"date":"2019-03-04T18:25:18","date_gmt":"2019-03-04T18:25:18","guid":{"rendered":"http:\/\/gws-offshore.rhome.lv\/?page_id=506"},"modified":"2025-07-14T11:37:21","modified_gmt":"2025-07-14T09:37:21","slug":"british-virgin-islands-offshore-firmengruendung","status":"publish","type":"page","link":"https:\/\/gws-offshore.com\/de\/british-virgin-islands-offshore-firmengruendung\/","title":{"rendered":"British Virgin Islands Offshore Firmengr\u00fcndung"},"content":{"rendered":"\t\t<div data-elementor-type=\"wp-page\" data-elementor-id=\"506\" class=\"elementor elementor-506 elementor-492\" data-elementor-post-type=\"page\">\n\t\t\t\t<div class=\"elementor-element elementor-element-297d0bb e-flex e-con-boxed e-con e-parent\" data-id=\"297d0bb\" data-element_type=\"container\" data-e-type=\"container\" data-settings=\"{&quot;background_background&quot;:&quot;classic&quot;}\">\n\t\t\t\t\t<div class=\"e-con-inner\">\n\t\t<div class=\"elementor-element elementor-element-8a5de92 e-con-full e-flex e-con e-child\" data-id=\"8a5de92\" data-element_type=\"container\" data-e-type=\"container\">\n\t\t\t\t<div class=\"elementor-element elementor-element-c0f8e0c elementor-invisible elementor-widget elementor-widget-heading\" data-id=\"c0f8e0c\" data-element_type=\"widget\" data-e-type=\"widget\" data-settings=\"{&quot;_animation&quot;:&quot;fadeIn&quot;}\" data-widget_type=\"heading.default\">\n\t\t\t\t<div class=\"elementor-widget-container\">\n\t\t\t\t\t<h1 class=\"elementor-heading-title elementor-size-default\">British Virgin Islands Offshore Firmengr\u00fcndung<\/h1>\t\t\t\t<\/div>\n\t\t\t\t<\/div>\n\t\t\t\t<\/div>\n\t\t\t\t\t<\/div>\n\t\t\t\t<\/div>\n\t\t<div class=\"elementor-element elementor-element-ab43183 e-flex e-con-boxed e-con e-parent\" data-id=\"ab43183\" data-element_type=\"container\" data-e-type=\"container\">\n\t\t\t\t\t<div class=\"e-con-inner\">\n\t\t\t\t<div class=\"elementor-element elementor-element-c62c433 animated-slow elementor-invisible elementor-widget elementor-widget-heading\" data-id=\"c62c433\" data-element_type=\"widget\" data-e-type=\"widget\" data-settings=\"{&quot;_animation&quot;:&quot;fadeIn&quot;}\" data-widget_type=\"heading.default\">\n\t\t\t\t<div class=\"elementor-widget-container\">\n\t\t\t\t\t<h3 class=\"elementor-heading-title elementor-size-default\">British Virgin Islands (BVI) Firmengr\u00fcndung \u2013 Ihr Tor zum internationalen Gesch\u00e4ft<\/h3>\t\t\t\t<\/div>\n\t\t\t\t<\/div>\n\t\t\t\t<div class=\"elementor-element elementor-element-a5bd7a5 elementor-widget elementor-widget-text-editor\" data-id=\"a5bd7a5\" data-element_type=\"widget\" data-e-type=\"widget\" data-widget_type=\"text-editor.default\">\n\t\t\t\t<div class=\"elementor-widget-container\">\n\t\t\t\t\t\t\t\t\t<p>Die Britischen Jungferninseln (BVI) z\u00e4hlen zu den weltweit anerkanntesten und effizientesten Offshore-Jurisdiktionen. Sie bieten eine Kombination aus rechtlicher Sicherheit, unternehmerischer Flexibilit\u00e4t und internationalem Ansehen \u2013 ideal f\u00fcr Unternehmer, digitale Nomaden, globale Investoren und internationale Unternehmensstrukturen.<\/p>\t\t\t\t\t\t\t\t<\/div>\n\t\t\t\t<\/div>\n\t\t\t\t<div class=\"elementor-element elementor-element-19276a5 animated-slow elementor-invisible elementor-widget elementor-widget-text-editor\" data-id=\"19276a5\" data-element_type=\"widget\" data-e-type=\"widget\" data-settings=\"{&quot;_animation&quot;:&quot;fadeIn&quot;}\" data-widget_type=\"text-editor.default\">\n\t\t\t\t<div class=\"elementor-widget-container\">\n\t\t\t\t\t\t\t\t\t<p><strong>Weitere Informationen:<\/strong><\/p>\t\t\t\t\t\t\t\t<\/div>\n\t\t\t\t<\/div>\n\t\t\t\t<div class=\"elementor-element elementor-element-80efda6 animated-slow elementor-invisible elementor-widget elementor-widget-text-editor\" data-id=\"80efda6\" data-element_type=\"widget\" data-e-type=\"widget\" data-settings=\"{&quot;_animation&quot;:&quot;fadeIn&quot;}\" data-widget_type=\"text-editor.default\">\n\t\t\t\t<div class=\"elementor-widget-container\">\n\t\t\t\t\t\t\t\t\t<ul><li><a href=\"\/de\/daten-und-fakten-zu-offshore-firmen-auf-den-british-virgin-islands\/\">Eckdaten zu Offshore-Firmen auf den BVI<\/a><\/li><li><a href=\"\/wp-content\/uploads\/2019\/03\/BVI_Business_Companies_Act_2004_Revised_1_1_06.pdf\">BVI Business Companies Act 2004<\/a> (PDF)<\/li><li><a href=\"\/de\/gebuhrenubersicht-2\/\">Kosten\u00fcbersicht<\/a><\/li><\/ul>\t\t\t\t\t\t\t\t<\/div>\n\t\t\t\t<\/div>\n\t\t\t\t\t<\/div>\n\t\t\t\t<\/div>\n\t\t<div class=\"elementor-element elementor-element-8bde840 e-flex e-con-boxed e-con e-parent\" data-id=\"8bde840\" data-element_type=\"container\" data-e-type=\"container\">\n\t\t\t\t\t<div class=\"e-con-inner\">\n\t\t<div class=\"elementor-element elementor-element-9153002 e-con-full e-flex e-con e-child\" data-id=\"9153002\" data-element_type=\"container\" data-e-type=\"container\" data-settings=\"{&quot;background_background&quot;:&quot;slideshow&quot;,&quot;background_slideshow_gallery&quot;:[{&quot;id&quot;:2771,&quot;url&quot;:&quot;https:\\\/\\\/gws-offshore.com\\\/wp-content\\\/uploads\\\/2025\\\/04\\\/British-Virgin-Islands-3.jpeg&quot;},{&quot;id&quot;:2773,&quot;url&quot;:&quot;https:\\\/\\\/gws-offshore.com\\\/wp-content\\\/uploads\\\/2025\\\/04\\\/British-Virgin-Islands-4.jpeg&quot;},{&quot;id&quot;:2769,&quot;url&quot;:&quot;https:\\\/\\\/gws-offshore.com\\\/wp-content\\\/uploads\\\/2025\\\/04\\\/British-Virgin-Islands-2.jpeg&quot;},{&quot;id&quot;:2767,&quot;url&quot;:&quot;https:\\\/\\\/gws-offshore.com\\\/wp-content\\\/uploads\\\/2025\\\/04\\\/British-Virgin-Islands-1.jpeg&quot;}],&quot;background_slideshow_loop&quot;:&quot;yes&quot;,&quot;background_slideshow_slide_duration&quot;:5000,&quot;background_slideshow_slide_transition&quot;:&quot;fade&quot;,&quot;background_slideshow_transition_duration&quot;:500}\">\n\t\t\t\t<div class=\"elementor-element elementor-element-7c0de6c elementor-invisible elementor-widget elementor-widget-heading\" data-id=\"7c0de6c\" data-element_type=\"widget\" data-e-type=\"widget\" data-settings=\"{&quot;_animation&quot;:&quot;fadeIn&quot;}\" data-widget_type=\"heading.default\">\n\t\t\t\t<div class=\"elementor-widget-container\">\n\t\t\t\t\t<h2 class=\"elementor-heading-title elementor-size-default\">Ihre Vorteile:<\/h2>\t\t\t\t<\/div>\n\t\t\t\t<\/div>\n\t\t\t\t<div class=\"elementor-element elementor-element-076c3fd elementor-invisible elementor-widget elementor-widget-text-editor\" data-id=\"076c3fd\" data-element_type=\"widget\" data-e-type=\"widget\" data-settings=\"{&quot;_animation&quot;:&quot;fadeIn&quot;}\" data-widget_type=\"text-editor.default\">\n\t\t\t\t<div class=\"elementor-widget-container\">\n\t\t\t\t\t\t\t\t\t<p>Wir gr\u00fcnden Ihre Offshore-Firma auf den British Virgin Islands in 24 Stunden<\/p><p>Vollste Vertraulichkeit und h\u00f6chster Datenschutz<\/p><p>350 USD j\u00e4hrliche Pauschalsteuer<\/p><p>Ihr pers\u00f6nlicher Kundenberater \u2013 365 Tage im Jahr<\/p><p>Ein Bankkonto, Onlinebanking und Kreditkarte<\/p><p>Aktienkapital muss nicht eingezahlt werden<\/p><p>Anonyme Gr\u00fcndung mit Treuhandgesch\u00e4ftsf\u00fchrer und -gesellschafter (optional)<\/p><p>Firmengr\u00fcndung ab <strong>2,890 USD<\/strong><\/p>\t\t\t\t\t\t\t\t<\/div>\n\t\t\t\t<\/div>\n\t\t\t\t<div class=\"elementor-element elementor-element-dec1494 elementor-invisible elementor-widget elementor-widget-button\" data-id=\"dec1494\" data-element_type=\"widget\" data-e-type=\"widget\" data-settings=\"{&quot;_animation&quot;:&quot;fadeIn&quot;}\" data-widget_type=\"button.default\">\n\t\t\t\t<div class=\"elementor-widget-container\">\n\t\t\t\t\t\t\t\t\t<div class=\"elementor-button-wrapper\">\n\t\t\t\t\t<a class=\"elementor-button elementor-button-link elementor-size-sm\" href=\"\/de\/kontakt\/\">\n\t\t\t\t\t\t<span class=\"elementor-button-content-wrapper\">\n\t\t\t\t\t\t\t\t\t<span class=\"elementor-button-text\">Kontakt<\/span>\n\t\t\t\t\t<\/span>\n\t\t\t\t\t<\/a>\n\t\t\t\t<\/div>\n\t\t\t\t\t\t\t\t<\/div>\n\t\t\t\t<\/div>\n\t\t\t\t<\/div>\n\t\t\t\t\t<\/div>\n\t\t\t\t<\/div>\n\t\t<div class=\"elementor-element elementor-element-6665287 animated-slow e-flex e-con-boxed elementor-invisible e-con e-parent\" data-id=\"6665287\" data-element_type=\"container\" data-e-type=\"container\" data-settings=\"{&quot;animation&quot;:&quot;fadeIn&quot;}\">\n\t\t\t\t\t<div class=\"e-con-inner\">\n\t\t\t\t<div class=\"elementor-element elementor-element-a18d0c8 elementor-widget elementor-widget-text-editor\" data-id=\"a18d0c8\" data-element_type=\"widget\" data-e-type=\"widget\" data-widget_type=\"text-editor.default\">\n\t\t\t\t<div class=\"elementor-widget-container\">\n\t\t\t\t\t\t\t\t\t<p>Die Britischen Jungferninseln sind eine karibische Inselgruppe bestehend aus \u00fcber 40 Inseln. Das britische \u00dcberseegebiet wird zum gro\u00dfen Teil unabh\u00e4ngig regiert und verwaltet, auch wenn die oberste exekutive Autorit\u00e4t der Britischen Jungferninseln K\u00f6nigin Elisabeth\u00a0II inne hat.<\/p><p>Die Jungferninselns geh\u00f6ren zu den \u00e4ltesten Offshore-Zentren der Welt. Zahlreiche andere Offshore-Staaten sind dem Beispiel des\u00a0<b>International Business Companies Act\u00a0<\/b>aus dem Jahr 1984 gefolgt\u2013 ein Gesetz der \u201eBritish Virgin Islands\u201c, das die Gr\u00fcndung einer International Business Company (IBC) erm\u00f6glichte. Jenes spielte eine wichtige Rolle f\u00fcr die wirtschaftliche und finanzielle Entwicklung des Landes. Die Wirtschaft der Inselgruppe ist heute eine der aufstrebendsten in der Karibik.<\/p><p>Fast 41 Prozent aller Offshore-Firmen weltweit werden auf den \u201eBritish Virgin Islands\u201c gegr\u00fcndet. Das macht den Karibikstaat zu einem der f\u00fchrenden Offshore-Finanzpl\u00e4tze der Welt. Aufgrund der schnellen Registrierung, der hohen Vertraulichkeit, der Amtssprache and der W\u00e4hrung US-Dollar sind die Britischen Jungferninseln ein bevorzugtes Domizil f\u00fcr Firmengr\u00fcndungen.<\/p>\t\t\t\t\t\t\t\t<\/div>\n\t\t\t\t<\/div>\n\t\t\t\t<div class=\"elementor-element elementor-element-1f36d28 animated-slow elementor-invisible elementor-widget elementor-widget-heading\" data-id=\"1f36d28\" data-element_type=\"widget\" data-e-type=\"widget\" data-settings=\"{&quot;_animation&quot;:&quot;fadeIn&quot;}\" data-widget_type=\"heading.default\">\n\t\t\t\t<div class=\"elementor-widget-container\">\n\t\t\t\t\t<h4 class=\"elementor-heading-title elementor-size-default\">Warum eine BVI-Gesellschaft gr\u00fcnden?<\/h4>\t\t\t\t<\/div>\n\t\t\t\t<\/div>\n\t\t\t\t<div class=\"elementor-element elementor-element-06b67b9 animated-slow elementor-invisible elementor-widget elementor-widget-text-editor\" data-id=\"06b67b9\" data-element_type=\"widget\" data-e-type=\"widget\" data-settings=\"{&quot;_animation&quot;:&quot;fadeIn&quot;}\" data-widget_type=\"text-editor.default\">\n\t\t\t\t<div class=\"elementor-widget-container\">\n\t\t\t\t\t\t\t\t\t<ul><li data-start=\"151\" data-end=\"353\"><strong>Nullbesteuerung<\/strong>: BVI-Gesellschaften unterliegen weder der K\u00f6rperschaftsteuer noch der Kapitalertragssteuer oder Quellensteuer. Es bestehen zudem keine lokalen Buchf\u00fchrungspflichten \u2013 ideal f\u00fcr internationale Strukturen.<\/li><li data-start=\"151\" data-end=\"353\"><strong>Globale Compliance &amp; Vertraulichkeit<\/strong>: Die BVI bieten moderne Gesetzgebung, starken Datenschutz und erf\u00fcllen internationale Standards \u2013 bei gleichzeitiger Wahrung der Privatsph\u00e4re (kein \u00f6ffentliches Aktion\u00e4rsregister).<\/li><li data-start=\"151\" data-end=\"353\"><strong>Kosteneffiziente Gr\u00fcndung<\/strong>: Die Gr\u00fcndung einer BVI-Gesellschaft ist einfach und erfordert weder lokale Direktoren noch ein Mindestkapital.<\/li><li data-start=\"151\" data-end=\"353\"><strong>Flexible Unternehmensstruktur<\/strong>: Eine BVI IBC (International Business Company) kann mit nur einem Gesellschafter und einem Direktor gegr\u00fcndet werden und nahezu jede rechtlich zul\u00e4ssige Gesch\u00e4ftst\u00e4tigkeit aus\u00fcben.<\/li><\/ul>\t\t\t\t\t\t\t\t<\/div>\n\t\t\t\t<\/div>\n\t\t\t\t<div class=\"elementor-element elementor-element-929a281 animated-slow elementor-invisible elementor-widget elementor-widget-heading\" data-id=\"929a281\" data-element_type=\"widget\" data-e-type=\"widget\" data-settings=\"{&quot;_animation&quot;:&quot;fadeIn&quot;}\" data-widget_type=\"heading.default\">\n\t\t\t\t<div class=\"elementor-widget-container\">\n\t\t\t\t\t<h4 class=\"elementor-heading-title elementor-size-default\">Ideal f\u00fcr eine Vielzahl von Gesch\u00e4ftsmodellen<\/h4>\t\t\t\t<\/div>\n\t\t\t\t<\/div>\n\t\t\t\t<div class=\"elementor-element elementor-element-0e2017f animated-slow elementor-invisible elementor-widget elementor-widget-text-editor\" data-id=\"0e2017f\" data-element_type=\"widget\" data-e-type=\"widget\" data-settings=\"{&quot;_animation&quot;:&quot;fadeIn&quot;}\" data-widget_type=\"text-editor.default\">\n\t\t\t\t<div class=\"elementor-widget-container\">\n\t\t\t\t\t\t\t\t\t<p style=\"font-weight: 400;\">Die BVI eignen sich besonders f\u00fcr:<\/p><ul><li style=\"font-weight: 400;\"><strong data-start=\"156\" data-end=\"182\">Holdinggesellschaften:<\/strong> Zur Verwaltung von Beteiligungen an Tochtergesellschaften, Immobilien, geistigem Eigentum oder Joint Ventures \u2013 h\u00e4ufig genutzt in steueroptimierten globalen Konzernstrukturen.<\/li><li data-start=\"360\" data-end=\"543\"><strong data-start=\"360\" data-end=\"396\">E-Commerce &amp; Online-Unternehmer:<\/strong> Dropshipping, SaaS, Affiliate-Marketing und digitale Dienstleistungen profitieren von globalem Zugang, geringer Regulierung und Steuerneutralit\u00e4t.<\/li><li data-start=\"545\" data-end=\"739\"><strong data-start=\"545\" data-end=\"594\">Investmentfonds &amp; Zweckgesellschaften (SPVs):<\/strong> Bevorzugte Jurisdiktion f\u00fcr Hedgefonds, Family Offices und Venture-Capital-Strukturen \u2013 dank klarer Regulierung und internationaler Anerkennung.<\/li><li data-start=\"741\" data-end=\"887\"><strong data-start=\"741\" data-end=\"766\">Freelancer &amp; Berater:<\/strong> Ideal f\u00fcr ortsunabh\u00e4ngige Experten, die eine einfache Verwaltung und vollen Zugang zum internationalen Bankwesen suchen.<\/li><li data-start=\"889\" data-end=\"1055\"><strong data-start=\"889\" data-end=\"927\">Verm\u00f6gensschutz &amp; Nachlassplanung:<\/strong> Beliebte Wahl f\u00fcr verm\u00f6gende Privatpersonen, die Verm\u00f6gen mit flexiblen Treuhand- und Unternehmensstrukturen absichern m\u00f6chten.<\/li><\/ul>\t\t\t\t\t\t\t\t<\/div>\n\t\t\t\t<\/div>\n\t\t\t\t<div class=\"elementor-element elementor-element-98a92c3 animated-slow elementor-invisible elementor-widget elementor-widget-heading\" data-id=\"98a92c3\" data-element_type=\"widget\" data-e-type=\"widget\" data-settings=\"{&quot;_animation&quot;:&quot;fadeIn&quot;}\" data-widget_type=\"heading.default\">\n\t\t\t\t<div class=\"elementor-widget-container\">\n\t\t\t\t\t<h4 class=\"elementor-heading-title elementor-size-default\">Ihr strategischer Vorteil<\/h4>\t\t\t\t<\/div>\n\t\t\t\t<\/div>\n\t\t\t\t<div class=\"elementor-element elementor-element-72092a2 elementor-widget elementor-widget-text-editor\" data-id=\"72092a2\" data-element_type=\"widget\" data-e-type=\"widget\" data-widget_type=\"text-editor.default\">\n\t\t\t\t<div class=\"elementor-widget-container\">\n\t\t\t\t\t\t\t\t\t<p>Egal ob globale Marke, digitales Einkommen oder Investments \u2013 eine BVI IBC bietet eine sichere, kosteneffiziente und weltweit anerkannte L\u00f6sung.<\/p>\t\t\t\t\t\t\t\t<\/div>\n\t\t\t\t<\/div>\n\t\t\t\t<div class=\"elementor-element elementor-element-117f37a animated-slow elementor-invisible elementor-widget elementor-widget-heading\" data-id=\"117f37a\" data-element_type=\"widget\" data-e-type=\"widget\" data-settings=\"{&quot;_animation&quot;:&quot;fadeIn&quot;}\" data-widget_type=\"heading.default\">\n\t\t\t\t<div class=\"elementor-widget-container\">\n\t\t\t\t\t<h4 class=\"elementor-heading-title elementor-size-default\">Der Offshore-Standort\u00a0BVI eignet sich in erster Linie f\u00fcr:<\/h4>\t\t\t\t<\/div>\n\t\t\t\t<\/div>\n\t\t\t\t<div class=\"elementor-element elementor-element-636d1ba animated-slow elementor-invisible elementor-widget elementor-widget-text-editor\" data-id=\"636d1ba\" data-element_type=\"widget\" data-e-type=\"widget\" data-settings=\"{&quot;_animation&quot;:&quot;fadeIn&quot;}\" data-widget_type=\"text-editor.default\">\n\t\t\t\t<div class=\"elementor-widget-container\">\n\t\t\t\t\t\t\t\t\t<ul><li>E-Commerce<\/li><li>Intellectual Property Management (IPM)<\/li><li>Halten und Verwalten von beweglichen und unbeweglichen Verm\u00f6genswerten<\/li><li>Beratungsdienstleistungen<\/li><li>Nachfolgeregelungen<\/li><li>Wertpapier- und Devisengesch\u00e4fte<\/li><li>Internationale Gesch\u00e4fte<\/li><\/ul>\t\t\t\t\t\t\t\t<\/div>\n\t\t\t\t<\/div>\n\t\t\t\t<div class=\"elementor-element elementor-element-058738e elementor-widget elementor-widget-text-editor\" data-id=\"058738e\" data-element_type=\"widget\" data-e-type=\"widget\" data-widget_type=\"text-editor.default\">\n\t\t\t\t<div class=\"elementor-widget-container\">\n\t\t\t\t\t\t\t\t\t<h4>Gr\u00fcndungskosten f\u00fcr eine Offshore-Gesellschaft auf den BVI:<\/h4>\t\t\t\t\t\t\t\t<\/div>\n\t\t\t\t<\/div>\n\t\t\t\t<div class=\"elementor-element elementor-element-fc3aed3 elementor-widget elementor-widget-text-editor\" data-id=\"fc3aed3\" data-element_type=\"widget\" data-e-type=\"widget\" data-widget_type=\"text-editor.default\">\n\t\t\t\t<div class=\"elementor-widget-container\">\n\t\t\t\t\t\t\t\t\t<p>Wir gr\u00fcnden Ihre Offshore-Firma auf den Britischen Jungferninseln bereits ab <strong>2,890 USD<\/strong>.<\/p>\t\t\t\t\t\t\t\t<\/div>\n\t\t\t\t<\/div>\n\t\t\t\t<div class=\"elementor-element elementor-element-960a16c elementor-icon-list--layout-traditional elementor-list-item-link-full_width elementor-widget elementor-widget-icon-list\" data-id=\"960a16c\" data-element_type=\"widget\" data-e-type=\"widget\" data-widget_type=\"icon-list.default\">\n\t\t\t\t<div class=\"elementor-widget-container\">\n\t\t\t\t\t\t\t<ul class=\"elementor-icon-list-items\">\n\t\t\t\t\t\t\t<li class=\"elementor-icon-list-item\">\n\t\t\t\t\t\t\t\t\t\t\t<a href=\"\/de\/dubai-offshore-firmengrundung\/\">\n\n\t\t\t\t\t\t\t\t\t\t\t\t<span class=\"elementor-icon-list-icon\">\n\t\t\t\t\t\t\t<svg aria-hidden=\"true\" class=\"e-font-icon-svg e-fas-arrow-alt-circle-right\" viewBox=\"0 0 512 512\" xmlns=\"http:\/\/www.w3.org\/2000\/svg\"><path d=\"M256 8c137 0 248 111 248 248S393 504 256 504 8 393 8 256 119 8 256 8zM140 300h116v70.9c0 10.7 13 16.1 20.5 8.5l114.3-114.9c4.7-4.7 4.7-12.2 0-16.9l-114.3-115c-7.6-7.6-20.5-2.2-20.5 8.5V212H140c-6.6 0-12 5.4-12 12v64c0 6.6 5.4 12 12 12z\"><\/path><\/svg>\t\t\t\t\t\t<\/span>\n\t\t\t\t\t\t\t\t\t\t<span class=\"elementor-icon-list-text\">Aufgrund der juristischen und steuerlichen Gestaltungsm\u00f6glichkeiten sowie der ausgezeichneten Reputation empfehlen wir unseren Mandanten eine Firmengr\u00fcndung in den Vereinigten Arabischen Emiraten.<\/span>\n\t\t\t\t\t\t\t\t\t\t\t<\/a>\n\t\t\t\t\t\t\t\t\t<\/li>\n\t\t\t\t\t\t<\/ul>\n\t\t\t\t\t\t<\/div>\n\t\t\t\t<\/div>\n\t\t\t\t\t<\/div>\n\t\t\t\t<\/div>\n\t\t\t\t<\/div>\n\t\t","protected":false},"excerpt":{"rendered":"<p>British Virgin Islands Offshore Firmengr\u00fcndung British Virgin Islands (BVI) Firmengr\u00fcndung \u2013 Ihr Tor zum internationalen Gesch\u00e4ft Die Britischen Jungferninseln (BVI) z\u00e4hlen zu den weltweit anerkanntesten und effizientesten Offshore-Jurisdiktionen. Sie bieten eine Kombination aus rechtlicher Sicherheit, unternehmerischer Flexibilit\u00e4t und internationalem Ansehen \u2013 ideal f\u00fcr Unternehmer, digitale Nomaden, globale Investoren und internationale Unternehmensstrukturen. Weitere Informationen: Eckdaten zu [&hellip;]<\/p>\n","protected":false},"author":3,"featured_media":0,"parent":0,"menu_order":0,"comment_status":"closed","ping_status":"closed","template":"","meta":{"_acf_changed":false,"site-sidebar-layout":"no-sidebar","site-content-layout":"","ast-site-content-layout":"full-width-container","site-content-style":"unboxed","site-sidebar-style":"unboxed","ast-global-header-display":"","ast-banner-title-visibility":"","ast-main-header-display":"","ast-hfb-above-header-display":"","ast-hfb-below-header-display":"","ast-hfb-mobile-header-display":"","site-post-title":"disabled","ast-breadcrumbs-content":"","ast-featured-img":"disabled","footer-sml-layout":"","theme-transparent-header-meta":"default","adv-header-id-meta":"","stick-header-meta":"","header-above-stick-meta":"","header-main-stick-meta":"","header-below-stick-meta":"","astra-migrate-meta-layouts":"set","ast-page-background-enabled":"default","ast-page-background-meta":{"desktop":{"background-color":"","background-image":"","background-repeat":"repeat","background-position":"center center","background-size":"auto","background-attachment":"scroll","background-type":"","background-media":"","overlay-type":"","overlay-color":"","overlay-opacity":"","overlay-gradient":""},"tablet":{"background-color":"","background-image":"","background-repeat":"repeat","background-position":"center center","background-size":"auto","background-attachment":"scroll","background-type":"","background-media":"","overlay-type":"","overlay-color":"","overlay-opacity":"","overlay-gradient":""},"mobile":{"background-color":"","background-image":"","background-repeat":"repeat","background-position":"center center","background-size":"auto","background-attachment":"scroll","background-type":"","background-media":"","overlay-type":"","overlay-color":"","overlay-opacity":"","overlay-gradient":""}},"ast-content-background-meta":{"desktop":{"background-color":"var(--ast-global-color-5)","background-image":"","background-repeat":"repeat","background-position":"center center","background-size":"auto","background-attachment":"scroll","background-type":"","background-media":"","overlay-type":"","overlay-color":"","overlay-opacity":"","overlay-gradient":""},"tablet":{"background-color":"var(--ast-global-color-5)","background-image":"","background-repeat":"repeat","background-position":"center center","background-size":"auto","background-attachment":"scroll","background-type":"","background-media":"","overlay-type":"","overlay-color":"","overlay-opacity":"","overlay-gradient":""},"mobile":{"background-color":"var(--ast-global-color-5)","background-image":"","background-repeat":"repeat","background-position":"center center","background-size":"auto","background-attachment":"scroll","background-type":"","background-media":"","overlay-type":"","overlay-color":"","overlay-opacity":"","overlay-gradient":""}},"footnotes":""},"class_list":["post-506","page","type-page","status-publish","hentry"],"acf":[],"_links":{"self":[{"href":"https:\/\/gws-offshore.com\/de\/wp-json\/wp\/v2\/pages\/506","targetHints":{"allow":["GET"]}}],"collection":[{"href":"https:\/\/gws-offshore.com\/de\/wp-json\/wp\/v2\/pages"}],"about":[{"href":"https:\/\/gws-offshore.com\/de\/wp-json\/wp\/v2\/types\/page"}],"author":[{"embeddable":true,"href":"https:\/\/gws-offshore.com\/de\/wp-json\/wp\/v2\/users\/3"}],"replies":[{"embeddable":true,"href":"https:\/\/gws-offshore.com\/de\/wp-json\/wp\/v2\/comments?post=506"}],"version-history":[{"count":14,"href":"https:\/\/gws-offshore.com\/de\/wp-json\/wp\/v2\/pages\/506\/revisions"}],"predecessor-version":[{"id":4972,"href":"https:\/\/gws-offshore.com\/de\/wp-json\/wp\/v2\/pages\/506\/revisions\/4972"}],"wp:attachment":[{"href":"https:\/\/gws-offshore.com\/de\/wp-json\/wp\/v2\/media?parent=506"}],"curies":[{"name":"wp","href":"https:\/\/api.w.org\/{rel}","templated":true}]}}