{"id":4581,"date":"2025-06-23T12:04:23","date_gmt":"2025-06-23T10:04:23","guid":{"rendered":"https:\/\/gws-offshore.com\/professional-intermediaries\/"},"modified":"2025-06-23T14:44:04","modified_gmt":"2025-06-23T12:44:04","slug":"professional-intermediaries","status":"publish","type":"page","link":"https:\/\/gws-offshore.com\/de\/professional-intermediaries\/","title":{"rendered":"Professional Intermediaries"},"content":{"rendered":"\t\t<div data-elementor-type=\"wp-page\" data-elementor-id=\"4581\" class=\"elementor elementor-4581 elementor-636\" data-elementor-post-type=\"page\">\n\t\t\t\t<div class=\"elementor-element elementor-element-d79ce32 e-flex e-con-boxed e-con e-parent\" data-id=\"d79ce32\" data-element_type=\"container\" data-e-type=\"container\" data-settings=\"{&quot;background_background&quot;:&quot;classic&quot;}\">\n\t\t\t\t\t<div class=\"e-con-inner\">\n\t\t<div class=\"elementor-element elementor-element-2c0fc43 e-con-full e-flex e-con e-child\" data-id=\"2c0fc43\" data-element_type=\"container\" data-e-type=\"container\">\n\t\t\t\t<div class=\"elementor-element elementor-element-3e3a838 elementor-invisible elementor-widget elementor-widget-heading\" data-id=\"3e3a838\" data-element_type=\"widget\" data-e-type=\"widget\" data-settings=\"{&quot;_animation&quot;:&quot;lightSpeedIn&quot;}\" data-widget_type=\"heading.default\">\n\t\t\t\t<div class=\"elementor-widget-container\">\n\t\t\t\t\t<h1 class=\"elementor-heading-title elementor-size-default\">Professionelle Vermittler<\/h1>\t\t\t\t<\/div>\n\t\t\t\t<\/div>\n\t\t\t\t<\/div>\n\t\t\t\t\t<\/div>\n\t\t\t\t<\/div>\n\t\t<div class=\"elementor-element elementor-element-b36f1df e-flex e-con-boxed e-con e-parent\" data-id=\"b36f1df\" data-element_type=\"container\" data-e-type=\"container\">\n\t\t\t\t\t<div class=\"e-con-inner\">\n\t\t\t\t<div class=\"elementor-element elementor-element-7c68d78 elementor-widget elementor-widget-heading\" data-id=\"7c68d78\" data-element_type=\"widget\" data-e-type=\"widget\" data-widget_type=\"heading.default\">\n\t\t\t\t<div class=\"elementor-widget-container\">\n\t\t\t\t\t<h2 class=\"elementor-heading-title elementor-size-default\">Professioneller Vermittler werden<\/h2>\t\t\t\t<\/div>\n\t\t\t\t<\/div>\n\t\t\t\t<div class=\"elementor-element elementor-element-b89ec3b elementor-widget elementor-widget-text-editor\" data-id=\"b89ec3b\" data-element_type=\"widget\" data-e-type=\"widget\" data-widget_type=\"text-editor.default\">\n\t\t\t\t<div class=\"elementor-widget-container\">\n\t\t\t\t\t\t\t\t\t<p>Die <a href=\"https:\/\/www.gws.net\/\" target=\"_blank\" rel=\"noopener\"><strong>GWS Group<\/strong><\/a> arbeitet erfolgreich mit einem internationalen Netzwerk professioneller Vermittler zusammen. Als Ihr zuverl\u00e4ssiger und erfahrener Partner f\u00fcr Offshore-Dienstleistungen bieten wir Ihnen praxisnahe L\u00f6sungen, die h\u00f6chste Qualit\u00e4t und messbare Ergebnisse f\u00fcr Ihre Kunden garantieren.<\/p>\t\t\t\t\t\t\t\t<\/div>\n\t\t\t\t<\/div>\n\t\t\t\t<div class=\"elementor-element elementor-element-203960e elementor-widget elementor-widget-text-editor\" data-id=\"203960e\" data-element_type=\"widget\" data-e-type=\"widget\" data-widget_type=\"text-editor.default\">\n\t\t\t\t<div class=\"elementor-widget-container\">\n\t\t\t\t\t\t\t\t\t<p>Als zugelassener professioneller Vermittler profitieren Sie vom umfassenden Fachwissen der GWS Group \u00fcber internationale <a href=\"https:\/\/gws-offshore.com\/de\/lander\/\">Offshore-Jurisdiktionen<\/a>. Sie erhalten vollst\u00e4ndigen Zugang zu exklusiven Informationen rund um Verm\u00f6gensschutz, strukturierte Offshore-Dienstleistungen und ma\u00dfgeschneiderte L\u00f6sungen im Bereich Wealth Management.<\/p>\t\t\t\t\t\t\t\t<\/div>\n\t\t\t\t<\/div>\n\t\t\t\t<div class=\"elementor-element elementor-element-76aaf44 elementor-widget elementor-widget-text-editor\" data-id=\"76aaf44\" data-element_type=\"widget\" data-e-type=\"widget\" data-widget_type=\"text-editor.default\">\n\t\t\t\t<div class=\"elementor-widget-container\">\n\t\t\t\t\t\t\t\t\t<p>Professionelle Vermittler profitieren zus\u00e4tzlich von Sonderkonditionen auf unsere Offshore-Dienstleistungen \u2013 ein weiterer Grund, warum die GWS Group zu den wettbewerbsf\u00e4higsten Anbietern internationaler Unternehmensl\u00f6sungen z\u00e4hlt. Als professioneller Vermittler erhalten Sie zudem einen pers\u00f6nlichen Ansprechpartner aus unserem qualifizierten Team, der sich gezielt um Ihre Anliegen und die Ihrer Kunden k\u00fcmmert.<\/p>\t\t\t\t\t\t\t\t<\/div>\n\t\t\t\t<\/div>\n\t\t\t\t<div class=\"elementor-element elementor-element-8b21ca4 elementor-widget elementor-widget-text-editor\" data-id=\"8b21ca4\" data-element_type=\"widget\" data-e-type=\"widget\" data-widget_type=\"text-editor.default\">\n\t\t\t\t<div class=\"elementor-widget-container\">\n\t\t\t\t\t\t\t\t\t<p>Die <strong>GWS Group<\/strong> sucht nach qualifizierten Fachkr\u00e4ften \u2013 wie Steuerberatern, Bankern, Juristen, Finanz- oder Unternehmensberatern \u2013 mit einem weitreichenden gesch\u00e4ftlichen Netzwerk, insbesondere in folgenden Regionen:<\/p>\t\t\t\t\t\t\t\t<\/div>\n\t\t\t\t<\/div>\n\t\t\t\t\t<\/div>\n\t\t\t\t<\/div>\n\t\t<div class=\"elementor-element elementor-element-7608812 e-flex e-con-boxed e-con e-parent\" data-id=\"7608812\" data-element_type=\"container\" data-e-type=\"container\">\n\t\t\t\t\t<div class=\"e-con-inner\">\n\t\t\t\t<div class=\"elementor-element elementor-element-17a85ca elementor-widget elementor-widget-text-editor\" data-id=\"17a85ca\" data-element_type=\"widget\" data-e-type=\"widget\" data-widget_type=\"text-editor.default\">\n\t\t\t\t<div class=\"elementor-widget-container\">\n\t\t\t\t\t\t\t\t\t<ul>\n<li>Asia<\/li>\n<li>Australia<\/li>\n<li>Brazil<\/li>\n<li>Eastern Europe<\/li>\n<li>India<\/li>\n<li>Japan<\/li>\n<li>Russia<\/li>\n<li>South Africa<\/li>\n<li>Middle East<\/li>\n<\/ul>\n\t\t\t\t\t\t\t\t<\/div>\n\t\t\t\t<\/div>\n\t\t\t\t\t<\/div>\n\t\t\t\t<\/div>\n\t\t<div class=\"elementor-element elementor-element-68c34f7 e-flex e-con-boxed e-con e-parent\" data-id=\"68c34f7\" data-element_type=\"container\" data-e-type=\"container\">\n\t\t\t\t\t<div class=\"e-con-inner\">\n\t\t\t\t<div class=\"elementor-element elementor-element-30f71be elementor-widget elementor-widget-text-editor\" data-id=\"30f71be\" data-element_type=\"widget\" data-e-type=\"widget\" data-widget_type=\"text-editor.default\">\n\t\t\t\t<div class=\"elementor-widget-container\">\n\t\t\t\t\t\t\t\t\t<p>Als professioneller Vermittler profitieren Sie vom Zugang zu einem erstklassigen weltweiten Netzwerk, h\u00f6chster Vertraulichkeit bei allen Dienstleistungen sowie der Philosophie der GWS Group, jedem Mandanten maximale Zufriedenheit zu bieten.<\/p>\t\t\t\t\t\t\t\t<\/div>\n\t\t\t\t<\/div>\n\t\t\t\t<div class=\"elementor-element elementor-element-c0cb32b elementor-widget elementor-widget-text-editor\" data-id=\"c0cb32b\" data-element_type=\"widget\" data-e-type=\"widget\" data-widget_type=\"text-editor.default\">\n\t\t\t\t<div class=\"elementor-widget-container\">\n\t\t\t\t\t\t\t\t\t<p><strong><a href=\"https:\/\/gws-offshore.com\/de\/kontakt\/\">Kontaktieren Sie uns<\/a><\/strong> noch heute, um mehr \u00fcber diese f\u00fcr beide Seiten vorteilhafte Partnerschaft zu erfahren, von unseren Sonderkonditionen zu profitieren und sich als zugelassener professioneller Vermittler zu bewerben.<\/p>\t\t\t\t\t\t\t\t<\/div>\n\t\t\t\t<\/div>\n\t\t\t\t\t<\/div>\n\t\t\t\t<\/div>\n\t\t\t\t<\/div>\n\t\t","protected":false},"excerpt":{"rendered":"<p>Professionelle Vermittler Professioneller Vermittler werden Die GWS Group arbeitet erfolgreich mit einem internationalen Netzwerk professioneller Vermittler zusammen. Als Ihr zuverl\u00e4ssiger und erfahrener Partner f\u00fcr Offshore-Dienstleistungen bieten wir Ihnen praxisnahe L\u00f6sungen, die h\u00f6chste Qualit\u00e4t und messbare Ergebnisse f\u00fcr Ihre Kunden garantieren. Als zugelassener professioneller Vermittler profitieren Sie vom umfassenden Fachwissen der GWS Group \u00fcber internationale Offshore-Jurisdiktionen. [&hellip;]<\/p>\n","protected":false},"author":3,"featured_media":0,"parent":0,"menu_order":0,"comment_status":"closed","ping_status":"closed","template":"","meta":{"_acf_changed":false,"site-sidebar-layout":"no-sidebar","site-content-layout":"","ast-site-content-layout":"full-width-container","site-content-style":"unboxed","site-sidebar-style":"unboxed","ast-global-header-display":"","ast-banner-title-visibility":"","ast-main-header-display":"","ast-hfb-above-header-display":"","ast-hfb-below-header-display":"","ast-hfb-mobile-header-display":"","site-post-title":"disabled","ast-breadcrumbs-content":"","ast-featured-img":"","footer-sml-layout":"","theme-transparent-header-meta":"default","adv-header-id-meta":"","stick-header-meta":"","header-above-stick-meta":"","header-main-stick-meta":"","header-below-stick-meta":"","astra-migrate-meta-layouts":"set","ast-page-background-enabled":"default","ast-page-background-meta":{"desktop":{"background-color":"","background-image":"","background-repeat":"repeat","background-position":"center center","background-size":"auto","background-attachment":"scroll","background-type":"","background-media":"","overlay-type":"","overlay-color":"","overlay-opacity":"","overlay-gradient":""},"tablet":{"background-color":"","background-image":"","background-repeat":"repeat","background-position":"center center","background-size":"auto","background-attachment":"scroll","background-type":"","background-media":"","overlay-type":"","overlay-color":"","overlay-opacity":"","overlay-gradient":""},"mobile":{"background-color":"","background-image":"","background-repeat":"repeat","background-position":"center center","background-size":"auto","background-attachment":"scroll","background-type":"","background-media":"","overlay-type":"","overlay-color":"","overlay-opacity":"","overlay-gradient":""}},"ast-content-background-meta":{"desktop":{"background-color":"var(--ast-global-color-5)","background-image":"","background-repeat":"repeat","background-position":"center center","background-size":"auto","background-attachment":"scroll","background-type":"","background-media":"","overlay-type":"","overlay-color":"","overlay-opacity":"","overlay-gradient":""},"tablet":{"background-color":"var(--ast-global-color-5)","background-image":"","background-repeat":"repeat","background-position":"center center","background-size":"auto","background-attachment":"scroll","background-type":"","background-media":"","overlay-type":"","overlay-color":"","overlay-opacity":"","overlay-gradient":""},"mobile":{"background-color":"var(--ast-global-color-5)","background-image":"","background-repeat":"repeat","background-position":"center center","background-size":"auto","background-attachment":"scroll","background-type":"","background-media":"","overlay-type":"","overlay-color":"","overlay-opacity":"","overlay-gradient":""}},"footnotes":""},"class_list":["post-4581","page","type-page","status-publish","hentry"],"acf":[],"_links":{"self":[{"href":"https:\/\/gws-offshore.com\/de\/wp-json\/wp\/v2\/pages\/4581","targetHints":{"allow":["GET"]}}],"collection":[{"href":"https:\/\/gws-offshore.com\/de\/wp-json\/wp\/v2\/pages"}],"about":[{"href":"https:\/\/gws-offshore.com\/de\/wp-json\/wp\/v2\/types\/page"}],"author":[{"embeddable":true,"href":"https:\/\/gws-offshore.com\/de\/wp-json\/wp\/v2\/users\/3"}],"replies":[{"embeddable":true,"href":"https:\/\/gws-offshore.com\/de\/wp-json\/wp\/v2\/comments?post=4581"}],"version-history":[{"count":5,"href":"https:\/\/gws-offshore.com\/de\/wp-json\/wp\/v2\/pages\/4581\/revisions"}],"predecessor-version":[{"id":4589,"href":"https:\/\/gws-offshore.com\/de\/wp-json\/wp\/v2\/pages\/4581\/revisions\/4589"}],"wp:attachment":[{"href":"https:\/\/gws-offshore.com\/de\/wp-json\/wp\/v2\/media?parent=4581"}],"curies":[{"name":"wp","href":"https:\/\/api.w.org\/{rel}","templated":true}]}}