{"id":4379,"date":"2025-06-18T07:39:06","date_gmt":"2025-06-18T05:39:06","guid":{"rendered":"https:\/\/gws-offshore.com\/restrictions\/"},"modified":"2025-06-18T08:07:31","modified_gmt":"2025-06-18T06:07:31","slug":"restrictions","status":"publish","type":"page","link":"https:\/\/gws-offshore.com\/de\/restrictions\/","title":{"rendered":"Restrictions"},"content":{"rendered":"\t\t<div data-elementor-type=\"wp-page\" data-elementor-id=\"4379\" class=\"elementor elementor-4379 elementor-66\" data-elementor-post-type=\"page\">\n\t\t\t\t<div class=\"elementor-element elementor-element-dadca19 e-flex e-con-boxed e-con e-parent\" data-id=\"dadca19\" data-element_type=\"container\" data-e-type=\"container\">\n\t\t\t\t\t<div class=\"e-con-inner\">\n\t\t\t\t<div class=\"elementor-element elementor-element-b01dd26 elementor-widget elementor-widget-text-editor\" data-id=\"b01dd26\" data-element_type=\"widget\" data-e-type=\"widget\" data-widget_type=\"text-editor.default\">\n\t\t\t\t<div class=\"elementor-widget-container\">\n\t\t\t\t\t\t\t\t\t<p>Die <a href=\"https:\/\/gws-offshore.com\/de\/\">GWS Group<\/a> bietet den Service zur Kontoer\u00f6ffnung ausschlie\u00dflich f\u00fcr Unternehmen an, die \u00fcber GWS gegr\u00fcndet wurden und keine der folgenden Gesch\u00e4ftst\u00e4tigkeiten aus\u00fcben:<\/p>\t\t\t\t\t\t\t\t<\/div>\n\t\t\t\t<\/div>\n\t\t\t\t<div class=\"elementor-element elementor-element-c5fa6b0 elementor-widget elementor-widget-text-editor\" data-id=\"c5fa6b0\" data-element_type=\"widget\" data-e-type=\"widget\" data-widget_type=\"text-editor.default\">\n\t\t\t\t<div class=\"elementor-widget-container\">\n\t\t\t\t\t\t\t\t\t<ul><li data-start=\"254\" data-end=\"280\"><p data-start=\"256\" data-end=\"280\">Gl\u00fccksspiel und Wetten<\/p><\/li><li data-start=\"281\" data-end=\"308\"><p data-start=\"283\" data-end=\"308\">Erwachsenenunterhaltung<\/p><\/li><li data-start=\"309\" data-end=\"337\"><p data-start=\"311\" data-end=\"337\">Handel mit Bankgarantien<\/p><\/li><li data-start=\"338\" data-end=\"358\"><p data-start=\"340\" data-end=\"358\">Online-Apotheken<\/p><\/li><li data-start=\"359\" data-end=\"398\"><p data-start=\"361\" data-end=\"398\">\u201ePonzi-Systeme\u201c \/ Schneeballsysteme<\/p><\/li><li data-start=\"399\" data-end=\"429\"><p data-start=\"401\" data-end=\"429\">Zweifelhafte Investitionen<\/p><\/li><li data-start=\"430\" data-end=\"446\"><p data-start=\"432\" data-end=\"446\">Waffenhandel<\/p><\/li><li data-start=\"447\" data-end=\"479\"><p data-start=\"449\" data-end=\"479\">Produkt- und Markenpiraterie<\/p><\/li><li data-start=\"480\" data-end=\"522\"><p data-start=\"482\" data-end=\"522\">Unternehmen, die Drittgelder verwalten<\/p><\/li><li data-start=\"523\" data-end=\"614\"><p data-start=\"525\" data-end=\"614\">Unternehmen ohne g\u00fcltige Lizenz, sofern die Gesch\u00e4ftst\u00e4tigkeit gesetzlich reguliert ist<\/p><\/li><li data-start=\"615\" data-end=\"743\"><p data-start=\"617\" data-end=\"743\">Jegliche Gesch\u00e4ftst\u00e4tigkeit, die gegen Gesetze des Gr\u00fcndungslandes, des Wohnsitzlandes oder der Bankgerichtsbarkeit verst\u00f6\u00dft<\/p><\/li><\/ul>\t\t\t\t\t\t\t\t<\/div>\n\t\t\t\t<\/div>\n\t\t\t\t<div class=\"elementor-element elementor-element-7bad651 elementor-widget elementor-widget-heading\" data-id=\"7bad651\" data-element_type=\"widget\" data-e-type=\"widget\" data-widget_type=\"heading.default\">\n\t\t\t\t<div class=\"elementor-widget-container\">\n\t\t\t\t\t<h4 class=\"elementor-heading-title elementor-size-default\">Dar\u00fcber hinaus k\u00f6nnen wir keine Dienstleistungen f\u00fcr Kunden aus den folgenden L\u00e4ndern anbieten:<\/h4>\t\t\t\t<\/div>\n\t\t\t\t<\/div>\n\t\t\t\t<div class=\"elementor-element elementor-element-a2739c6 elementor-widget elementor-widget-text-editor\" data-id=\"a2739c6\" data-element_type=\"widget\" data-e-type=\"widget\" data-widget_type=\"text-editor.default\">\n\t\t\t\t<div class=\"elementor-widget-container\">\n\t\t\t\t\t\t\t\t\t<ul><li data-start=\"172\" data-end=\"206\"><p data-start=\"174\" data-end=\"206\">Vereinigte Staaten von Amerika<\/p><\/li><li data-start=\"207\" data-end=\"215\"><p data-start=\"209\" data-end=\"215\">Iran<\/p><\/li><li data-start=\"216\" data-end=\"225\"><p data-start=\"218\" data-end=\"225\">Jemen<\/p><\/li><li data-start=\"226\" data-end=\"237\"><p data-start=\"228\" data-end=\"237\">Somalia<\/p><\/li><li data-start=\"238\" data-end=\"246\"><p data-start=\"240\" data-end=\"246\">Kuba<\/p><\/li><li data-start=\"247\" data-end=\"260\"><p data-start=\"249\" data-end=\"260\">Nordkorea<\/p><\/li><li data-start=\"261\" data-end=\"269\"><p data-start=\"263\" data-end=\"269\">Syrien<\/p><\/li><\/ul>\t\t\t\t\t\t\t\t<\/div>\n\t\t\t\t<\/div>\n\t\t\t\t\t<\/div>\n\t\t\t\t<\/div>\n\t\t\t\t<\/div>\n\t\t","protected":false},"excerpt":{"rendered":"<p>Die GWS Group bietet den Service zur Kontoer\u00f6ffnung ausschlie\u00dflich f\u00fcr Unternehmen an, die \u00fcber GWS gegr\u00fcndet wurden und keine der folgenden Gesch\u00e4ftst\u00e4tigkeiten aus\u00fcben: Gl\u00fccksspiel und Wetten Erwachsenenunterhaltung Handel mit Bankgarantien Online-Apotheken \u201ePonzi-Systeme\u201c \/ Schneeballsysteme Zweifelhafte Investitionen Waffenhandel Produkt- und Markenpiraterie Unternehmen, die Drittgelder verwalten Unternehmen ohne g\u00fcltige Lizenz, sofern die Gesch\u00e4ftst\u00e4tigkeit gesetzlich reguliert ist Jegliche [&hellip;]<\/p>\n","protected":false},"author":3,"featured_media":0,"parent":0,"menu_order":0,"comment_status":"closed","ping_status":"closed","template":"","meta":{"_acf_changed":false,"site-sidebar-layout":"default","site-content-layout":"","ast-site-content-layout":"","site-content-style":"default","site-sidebar-style":"default","ast-global-header-display":"","ast-banner-title-visibility":"","ast-main-header-display":"","ast-hfb-above-header-display":"","ast-hfb-below-header-display":"","ast-hfb-mobile-header-display":"","site-post-title":"","ast-breadcrumbs-content":"","ast-featured-img":"","footer-sml-layout":"","theme-transparent-header-meta":"","adv-header-id-meta":"","stick-header-meta":"","header-above-stick-meta":"","header-main-stick-meta":"","header-below-stick-meta":"","astra-migrate-meta-layouts":"set","ast-page-background-enabled":"default","ast-page-background-meta":{"desktop":{"background-color":"","background-image":"","background-repeat":"repeat","background-position":"center center","background-size":"auto","background-attachment":"scroll","background-type":"","background-media":"","overlay-type":"","overlay-color":"","overlay-opacity":"","overlay-gradient":""},"tablet":{"background-color":"","background-image":"","background-repeat":"repeat","background-position":"center center","background-size":"auto","background-attachment":"scroll","background-type":"","background-media":"","overlay-type":"","overlay-color":"","overlay-opacity":"","overlay-gradient":""},"mobile":{"background-color":"","background-image":"","background-repeat":"repeat","background-position":"center center","background-size":"auto","background-attachment":"scroll","background-type":"","background-media":"","overlay-type":"","overlay-color":"","overlay-opacity":"","overlay-gradient":""}},"ast-content-background-meta":{"desktop":{"background-color":"var(--ast-global-color-5)","background-image":"","background-repeat":"repeat","background-position":"center center","background-size":"auto","background-attachment":"scroll","background-type":"","background-media":"","overlay-type":"","overlay-color":"","overlay-opacity":"","overlay-gradient":""},"tablet":{"background-color":"var(--ast-global-color-5)","background-image":"","background-repeat":"repeat","background-position":"center center","background-size":"auto","background-attachment":"scroll","background-type":"","background-media":"","overlay-type":"","overlay-color":"","overlay-opacity":"","overlay-gradient":""},"mobile":{"background-color":"var(--ast-global-color-5)","background-image":"","background-repeat":"repeat","background-position":"center center","background-size":"auto","background-attachment":"scroll","background-type":"","background-media":"","overlay-type":"","overlay-color":"","overlay-opacity":"","overlay-gradient":""}},"footnotes":""},"class_list":["post-4379","page","type-page","status-publish","hentry"],"acf":[],"_links":{"self":[{"href":"https:\/\/gws-offshore.com\/de\/wp-json\/wp\/v2\/pages\/4379","targetHints":{"allow":["GET"]}}],"collection":[{"href":"https:\/\/gws-offshore.com\/de\/wp-json\/wp\/v2\/pages"}],"about":[{"href":"https:\/\/gws-offshore.com\/de\/wp-json\/wp\/v2\/types\/page"}],"author":[{"embeddable":true,"href":"https:\/\/gws-offshore.com\/de\/wp-json\/wp\/v2\/users\/3"}],"replies":[{"embeddable":true,"href":"https:\/\/gws-offshore.com\/de\/wp-json\/wp\/v2\/comments?post=4379"}],"version-history":[{"count":5,"href":"https:\/\/gws-offshore.com\/de\/wp-json\/wp\/v2\/pages\/4379\/revisions"}],"predecessor-version":[{"id":4385,"href":"https:\/\/gws-offshore.com\/de\/wp-json\/wp\/v2\/pages\/4379\/revisions\/4385"}],"wp:attachment":[{"href":"https:\/\/gws-offshore.com\/de\/wp-json\/wp\/v2\/media?parent=4379"}],"curies":[{"name":"wp","href":"https:\/\/api.w.org\/{rel}","templated":true}]}}