{"id":32,"date":"2018-11-27T15:33:05","date_gmt":"2018-11-27T15:33:05","guid":{"rendered":"http:\/\/gws-offshore.rhome.lv\/?page_id=32"},"modified":"2025-07-10T12:51:12","modified_gmt":"2025-07-10T10:51:12","slug":"offshore-firmengruendung","status":"publish","type":"page","link":"https:\/\/gws-offshore.com\/de\/offshore-firmengruendung\/","title":{"rendered":"Offshore Firmengr\u00fcndung"},"content":{"rendered":"\t\t<div data-elementor-type=\"wp-page\" data-elementor-id=\"32\" class=\"elementor elementor-32 elementor-30\" data-elementor-post-type=\"page\">\n\t\t\t\t<div class=\"elementor-element elementor-element-98ae802 e-flex e-con-boxed e-con e-parent\" data-id=\"98ae802\" data-element_type=\"container\" data-e-type=\"container\" data-settings=\"{&quot;background_background&quot;:&quot;classic&quot;}\">\n\t\t\t\t\t<div class=\"e-con-inner\">\n\t\t<div class=\"elementor-element elementor-element-d9c5774 e-con-full e-flex e-con e-child\" data-id=\"d9c5774\" data-element_type=\"container\" data-e-type=\"container\">\n\t\t\t\t<div class=\"elementor-element elementor-element-73697c6 elementor-invisible elementor-widget elementor-widget-heading\" data-id=\"73697c6\" data-element_type=\"widget\" data-e-type=\"widget\" data-settings=\"{&quot;_animation&quot;:&quot;fadeIn&quot;}\" data-widget_type=\"heading.default\">\n\t\t\t\t<div class=\"elementor-widget-container\">\n\t\t\t\t\t<h1 class=\"elementor-heading-title elementor-size-default\">Offshore Firmengr\u00fcndung<\/h1>\t\t\t\t<\/div>\n\t\t\t\t<\/div>\n\t\t\t\t<\/div>\n\t\t\t\t\t<\/div>\n\t\t\t\t<\/div>\n\t\t<div class=\"elementor-element elementor-element-6e65f36 e-flex e-con-boxed e-con e-parent\" data-id=\"6e65f36\" data-element_type=\"container\" data-e-type=\"container\">\n\t\t\t\t\t<div class=\"e-con-inner\">\n\t\t\t\t<div class=\"elementor-element elementor-element-a413b58 elementor-widget elementor-widget-text-editor\" data-id=\"a413b58\" data-element_type=\"widget\" data-e-type=\"widget\" data-widget_type=\"text-editor.default\">\n\t\t\t\t<div class=\"elementor-widget-container\">\n\t\t\t\t\t\t\t\t\t<p>Die\u00a0<a title=\"GWS Group\" href=\"https:\/\/www.gws.net\/\" target=\"_blank\" rel=\"noopener\"><strong>GWS Group<\/strong><\/a>\u00a0verwirklicht die Erwartungen und W\u00fcnsche von verm\u00f6genden Kunden, und gr\u00fcndet und verwaltet\u00a0<strong>Gesellschaften, Stiftungen <\/strong>sowie <strong>Trusts<\/strong>\u00a0an zahlreichen On- und Offshore-Standorten. Unsere langj\u00e4hrige Erfahrung, die fachliche Qualifikation, unsere enge Zusammenarbeit mit international f\u00fchrenden Gesch\u00e4ftsbanken und Verm\u00f6gensverwaltungen sowie unsere Kooperation mit Rechtsanw\u00e4lten, Treuh\u00e4ndern, Notaren, Steuerberatern und Wirtschaftspr\u00fcfern erm\u00f6glicht Ihnen eine rechtssichere und diskrete Gr\u00fcndung und F\u00fchrung Ihrer Gesellschaft.<\/p><p>In Zeiten der Globalisierung ist es dabei das legitime Bestreben jedes Unternehmers, f\u00fcr seine Gesellschaft die optimale Unternehmensstruktur zu realisieren, und die ihm gegebenen wirtschaftlichen und steuerlichen M\u00f6glichkeiten in Anspruch zu nehmen.<\/p>\t\t\t\t\t\t\t\t<\/div>\n\t\t\t\t<\/div>\n\t\t\t\t<div class=\"elementor-element elementor-element-efa90c4 elementor-widget elementor-widget-heading\" data-id=\"efa90c4\" data-element_type=\"widget\" data-e-type=\"widget\" data-widget_type=\"heading.default\">\n\t\t\t\t<div class=\"elementor-widget-container\">\n\t\t\t\t\t<h4 class=\"elementor-heading-title elementor-size-default\">Die Vorteile einer Offshore-Firma sind dabei sehr vielf\u00e4ltig:<\/h4>\t\t\t\t<\/div>\n\t\t\t\t<\/div>\n\t\t\t\t<div class=\"elementor-element elementor-element-87cc499 elementor-widget elementor-widget-text-editor\" data-id=\"87cc499\" data-element_type=\"widget\" data-e-type=\"widget\" data-widget_type=\"text-editor.default\">\n\t\t\t\t<div class=\"elementor-widget-container\">\n\t\t\t\t\t\t\t\t\t<p>Mit der GWS Group wird die Gr\u00fcndung von Auslandsfirmen einfach und effizient. Wir bieten umfassende Unterst\u00fctzung \u2013 von technischer und rechtlicher Beratung bis hin zu Steuerfragen \u2013 und sorgen so f\u00fcr einen reibungslosen und problemlosen Ablauf Ihrer Offshore-Firmengr\u00fcndung.<\/p>\t\t\t\t\t\t\t\t<\/div>\n\t\t\t\t<\/div>\n\t\t\t\t<div class=\"elementor-element elementor-element-711d12c elementor-widget elementor-widget-text-editor\" data-id=\"711d12c\" data-element_type=\"widget\" data-e-type=\"widget\" data-widget_type=\"text-editor.default\">\n\t\t\t\t<div class=\"elementor-widget-container\">\n\t\t\t\t\t\t\t\t\t<p>Zahlreiche erfolgreiche Offshore-Unternehmen weltweit haben bereits unsere Dienstleistungen in Anspruch genommen und langfristig davon profitiert. Dank unserer umfassenden Expertise im Bereich der internationalen Firmengr\u00fcndung bieten wir unseren Gesch\u00e4ftspartnern und Kunden weltweit kontinuierlichen technischen Support \u2013 professionell und zuverl\u00e4ssig.<\/p>\t\t\t\t\t\t\t\t<\/div>\n\t\t\t\t<\/div>\n\t\t\t\t<div class=\"elementor-element elementor-element-1051100 elementor-widget elementor-widget-text-editor\" data-id=\"1051100\" data-element_type=\"widget\" data-e-type=\"widget\" data-widget_type=\"text-editor.default\">\n\t\t\t\t<div class=\"elementor-widget-container\">\n\t\t\t\t\t\t\t\t\t<p>Wir wissen, dass die Gr\u00fcndung einer Offshore-Gesellschaft ein langwieriger und komplexer Prozess sein kann \u2013 mit vielen technischen und zeitintensiven Herausforderungen. Doch bei GWS haben wir diesen Prozess f\u00fcr Sie vereinfacht. Dank jahrelanger Erfahrung und professioneller Beratung sind wir der bevorzugte Partner, wenn Sie in kurzer Zeit ein Offshore-Unternehmen gr\u00fcnden m\u00f6chten.<\/p>\t\t\t\t\t\t\t\t<\/div>\n\t\t\t\t<\/div>\n\t\t\t\t<div class=\"elementor-element elementor-element-174af2f elementor-widget elementor-widget-heading\" data-id=\"174af2f\" data-element_type=\"widget\" data-e-type=\"widget\" data-widget_type=\"heading.default\">\n\t\t\t\t<div class=\"elementor-widget-container\">\n\t\t\t\t\t<h4 class=\"elementor-heading-title elementor-size-default\">An offshore company includes versatile advantages:<\/h4>\t\t\t\t<\/div>\n\t\t\t\t<\/div>\n\t\t\t\t<div class=\"elementor-element elementor-element-693af3f elementor-widget elementor-widget-text-editor\" data-id=\"693af3f\" data-element_type=\"widget\" data-e-type=\"widget\" data-widget_type=\"text-editor.default\">\n\t\t\t\t<div class=\"elementor-widget-container\">\n\t\t\t\t\t\t\t\t\t<ul>\n<li>Steuerliche Gestaltungsm\u00f6glichkeiten<\/li>\n<li>Vollst\u00e4ndige Steuerbefreiung oder Pauschalbesteuerung<\/li>\n<li>Vermeidung von Durchgriffshaftungen<\/li>\n<li>Gesch\u00e4ftlicher Neustart<\/li>\n<li>Verm\u00f6gensschutz<\/li>\n<li>Steuerfreie Aktienverk\u00e4ufe<\/li>\n<li>Vollste Anonymit\u00e4t<\/li>\n<li>Freie Wahl des Firmennamens<\/li>\n<li>Keine erforderlichen Bef\u00e4higungsnachweise<\/li>\n<li>Nahezu jede Gesch\u00e4ftst\u00e4tigkeit erlaubt<\/li>\n<li>Neustart bei bestehendem Gewerbeverbot<\/li>\n<li>Aufbau einer neuen Bonit\u00e4t<\/li>\n<li>Kapitalisierung und B\u00f6rsengang m\u00f6glich<\/li>\n<li>Geringe fortlaufende Kosten<\/li>\n<\/ul>\t\t\t\t\t\t\t\t<\/div>\n\t\t\t\t<\/div>\n\t\t\t\t<div class=\"elementor-element elementor-element-4eba286 elementor-widget elementor-widget-heading\" data-id=\"4eba286\" data-element_type=\"widget\" data-e-type=\"widget\" data-widget_type=\"heading.default\">\n\t\t\t\t<div class=\"elementor-widget-container\">\n\t\t\t\t\t<h4 class=\"elementor-heading-title elementor-size-default\">Zu jedem neugegr\u00fcndeten Unternehmen oder Vorratsgesellschaft erhalten Sie:<\/h4>\t\t\t\t<\/div>\n\t\t\t\t<\/div>\n\t\t\t\t<div class=\"elementor-element elementor-element-eb1b8b9 elementor-widget elementor-widget-text-editor\" data-id=\"eb1b8b9\" data-element_type=\"widget\" data-e-type=\"widget\" data-widget_type=\"text-editor.default\">\n\t\t\t\t<div class=\"elementor-widget-container\">\n\t\t\t\t\t\t\t\t\t<ul>\n<li>Gr\u00fcndungsurkunde (Certificate of Incorporation)<\/li>\n<li>Gesellschaftsvertrag (Memorandum of Association)<\/li>\n<li>Firmenstatuten (Articles of Association)<\/li>\n<li>Aktienzertifikat (Share Certificate)<\/li>\n<li>Protokoll der Gesellschafterversammlung (First Minutes of the Board)<\/li>\n<li>Beschluss zur Er\u00f6ffnung eines Bankkontos<\/li>\n<li>Stellung des Firmensitzes (Registered Office)<\/li>\n<li>Firmensiegel (Corporate Seal)<\/li>\n<\/ul>\t\t\t\t\t\t\t\t<\/div>\n\t\t\t\t<\/div>\n\t\t\t\t<div class=\"elementor-element elementor-element-0d9d915 elementor-widget elementor-widget-heading\" data-id=\"0d9d915\" data-element_type=\"widget\" data-e-type=\"widget\" data-widget_type=\"heading.default\">\n\t\t\t\t<div class=\"elementor-widget-container\">\n\t\t\t\t\t<h4 class=\"elementor-heading-title elementor-size-default\">Optionale zus\u00e4tzliche Leistungen:<\/h4>\t\t\t\t<\/div>\n\t\t\t\t<\/div>\n\t\t\t\t<div class=\"elementor-element elementor-element-d9c9da7 elementor-widget elementor-widget-text-editor\" data-id=\"d9c9da7\" data-element_type=\"widget\" data-e-type=\"widget\" data-widget_type=\"text-editor.default\">\n\t\t\t\t<div class=\"elementor-widget-container\">\n\t\t\t\t\t\t\t\t\t<ul>\n<li>Treuhandvertrag (Declaration of Trust)<\/li>\n<li>Vollmacht (Power of Attorney)<\/li>\n<li>Notarielle Beglaubigungen<\/li>\n<li>Apostille (Internationale, staatliche \u00dcberbeglaubigung)<\/li>\n<li>Bank- und Anlagekonten<\/li>\n<li>Ausz\u00fcge aus dem Firmenregister (Certificate of good standing)<\/li>\n<li>Virtual Office<\/li>\n<\/ul>\t\t\t\t\t\t\t\t<\/div>\n\t\t\t\t<\/div>\n\t\t\t\t<div class=\"elementor-element elementor-element-60e5056 elementor-icon-list--layout-traditional elementor-list-item-link-full_width elementor-widget elementor-widget-icon-list\" data-id=\"60e5056\" data-element_type=\"widget\" data-e-type=\"widget\" data-widget_type=\"icon-list.default\">\n\t\t\t\t<div class=\"elementor-widget-container\">\n\t\t\t\t\t\t\t<ul class=\"elementor-icon-list-items\">\n\t\t\t\t\t\t\t<li class=\"elementor-icon-list-item\">\n\t\t\t\t\t\t\t\t\t\t\t<a href=\"\/de\/dubai-offshore-firmengrundung\/\">\n\n\t\t\t\t\t\t\t\t\t\t\t\t<span class=\"elementor-icon-list-icon\">\n\t\t\t\t\t\t\t<svg aria-hidden=\"true\" class=\"e-font-icon-svg e-fas-arrow-alt-circle-right\" viewBox=\"0 0 512 512\" xmlns=\"http:\/\/www.w3.org\/2000\/svg\"><path d=\"M256 8c137 0 248 111 248 248S393 504 256 504 8 393 8 256 119 8 256 8zM140 300h116v70.9c0 10.7 13 16.1 20.5 8.5l114.3-114.9c4.7-4.7 4.7-12.2 0-16.9l-114.3-115c-7.6-7.6-20.5-2.2-20.5 8.5V212H140c-6.6 0-12 5.4-12 12v64c0 6.6 5.4 12 12 12z\"><\/path><\/svg>\t\t\t\t\t\t<\/span>\n\t\t\t\t\t\t\t\t\t\t<span class=\"elementor-icon-list-text\">Aufgrund der juristischen und steuerlichen Gestaltungsm\u00f6glichkeiten sowie der geringen Gr\u00fcndungskosten empfehlen wir unseren Mandanten eine Offshore-Firmengr\u00fcndung in Dubai (RAK).<\/span>\n\t\t\t\t\t\t\t\t\t\t\t<\/a>\n\t\t\t\t\t\t\t\t\t<\/li>\n\t\t\t\t\t\t<\/ul>\n\t\t\t\t\t\t<\/div>\n\t\t\t\t<\/div>\n\t\t\t\t<div class=\"elementor-element elementor-element-c5fed2f elementor-icon-list--layout-traditional elementor-list-item-link-full_width elementor-widget elementor-widget-icon-list\" data-id=\"c5fed2f\" data-element_type=\"widget\" data-e-type=\"widget\" data-widget_type=\"icon-list.default\">\n\t\t\t\t<div class=\"elementor-widget-container\">\n\t\t\t\t\t\t\t<ul class=\"elementor-icon-list-items\">\n\t\t\t\t\t\t\t<li class=\"elementor-icon-list-item\">\n\t\t\t\t\t\t\t\t\t\t\t<a href=\"\/de\/kontakt\/\">\n\n\t\t\t\t\t\t\t\t\t\t\t\t<span class=\"elementor-icon-list-icon\">\n\t\t\t\t\t\t\t<svg aria-hidden=\"true\" class=\"e-font-icon-svg e-fas-arrow-alt-circle-right\" viewBox=\"0 0 512 512\" xmlns=\"http:\/\/www.w3.org\/2000\/svg\"><path d=\"M256 8c137 0 248 111 248 248S393 504 256 504 8 393 8 256 119 8 256 8zM140 300h116v70.9c0 10.7 13 16.1 20.5 8.5l114.3-114.9c4.7-4.7 4.7-12.2 0-16.9l-114.3-115c-7.6-7.6-20.5-2.2-20.5 8.5V212H140c-6.6 0-12 5.4-12 12v64c0 6.6 5.4 12 12 12z\"><\/path><\/svg>\t\t\t\t\t\t<\/span>\n\t\t\t\t\t\t\t\t\t\t<span class=\"elementor-icon-list-text\">Ihr pers\u00f6nlicher Kundenberater ber\u00e4t Sie gerne zum Thema Firmengr\u00fcndungen<\/span>\n\t\t\t\t\t\t\t\t\t\t\t<\/a>\n\t\t\t\t\t\t\t\t\t<\/li>\n\t\t\t\t\t\t<\/ul>\n\t\t\t\t\t\t<\/div>\n\t\t\t\t<\/div>\n\t\t\t\t\t<\/div>\n\t\t\t\t<\/div>\n\t\t\t\t<\/div>\n\t\t","protected":false},"excerpt":{"rendered":"<p>Offshore Firmengr\u00fcndung Die\u00a0GWS Group\u00a0verwirklicht die Erwartungen und W\u00fcnsche von verm\u00f6genden Kunden, und gr\u00fcndet und verwaltet\u00a0Gesellschaften, Stiftungen sowie Trusts\u00a0an zahlreichen On- und Offshore-Standorten. Unsere langj\u00e4hrige Erfahrung, die fachliche Qualifikation, unsere enge Zusammenarbeit mit international f\u00fchrenden Gesch\u00e4ftsbanken und Verm\u00f6gensverwaltungen sowie unsere Kooperation mit Rechtsanw\u00e4lten, Treuh\u00e4ndern, Notaren, Steuerberatern und Wirtschaftspr\u00fcfern erm\u00f6glicht Ihnen eine rechtssichere und diskrete Gr\u00fcndung und [&hellip;]<\/p>\n","protected":false},"author":3,"featured_media":0,"parent":0,"menu_order":0,"comment_status":"closed","ping_status":"closed","template":"","meta":{"_acf_changed":false,"site-sidebar-layout":"no-sidebar","site-content-layout":"","ast-site-content-layout":"full-width-container","site-content-style":"unboxed","site-sidebar-style":"unboxed","ast-global-header-display":"","ast-banner-title-visibility":"","ast-main-header-display":"","ast-hfb-above-header-display":"","ast-hfb-below-header-display":"","ast-hfb-mobile-header-display":"","site-post-title":"disabled","ast-breadcrumbs-content":"","ast-featured-img":"","footer-sml-layout":"","theme-transparent-header-meta":"default","adv-header-id-meta":"","stick-header-meta":"","header-above-stick-meta":"","header-main-stick-meta":"","header-below-stick-meta":"","astra-migrate-meta-layouts":"set","ast-page-background-enabled":"default","ast-page-background-meta":{"desktop":{"background-color":"","background-image":"","background-repeat":"repeat","background-position":"center center","background-size":"auto","background-attachment":"scroll","background-type":"","background-media":"","overlay-type":"","overlay-color":"","overlay-opacity":"","overlay-gradient":""},"tablet":{"background-color":"","background-image":"","background-repeat":"repeat","background-position":"center center","background-size":"auto","background-attachment":"scroll","background-type":"","background-media":"","overlay-type":"","overlay-color":"","overlay-opacity":"","overlay-gradient":""},"mobile":{"background-color":"","background-image":"","background-repeat":"repeat","background-position":"center center","background-size":"auto","background-attachment":"scroll","background-type":"","background-media":"","overlay-type":"","overlay-color":"","overlay-opacity":"","overlay-gradient":""}},"ast-content-background-meta":{"desktop":{"background-color":"var(--ast-global-color-5)","background-image":"","background-repeat":"repeat","background-position":"center center","background-size":"auto","background-attachment":"scroll","background-type":"","background-media":"","overlay-type":"","overlay-color":"","overlay-opacity":"","overlay-gradient":""},"tablet":{"background-color":"var(--ast-global-color-5)","background-image":"","background-repeat":"repeat","background-position":"center center","background-size":"auto","background-attachment":"scroll","background-type":"","background-media":"","overlay-type":"","overlay-color":"","overlay-opacity":"","overlay-gradient":""},"mobile":{"background-color":"var(--ast-global-color-5)","background-image":"","background-repeat":"repeat","background-position":"center center","background-size":"auto","background-attachment":"scroll","background-type":"","background-media":"","overlay-type":"","overlay-color":"","overlay-opacity":"","overlay-gradient":""}},"footnotes":""},"class_list":["post-32","page","type-page","status-publish","hentry"],"acf":[],"_links":{"self":[{"href":"https:\/\/gws-offshore.com\/de\/wp-json\/wp\/v2\/pages\/32","targetHints":{"allow":["GET"]}}],"collection":[{"href":"https:\/\/gws-offshore.com\/de\/wp-json\/wp\/v2\/pages"}],"about":[{"href":"https:\/\/gws-offshore.com\/de\/wp-json\/wp\/v2\/types\/page"}],"author":[{"embeddable":true,"href":"https:\/\/gws-offshore.com\/de\/wp-json\/wp\/v2\/users\/3"}],"replies":[{"embeddable":true,"href":"https:\/\/gws-offshore.com\/de\/wp-json\/wp\/v2\/comments?post=32"}],"version-history":[{"count":25,"href":"https:\/\/gws-offshore.com\/de\/wp-json\/wp\/v2\/pages\/32\/revisions"}],"predecessor-version":[{"id":4913,"href":"https:\/\/gws-offshore.com\/de\/wp-json\/wp\/v2\/pages\/32\/revisions\/4913"}],"wp:attachment":[{"href":"https:\/\/gws-offshore.com\/de\/wp-json\/wp\/v2\/media?parent=32"}],"curies":[{"name":"wp","href":"https:\/\/api.w.org\/{rel}","templated":true}]}}