{"id":114,"date":"2018-11-27T16:23:32","date_gmt":"2018-11-27T16:23:32","guid":{"rendered":"http:\/\/gws-offshore.rhome.lv\/?page_id=114"},"modified":"2019-01-22T17:14:22","modified_gmt":"2019-01-22T17:14:22","slug":"erstklassige-offshore-standorte","status":"publish","type":"page","link":"https:\/\/gws-offshore.com\/de\/erstklassige-offshore-standorte\/","title":{"rendered":"Erstklassige Offshore-Standorte"},"content":{"rendered":"<h4><b>Welches Land bietet die optimale Struktur f\u00fcr meine Offshoregesellschaft oder Stiftung?<\/b><\/h4>\n<p>Diese legitime Frage stellen sich Unternehmer, wenn Sie sich mit der Ausgestaltung ihrer Gesellschaft, dem Schutz ihres Verm\u00f6gens oder der Nachfolgeplanung befassen. Es gibt weltweit zahlreiche \u201cSteueroasen\u201d und Niedrigsteuerl\u00e4nder, die sich f\u00fcr eine Firmengr\u00fcndung anbieten \u2013 einige davon eignen sich besser als andere.<\/p>\n<p>Zahlreiche L\u00e4nder und Britische \u00dcberseegebiete, wie die Cayman-Islands, Anguilla, British Virgin Islands, Gibraltar und die Kanalinseln Jersey, Guernsey und Isle of Man haben internationale Abkommen unterzeichnet, welche sich am sogennanten\u00a0<em>US-Foreign Account Tax Compliance Act (FATCA)<\/em>\u00a0orientieren und mitunter einen automatischen Informationsaustausch erm\u00f6glichen. Dieser beschr\u00e4nkt sich zwar im Regelfall ausschlie\u00dflich auf Privatkonten und nicht auf Konten von Gesellschaften oder Trusts, dennoch sind wir der Ansicht, dass diese L\u00e4nder \u2013 gerade f\u00fcr Pers\u00f6nlichkeiten mit einem hohen Anspruch an Datenschutz und Vertraulichkeit \u2013 weniger geeignet sind.<\/p>\n<h4><b>Ein idealer Offshore-Standort bietet:<\/b><\/h4>\n<ul>\n<li>Politische Stabilit\u00e4t<\/li>\n<li>Solide Reputation<\/li>\n<li>Hohen Anspruch an Datenschutz<\/li>\n<li>Unb\u00fcrokratisches Gesellschaftsrecht<\/li>\n<li>\u201cWhite listed\u201d bei der OECD<\/li>\n<li>Ausgezeichnete und anerkannte Gesetzgebung<\/li>\n<li>Attraktives Steuersystem f\u00fcr ausl\u00e4ndische Investoren<\/li>\n<li>Moderne Bank- und Finanzdienstleistungen<\/li>\n<li>Zugang zu modernsten IT- und Kommunikationsmitteln<\/li>\n<li>Leichter Zugang zu Beh\u00f6rden und Einrichtungen<\/li>\n<li>Gute Erreichbarkeit<\/li>\n<\/ul>\n<p><strong>Global Wealth Services<\/strong>\u00a0arbeitet mit Offshore-Standorten zusammen, welche zwar den internationalen Standards entsprechen, aber dennoch die wesentlichen Vorteile einer Offshoregesellschaft bieten, die unsere Mandanten erwarten.<\/p>\n<h4><b><strong>Global Wealth Services<\/strong>\u00a0bietet Offshore-Firmengr\u00fcndungen in:<\/b><\/h4>\n<ul>\n<li><a title=\"Anguilla Offshore-Firmengr\u00fcndung\">Anguilla<\/a><\/li>\n<li><a title=\"Belize Offshore-Firmengr\u00fcndung\">Belize<\/a><\/li>\n<li><a title=\"British Virgin Islands Offshore Firmengr\u00fcndung\">British Virgin Islands (BVI)<\/a><\/li>\n<li><a title=\"Dubai Offshore Firmengr\u00fcndung\">Dubai (RAK)<\/a><\/li>\n<li><a title=\"Liechtenstein Firmengr\u00fcndung\">Liechtenstein<\/a><\/li>\n<li><a title=\"Mauritius Offshore Firmengr\u00fcndung\">Mauritius<\/a><\/li>\n<li><a title=\"Panama Offshore Firmengr\u00fcndung\">Panama<\/a><\/li>\n<li><a title=\"Seychellen Offshore Firmengr\u00fcndung\">Seychellen<\/a><\/li>\n<li><a title=\"Zypern Firmengr\u00fcndung\">Zypern<\/a><\/li>\n<\/ul>\n<div>\n<div>[i-block caption=&#8220;Aufgrund der juristischen und steuerlichen Gestaltungsm\u00f6glichkeiten sowie der geringen Gr\u00fcndungskosten empfehlen wir unseren Mandanten eine\u00a0Offshore-Firmengr\u00fcndung in Belize.&#8220; url=&#8220;\/belize-offshore-company\/&#8220;]<\/div>\n<\/div>\n<div>\n<div>[i-block caption=&#8220;Ihr pers\u00f6nlicher Kundenberater ber\u00e4t Sie gerne zum Thema Firmengr\u00fcndungen&#8220; url=&#8220;\/de\/kontakt\/&#8220;]<\/div>\n<\/div>\n","protected":false},"excerpt":{"rendered":"<p>Welches Land bietet die optimale Struktur f\u00fcr meine Offshoregesellschaft oder Stiftung? Diese legitime Frage stellen sich Unternehmer, wenn Sie sich mit der Ausgestaltung ihrer Gesellschaft, dem Schutz ihres Verm\u00f6gens oder der Nachfolgeplanung befassen. Es gibt weltweit zahlreiche \u201cSteueroasen\u201d und Niedrigsteuerl\u00e4nder, die sich f\u00fcr eine Firmengr\u00fcndung anbieten \u2013 einige davon eignen sich besser als andere. Zahlreiche [&hellip;]<\/p>\n","protected":false},"author":3,"featured_media":899,"parent":0,"menu_order":0,"comment_status":"closed","ping_status":"closed","template":"","meta":{"_acf_changed":false,"site-sidebar-layout":"default","site-content-layout":"","ast-site-content-layout":"","site-content-style":"default","site-sidebar-style":"default","ast-global-header-display":"","ast-banner-title-visibility":"","ast-main-header-display":"","ast-hfb-above-header-display":"","ast-hfb-below-header-display":"","ast-hfb-mobile-header-display":"","site-post-title":"","ast-breadcrumbs-content":"","ast-featured-img":"","footer-sml-layout":"","theme-transparent-header-meta":"","adv-header-id-meta":"","stick-header-meta":"","header-above-stick-meta":"","header-main-stick-meta":"","header-below-stick-meta":"","astra-migrate-meta-layouts":"default","ast-page-background-enabled":"default","ast-page-background-meta":{"desktop":{"background-color":"","background-image":"","background-repeat":"repeat","background-position":"center center","background-size":"auto","background-attachment":"scroll","background-type":"","background-media":"","overlay-type":"","overlay-color":"","overlay-opacity":"","overlay-gradient":""},"tablet":{"background-color":"","background-image":"","background-repeat":"repeat","background-position":"center center","background-size":"auto","background-attachment":"scroll","background-type":"","background-media":"","overlay-type":"","overlay-color":"","overlay-opacity":"","overlay-gradient":""},"mobile":{"background-color":"","background-image":"","background-repeat":"repeat","background-position":"center center","background-size":"auto","background-attachment":"scroll","background-type":"","background-media":"","overlay-type":"","overlay-color":"","overlay-opacity":"","overlay-gradient":""}},"ast-content-background-meta":{"desktop":{"background-color":"var(--ast-global-color-5)","background-image":"","background-repeat":"repeat","background-position":"center center","background-size":"auto","background-attachment":"scroll","background-type":"","background-media":"","overlay-type":"","overlay-color":"","overlay-opacity":"","overlay-gradient":""},"tablet":{"background-color":"var(--ast-global-color-5)","background-image":"","background-repeat":"repeat","background-position":"center center","background-size":"auto","background-attachment":"scroll","background-type":"","background-media":"","overlay-type":"","overlay-color":"","overlay-opacity":"","overlay-gradient":""},"mobile":{"background-color":"var(--ast-global-color-5)","background-image":"","background-repeat":"repeat","background-position":"center center","background-size":"auto","background-attachment":"scroll","background-type":"","background-media":"","overlay-type":"","overlay-color":"","overlay-opacity":"","overlay-gradient":""}},"footnotes":""},"class_list":["post-114","page","type-page","status-publish","has-post-thumbnail","hentry"],"acf":[],"_links":{"self":[{"href":"https:\/\/gws-offshore.com\/de\/wp-json\/wp\/v2\/pages\/114","targetHints":{"allow":["GET"]}}],"collection":[{"href":"https:\/\/gws-offshore.com\/de\/wp-json\/wp\/v2\/pages"}],"about":[{"href":"https:\/\/gws-offshore.com\/de\/wp-json\/wp\/v2\/types\/page"}],"author":[{"embeddable":true,"href":"https:\/\/gws-offshore.com\/de\/wp-json\/wp\/v2\/users\/3"}],"replies":[{"embeddable":true,"href":"https:\/\/gws-offshore.com\/de\/wp-json\/wp\/v2\/comments?post=114"}],"version-history":[{"count":4,"href":"https:\/\/gws-offshore.com\/de\/wp-json\/wp\/v2\/pages\/114\/revisions"}],"predecessor-version":[{"id":375,"href":"https:\/\/gws-offshore.com\/de\/wp-json\/wp\/v2\/pages\/114\/revisions\/375"}],"wp:featuredmedia":[{"embeddable":true,"href":"https:\/\/gws-offshore.com\/de\/wp-json\/wp\/v2\/media\/899"}],"wp:attachment":[{"href":"https:\/\/gws-offshore.com\/de\/wp-json\/wp\/v2\/media?parent=114"}],"curies":[{"name":"wp","href":"https:\/\/api.w.org\/{rel}","templated":true}]}}