{"id":111,"date":"2018-11-27T16:22:06","date_gmt":"2018-11-27T16:22:06","guid":{"rendered":"http:\/\/gws-offshore.rhome.lv\/?page_id=111"},"modified":"2019-01-22T17:30:24","modified_gmt":"2019-01-22T17:30:24","slug":"hochste-datenschutzstandards","status":"publish","type":"page","link":"https:\/\/gws-offshore.com\/de\/hochste-datenschutzstandards\/","title":{"rendered":"H\u00f6chste Datenschutzstandards"},"content":{"rendered":"<p><strong>Global Wealth Services<\/strong>\u00a0entwickelte mehrstufige, international anerkannte Datenschutzstandards, und sichert ihren Mandanten\u00a0<strong>h\u00f6chste Diskretion und absolute Vertraulichkeit<\/strong>\u00a0zu.<\/p>\n<p>Unsere internen Sicherheitsmechanismen erlauben eine erstklassige Kundenbetreuung, ohne dass einzelne Mitarbeiter Zugang zu Ihren pers\u00f6nlichen Daten haben. Mit unserer\u00a0<strong>Private Wealth Card<\/strong>\u00a0setzen wir zudem Ma\u00dfst\u00e4be in der Datensicherheit und erm\u00f6glichen dabei eine gesetzeskonforme Kundenberatung auf h\u00f6chstem Standard.<\/p>\n<div>\n<div>[i-block caption=&#8220;Bitte informieren Sie sich hier, wie Sie Ihre Daten sch\u00fctzen k\u00f6nnen&#8220; url=&#8220;\/de\/datenschutz\/&#8220;]<\/div>\n<div>\n<div>\n<div>[i-block caption=&#8220;Ihr pers\u00f6nlicher Kundenberater ber\u00e4t Sie gerne zum Thema Datenschutz&#8220; url=&#8220;\/de\/kontakt\/&#8220;]<\/div>\n<\/div>\n<\/div>\n<\/div>\n","protected":false},"excerpt":{"rendered":"<p>Global Wealth Services\u00a0entwickelte mehrstufige, international anerkannte Datenschutzstandards, und sichert ihren Mandanten\u00a0h\u00f6chste Diskretion und absolute Vertraulichkeit\u00a0zu. Unsere internen Sicherheitsmechanismen erlauben eine erstklassige Kundenbetreuung, ohne dass einzelne Mitarbeiter Zugang zu Ihren pers\u00f6nlichen Daten haben. Mit unserer\u00a0Private Wealth Card\u00a0setzen wir zudem Ma\u00dfst\u00e4be in der Datensicherheit und erm\u00f6glichen dabei eine gesetzeskonforme Kundenberatung auf h\u00f6chstem Standard. [i-block caption=&#8220;Bitte informieren Sie [&hellip;]<\/p>\n","protected":false},"author":3,"featured_media":901,"parent":0,"menu_order":0,"comment_status":"closed","ping_status":"closed","template":"","meta":{"_acf_changed":false,"site-sidebar-layout":"default","site-content-layout":"","ast-site-content-layout":"","site-content-style":"default","site-sidebar-style":"default","ast-global-header-display":"","ast-banner-title-visibility":"","ast-main-header-display":"","ast-hfb-above-header-display":"","ast-hfb-below-header-display":"","ast-hfb-mobile-header-display":"","site-post-title":"","ast-breadcrumbs-content":"","ast-featured-img":"","footer-sml-layout":"","theme-transparent-header-meta":"","adv-header-id-meta":"","stick-header-meta":"","header-above-stick-meta":"","header-main-stick-meta":"","header-below-stick-meta":"","astra-migrate-meta-layouts":"default","ast-page-background-enabled":"default","ast-page-background-meta":{"desktop":{"background-color":"","background-image":"","background-repeat":"repeat","background-position":"center center","background-size":"auto","background-attachment":"scroll","background-type":"","background-media":"","overlay-type":"","overlay-color":"","overlay-opacity":"","overlay-gradient":""},"tablet":{"background-color":"","background-image":"","background-repeat":"repeat","background-position":"center center","background-size":"auto","background-attachment":"scroll","background-type":"","background-media":"","overlay-type":"","overlay-color":"","overlay-opacity":"","overlay-gradient":""},"mobile":{"background-color":"","background-image":"","background-repeat":"repeat","background-position":"center center","background-size":"auto","background-attachment":"scroll","background-type":"","background-media":"","overlay-type":"","overlay-color":"","overlay-opacity":"","overlay-gradient":""}},"ast-content-background-meta":{"desktop":{"background-color":"var(--ast-global-color-5)","background-image":"","background-repeat":"repeat","background-position":"center center","background-size":"auto","background-attachment":"scroll","background-type":"","background-media":"","overlay-type":"","overlay-color":"","overlay-opacity":"","overlay-gradient":""},"tablet":{"background-color":"var(--ast-global-color-5)","background-image":"","background-repeat":"repeat","background-position":"center center","background-size":"auto","background-attachment":"scroll","background-type":"","background-media":"","overlay-type":"","overlay-color":"","overlay-opacity":"","overlay-gradient":""},"mobile":{"background-color":"var(--ast-global-color-5)","background-image":"","background-repeat":"repeat","background-position":"center center","background-size":"auto","background-attachment":"scroll","background-type":"","background-media":"","overlay-type":"","overlay-color":"","overlay-opacity":"","overlay-gradient":""}},"footnotes":""},"class_list":["post-111","page","type-page","status-publish","has-post-thumbnail","hentry"],"acf":[],"_links":{"self":[{"href":"https:\/\/gws-offshore.com\/de\/wp-json\/wp\/v2\/pages\/111","targetHints":{"allow":["GET"]}}],"collection":[{"href":"https:\/\/gws-offshore.com\/de\/wp-json\/wp\/v2\/pages"}],"about":[{"href":"https:\/\/gws-offshore.com\/de\/wp-json\/wp\/v2\/types\/page"}],"author":[{"embeddable":true,"href":"https:\/\/gws-offshore.com\/de\/wp-json\/wp\/v2\/users\/3"}],"replies":[{"embeddable":true,"href":"https:\/\/gws-offshore.com\/de\/wp-json\/wp\/v2\/comments?post=111"}],"version-history":[{"count":4,"href":"https:\/\/gws-offshore.com\/de\/wp-json\/wp\/v2\/pages\/111\/revisions"}],"predecessor-version":[{"id":379,"href":"https:\/\/gws-offshore.com\/de\/wp-json\/wp\/v2\/pages\/111\/revisions\/379"}],"wp:featuredmedia":[{"embeddable":true,"href":"https:\/\/gws-offshore.com\/de\/wp-json\/wp\/v2\/media\/901"}],"wp:attachment":[{"href":"https:\/\/gws-offshore.com\/de\/wp-json\/wp\/v2\/media?parent=111"}],"curies":[{"name":"wp","href":"https:\/\/api.w.org\/{rel}","templated":true}]}}